{"id":7911,"date":"2021-06-17T18:15:57","date_gmt":"2021-06-18T01:15:57","guid":{"rendered":"https:\/\/www.sfveincenter.com\/lugares-tratamientos-de-varices-y-aranas-vasculares-en-corte-madera\/"},"modified":"2024-11-09T19:23:55","modified_gmt":"2024-11-10T03:23:55","slug":"lugares-tratamientos-de-varices-y-aranas-vasculares-en-corte-madera","status":"publish","type":"page","link":"https:\/\/www.sfveincenter.com\/es\/lugares-tratamientos-de-varices-y-aranas-vasculares-en-corte-madera\/","title":{"rendered":"Lugares &#8211; Tratamientos de varices y ara\u00f1as vasculares en Corte Madera"},"content":{"rendered":"<p>[et_pb_section fb_built=\u00bb1&#8243; admin_label=\u00bbsection\u00bb _builder_version=\u00bb4.16&#8243; global_colors_info=\u00bb{}\u00bb][et_pb_row admin_label=\u00bbrow\u00bb _builder_version=\u00bb4.16&#8243; background_size=\u00bbinitial\u00bb background_position=\u00bbtop_left\u00bb background_repeat=\u00bbrepeat\u00bb global_colors_info=\u00bb{}\u00bb][et_pb_column type=\u00bb4_4&#8243; _builder_version=\u00bb4.16&#8243; custom_padding=\u00bb|||\u00bb global_colors_info=\u00bb{}\u00bb custom_padding__hover=\u00bb|||\u00bb][et_pb_text admin_label=\u00bbText\u00bb _builder_version=\u00bb4.16&#8243; background_size=\u00bbinitial\u00bb background_position=\u00bbtop_left\u00bb background_repeat=\u00bbrepeat\u00bb global_colors_info=\u00bb{}\u00bb]<\/p>\n<h1>Opciones de tratamiento de venas varicosas y ara\u00f1as vasculares en Corte Madera<\/h1>\n<p><img decoding=\"async\" class=\"wp-image-7900 size-medium alignright\" src=\"https:\/\/www.sfveincenter.com\/wp-content\/uploads\/2021\/06\/corte-madera-legs-300x198.png\" alt=\"Cl\u00ednica Corte Madera Varices y Ara\u00f1itas\" width=\"300\" height=\"198\">Corte Madera puede ser relativamente peque\u00f1a en comparaci\u00f3n con otras ciudades cercanas en Mar\u00edn, pero esta \u00e1rea es una excelente ubicaci\u00f3n para familias y entusiastas de las actividades al aire libre. Ya sea que est\u00e9 paseando por Magnolia Ave en Larkspur o disfrutando de las compras al aire libre en<a href=\"https:\/\/www.villageatcortemadera.com\/\" target=\"_blank\" rel=\"noopener\"> The Village en Corte Madera<\/a> &#8211; quiere sentirse bien cuando est\u00e1 de pie todo el d\u00eda. Sin embargo, este tipo de actividades pueden resultar dif\u00edciles para quienes padecen varices o ara\u00f1as vasculares.<\/p>\n<p>Los residentes de Corte Madera no est\u00e1n solos en su batalla contra<a href=\"https:\/\/www.sfveincenter.com\/es\/insuficiencia-venosa\/\"> insuficiencia venosa<\/a> cu\u00e1l es la condici\u00f3n que causa<a href=\"https:\/\/www.sfveincenter.com\/es\/tratamiento-de-venas-varicosas-varices\/\"> venas varicosas<\/a> y<a href=\"https:\/\/www.sfveincenter.com\/es\/eliminacion-de-venas-vasculares-aranas\/\"> venas de ara\u00f1a<\/a> . Esta enfermedad se diagnostica en millones de personas en todo el condado, lo que genera una variedad de problemas de salud. Esta condici\u00f3n no solo lo hace sentir cohibido por sus piernas, sino que tambi\u00e9n puede da\u00f1ar su estilo de vida debido al dolor y la incomodidad.<\/p>\n<h2>Proceso para diagnosticar las venas varicosas o ara\u00f1as vasculares<\/h2>\n<p>Si est\u00e1 buscando tratar ara\u00f1as vasculares o varices, el primer paso es elegir un especialista. Algunos m\u00e9dicos o spas tratan las venas sin diagnosticar completamente la afecci\u00f3n. Si bien esto puede ayudar con los s\u00edntomas a corto plazo, las venas varicosas pueden reaparecer si no se trata la causa ra\u00edz. Es importante obtener un diagn\u00f3stico completo comenzando con un historial y un examen f\u00edsico, seguido de una ecograf\u00eda si es necesario. Es mejor consultar a un especialista que trabaje con el sistema vascular completo (arterias y venas), como un cirujano vascular.<\/p>\n<p>Durante la consulta inicial, el m\u00e9dico debe realizar un examen completo. Luego, el m\u00e9dico puede determinar un diagn\u00f3stico preciso y elaborar un plan de tratamiento personalizado. El objetivo es aliviar los s\u00edntomas y ayudarlo a minimizar el riesgo de complicaciones, como \u00falceras, hinchaz\u00f3n y decoloraci\u00f3n.<\/p>\n<h2>Tratamientos efectivos para las venas varicosas<\/h2>\n<p>No solo es importante buscar un especialista en venas, tambi\u00e9n es importante buscar un m\u00e9dico que est\u00e9 calificado para realizar todos los tratamientos posibles de las venas. Muchos m\u00e9dicos solo est\u00e1n calificados para realizar ciertos tratamientos que pueden resultar en el uso de un tratamiento menos efectivo. Por lo general, un cirujano est\u00e1 calificado para realizar la gama completa de tratamientos de venas. Los tratamientos comunes incluyen:<\/p>\n<ul>\n<li><a href=\"https:\/\/www.sfveincenter.com\/es\/tratamiento-de-venas-vasculares-escleroterapia\/\">Escleroterapia<\/a> : Peque\u00f1as inyecciones para eliminar las ara\u00f1as vasculares.<\/li>\n<li><a href=\"https:\/\/www.sfveincenter.com\/es\/endovenosa-laser-terapia-evlt\/\">Terapia con l\u00e1ser endovenoso (EVLT)<\/a> : Tratamiento m\u00ednimamente invasivo que cierra la vena enferma utilizando energ\u00eda lum\u00ednica concentrada.<\/li>\n<li><a href=\"https:\/\/www.sfveincenter.com\/es\/ablacion-por-radiofrecuencia-rfa\/\">Ablaci\u00f3n por radiofrecuencia (RFA)<\/a> : Similar a EVLT, RFA tambi\u00e9n hace que la vena enferma se cierre pero usa energ\u00eda t\u00e9rmica.<\/li>\n<li><a href=\"https:\/\/www.sfveincenter.com\/es\/venaseal-cierre\/\">Cierre VenaSeal<\/a> : Un nuevo tratamiento que utiliza un adhesivo m\u00e9dico especial para sellar la vena. Una de sus principales ventajas es que no requiere anestesia tumescente local.<\/li>\n<\/ul>\n<h2>\u00bfEs usted un buen candidato para el tratamiento de las venas varicosas?<\/h2>\n<p>Cualquiera puede programar una cita para una consulta. El seguro generalmente cubre todas las consultas y diagn\u00f3sticos. En el San Francisco Vein Center, nuestro personal ayuda en cada etapa del proceso, desde el diagn\u00f3stico hasta el tratamiento y las citas de seguimiento.<\/p>\n<p>La buena noticia es que muchos proveedores de seguros cubren el costo de las citas de diagn\u00f3stico, las ecograf\u00edas y los tratamientos de las venas varicosas. Los servicios cosm\u00e9ticos para las ara\u00f1as vasculares generalmente no est\u00e1n cubiertos por la cobertura del seguro. Nuestro personal se complace en ayudarlo a identificar los costos de su bolsillo para su pr\u00f3ximo plan de tratamiento.<\/p>\n<p>[\/et_pb_text][\/et_pb_column][\/et_pb_row][et_pb_row column_structure=\u00bb1_2,1_2&#8243; _builder_version=\u00bb4.16&#8243; global_colors_info=\u00bb{}\u00bb][et_pb_column type=\u00bb1_2&#8243; _builder_version=\u00bb4.16&#8243; global_colors_info=\u00bb{}\u00bb][et_pb_text _builder_version=\u00bb4.16&#8243; global_colors_info=\u00bb{}\u00bb]<\/p>\n<h2>\u00bfVives en Corte Madera?<\/h2>\n<p>Muchos residentes de Corte Madera buscan centros de tratamiento de venas en \u00e1reas cercanas, como San Francisco, donde hay una gran selecci\u00f3n de especialistas en venas. Programe una consulta para obtener m\u00e1s informaci\u00f3n sobre los tratamientos de ara\u00f1as vasculares y venas varicosas: 415-752-1122<\/p>\n<p>[\/et_pb_text][\/et_pb_column][et_pb_column type=\u00bb1_2&#8243; _builder_version=\u00bb4.16&#8243; global_colors_info=\u00bb{}\u00bb][et_pb_map address=\u00bb2250 Hayes St #612, San Francisco, CA 94117, USA\u00bb zoom_level=\u00bb17&#8243; address_lat=\u00bb37.773481939699&#8243; address_lng=\u00bb-122.45430619339&#8243; _builder_version=\u00bb4.16&#8243; global_colors_info=\u00bb{}\u00bb][\/et_pb_map][\/et_pb_column][\/et_pb_row][\/et_pb_section]<\/p>\n","protected":false},"excerpt":{"rendered":"<p>Opciones de tratamiento de venas varicosas y ara\u00f1as vasculares en Corte Madera Corte Madera puede ser relativamente peque\u00f1a en comparaci\u00f3n con otras ciudades cercanas en Mar\u00edn, pero esta \u00e1rea es una excelente ubicaci\u00f3n para familias y entusiastas de las actividades al aire libre. Ya sea que est\u00e9 paseando por Magnolia Ave en Larkspur o disfrutando [&hellip;]<\/p>\n","protected":false},"author":5,"featured_media":0,"parent":0,"menu_order":0,"comment_status":"closed","ping_status":"closed","template":"","meta":{"_et_pb_use_builder":"on","_et_pb_old_content":"","_et_gb_content_width":"","footnotes":"","_links_to":"","_links_to_target":""},"class_list":["post-7911","page","type-page","status-publish","hentry"],"yoast_head":"<!-- This site is optimized with the Yoast SEO Premium plugin v27.0 (Yoast SEO v27.0) - https:\/\/yoast.com\/product\/yoast-seo-premium-wordpress\/ -->\n<title>Tratamientos de ara\u00f1as vasculares y varices en Corte Madera<\/title>\n<meta name=\"description\" content=\"Corte Madera: los especialistas en venas tratan la insuficiencia venosa que es la causa de las venas varicosas y, a menudo, de las ara\u00f1as vasculares.\" \/>\n<meta name=\"robots\" content=\"index, follow, max-snippet:-1, max-image-preview:large, max-video-preview:-1\" \/>\n<link rel=\"canonical\" href=\"https:\/\/www.sfveincenter.com\/es\/lugares-tratamientos-de-varices-y-aranas-vasculares-en-corte-madera\/\" \/>\n<meta property=\"og:locale\" content=\"es_ES\" \/>\n<meta property=\"og:type\" content=\"article\" \/>\n<meta property=\"og:title\" content=\"Lugares - Tratamientos de varices y ara\u00f1as vasculares en Corte Madera\" \/>\n<meta property=\"og:description\" content=\"Corte Madera: los especialistas en venas tratan la insuficiencia venosa que es la causa de las venas varicosas y, a menudo, de las ara\u00f1as vasculares.\" \/>\n<meta property=\"og:url\" content=\"https:\/\/www.sfveincenter.com\/es\/lugares-tratamientos-de-varices-y-aranas-vasculares-en-corte-madera\/\" \/>\n<meta property=\"og:site_name\" content=\"San Francisco Vein Doctor | Varicose &amp; Spider Vein Treatment\" \/>\n<meta property=\"article:publisher\" content=\"https:\/\/www.facebook.com\/sfveincenter\" \/>\n<meta property=\"article:modified_time\" content=\"2024-11-10T03:23:55+00:00\" \/>\n<meta property=\"og:image\" content=\"https:\/\/www.sfveincenter.com\/wp-content\/uploads\/2021\/06\/corte-madera-legs.png\" \/>\n\t<meta property=\"og:image:width\" content=\"5058\" \/>\n\t<meta property=\"og:image:height\" content=\"3337\" \/>\n\t<meta property=\"og:image:type\" content=\"image\/png\" \/>\n<meta name=\"twitter:card\" content=\"summary_large_image\" \/>\n<meta name=\"twitter:site\" content=\"@sfveincenter\" \/>\n<meta name=\"twitter:label1\" content=\"Tiempo de lectura\" \/>\n\t<meta name=\"twitter:data1\" content=\"4 minutos\" \/>\n<script type=\"application\/ld+json\" class=\"yoast-schema-graph\">{\"@context\":\"https:\/\/schema.org\",\"@graph\":[{\"@type\":\"WebPage\",\"@id\":\"https:\/\/www.sfveincenter.com\/es\/lugares-tratamientos-de-varices-y-aranas-vasculares-en-corte-madera\/\",\"url\":\"https:\/\/www.sfveincenter.com\/es\/lugares-tratamientos-de-varices-y-aranas-vasculares-en-corte-madera\/\",\"name\":\"Tratamientos de ara\u00f1as vasculares y varices en Corte Madera\",\"isPartOf\":{\"@id\":\"https:\/\/www.sfveincenter.com\/es\/#website\"},\"primaryImageOfPage\":{\"@id\":\"https:\/\/www.sfveincenter.com\/es\/lugares-tratamientos-de-varices-y-aranas-vasculares-en-corte-madera\/#primaryimage\"},\"image\":{\"@id\":\"https:\/\/www.sfveincenter.com\/es\/lugares-tratamientos-de-varices-y-aranas-vasculares-en-corte-madera\/#primaryimage\"},\"thumbnailUrl\":\"https:\/\/www.sfveincenter.com\/wp-content\/uploads\/2021\/06\/corte-madera-legs-300x198.png\",\"datePublished\":\"2021-06-18T01:15:57+00:00\",\"dateModified\":\"2024-11-10T03:23:55+00:00\",\"description\":\"Corte Madera: los especialistas en venas tratan la insuficiencia venosa que es la causa de las venas varicosas y, a menudo, de las ara\u00f1as vasculares.\",\"breadcrumb\":{\"@id\":\"https:\/\/www.sfveincenter.com\/es\/lugares-tratamientos-de-varices-y-aranas-vasculares-en-corte-madera\/#breadcrumb\"},\"inLanguage\":\"es\",\"potentialAction\":[{\"@type\":\"ReadAction\",\"target\":[\"https:\/\/www.sfveincenter.com\/es\/lugares-tratamientos-de-varices-y-aranas-vasculares-en-corte-madera\/\"]}]},{\"@type\":\"ImageObject\",\"inLanguage\":\"es\",\"@id\":\"https:\/\/www.sfveincenter.com\/es\/lugares-tratamientos-de-varices-y-aranas-vasculares-en-corte-madera\/#primaryimage\",\"url\":\"https:\/\/www.sfveincenter.com\/wp-content\/uploads\/2021\/06\/corte-madera-legs-300x198.png\",\"contentUrl\":\"https:\/\/www.sfveincenter.com\/wp-content\/uploads\/2021\/06\/corte-madera-legs-300x198.png\"},{\"@type\":\"BreadcrumbList\",\"@id\":\"https:\/\/www.sfveincenter.com\/es\/lugares-tratamientos-de-varices-y-aranas-vasculares-en-corte-madera\/#breadcrumb\",\"itemListElement\":[{\"@type\":\"ListItem\",\"position\":1,\"name\":\"Home\",\"item\":\"https:\/\/www.sfveincenter.com\/es\/inicio-2\/\"},{\"@type\":\"ListItem\",\"position\":2,\"name\":\"Lugares &#8211; Tratamientos de varices y ara\u00f1as vasculares en Corte Madera\"}]},{\"@type\":\"WebSite\",\"@id\":\"https:\/\/www.sfveincenter.com\/es\/#website\",\"url\":\"https:\/\/www.sfveincenter.com\/es\/\",\"name\":\"San Francisco Vein Doctor | Varicose &amp; Spider Vein Treatment\",\"description\":\"\",\"publisher\":{\"@id\":\"https:\/\/www.sfveincenter.com\/es\/#organization\"},\"potentialAction\":[{\"@type\":\"SearchAction\",\"target\":{\"@type\":\"EntryPoint\",\"urlTemplate\":\"https:\/\/www.sfveincenter.com\/es\/?s={search_term_string}\"},\"query-input\":{\"@type\":\"PropertyValueSpecification\",\"valueRequired\":true,\"valueName\":\"search_term_string\"}}],\"inLanguage\":\"es\"},{\"@type\":\"Organization\",\"@id\":\"https:\/\/www.sfveincenter.com\/es\/#organization\",\"name\":\"San Francisco Vein Center - Melinda L Aquino MD\",\"url\":\"https:\/\/www.sfveincenter.com\/es\/\",\"logo\":{\"@type\":\"ImageObject\",\"inLanguage\":\"es\",\"@id\":\"https:\/\/www.sfveincenter.com\/es\/#\/schema\/logo\/image\/\",\"url\":\"https:\/\/www.sfveincenter.com\/wp-content\/uploads\/2021\/02\/cropped-favicon-512x512-1-1.png\",\"contentUrl\":\"https:\/\/www.sfveincenter.com\/wp-content\/uploads\/2021\/02\/cropped-favicon-512x512-1-1.png\",\"width\":512,\"height\":512,\"caption\":\"San Francisco Vein Center - Melinda L Aquino MD\"},\"image\":{\"@id\":\"https:\/\/www.sfveincenter.com\/es\/#\/schema\/logo\/image\/\"},\"sameAs\":[\"https:\/\/www.facebook.com\/sfveincenter\",\"https:\/\/x.com\/sfveincenter\",\"https:\/\/www.youtube.com\/channel\/UCH75q26Kq5lThH_Xptt8imQ\",\"https:\/\/x.com\/SFVeinCenter\"]}]}<\/script>\n<!-- \/ Yoast SEO Premium plugin. -->","yoast_head_json":{"title":"Tratamientos de ara\u00f1as vasculares y varices en Corte Madera","description":"Corte Madera: los especialistas en venas tratan la insuficiencia venosa que es la causa de las venas varicosas y, a menudo, de las ara\u00f1as vasculares.","robots":{"index":"index","follow":"follow","max-snippet":"max-snippet:-1","max-image-preview":"max-image-preview:large","max-video-preview":"max-video-preview:-1"},"canonical":"https:\/\/www.sfveincenter.com\/es\/lugares-tratamientos-de-varices-y-aranas-vasculares-en-corte-madera\/","og_locale":"es_ES","og_type":"article","og_title":"Lugares - Tratamientos de varices y ara\u00f1as vasculares en Corte Madera","og_description":"Corte Madera: los especialistas en venas tratan la insuficiencia venosa que es la causa de las venas varicosas y, a menudo, de las ara\u00f1as vasculares.","og_url":"https:\/\/www.sfveincenter.com\/es\/lugares-tratamientos-de-varices-y-aranas-vasculares-en-corte-madera\/","og_site_name":"San Francisco Vein Doctor | Varicose &amp; Spider Vein Treatment","article_publisher":"https:\/\/www.facebook.com\/sfveincenter","article_modified_time":"2024-11-10T03:23:55+00:00","og_image":[{"width":5058,"height":3337,"url":"https:\/\/www.sfveincenter.com\/wp-content\/uploads\/2021\/06\/corte-madera-legs.png","type":"image\/png"}],"twitter_card":"summary_large_image","twitter_site":"@sfveincenter","twitter_misc":{"Tiempo de lectura":"4 minutos"},"schema":{"@context":"https:\/\/schema.org","@graph":[{"@type":"WebPage","@id":"https:\/\/www.sfveincenter.com\/es\/lugares-tratamientos-de-varices-y-aranas-vasculares-en-corte-madera\/","url":"https:\/\/www.sfveincenter.com\/es\/lugares-tratamientos-de-varices-y-aranas-vasculares-en-corte-madera\/","name":"Tratamientos de ara\u00f1as vasculares y varices en Corte Madera","isPartOf":{"@id":"https:\/\/www.sfveincenter.com\/es\/#website"},"primaryImageOfPage":{"@id":"https:\/\/www.sfveincenter.com\/es\/lugares-tratamientos-de-varices-y-aranas-vasculares-en-corte-madera\/#primaryimage"},"image":{"@id":"https:\/\/www.sfveincenter.com\/es\/lugares-tratamientos-de-varices-y-aranas-vasculares-en-corte-madera\/#primaryimage"},"thumbnailUrl":"https:\/\/www.sfveincenter.com\/wp-content\/uploads\/2021\/06\/corte-madera-legs-300x198.png","datePublished":"2021-06-18T01:15:57+00:00","dateModified":"2024-11-10T03:23:55+00:00","description":"Corte Madera: los especialistas en venas tratan la insuficiencia venosa que es la causa de las venas varicosas y, a menudo, de las ara\u00f1as vasculares.","breadcrumb":{"@id":"https:\/\/www.sfveincenter.com\/es\/lugares-tratamientos-de-varices-y-aranas-vasculares-en-corte-madera\/#breadcrumb"},"inLanguage":"es","potentialAction":[{"@type":"ReadAction","target":["https:\/\/www.sfveincenter.com\/es\/lugares-tratamientos-de-varices-y-aranas-vasculares-en-corte-madera\/"]}]},{"@type":"ImageObject","inLanguage":"es","@id":"https:\/\/www.sfveincenter.com\/es\/lugares-tratamientos-de-varices-y-aranas-vasculares-en-corte-madera\/#primaryimage","url":"https:\/\/www.sfveincenter.com\/wp-content\/uploads\/2021\/06\/corte-madera-legs-300x198.png","contentUrl":"https:\/\/www.sfveincenter.com\/wp-content\/uploads\/2021\/06\/corte-madera-legs-300x198.png"},{"@type":"BreadcrumbList","@id":"https:\/\/www.sfveincenter.com\/es\/lugares-tratamientos-de-varices-y-aranas-vasculares-en-corte-madera\/#breadcrumb","itemListElement":[{"@type":"ListItem","position":1,"name":"Home","item":"https:\/\/www.sfveincenter.com\/es\/inicio-2\/"},{"@type":"ListItem","position":2,"name":"Lugares &#8211; Tratamientos de varices y ara\u00f1as vasculares en Corte Madera"}]},{"@type":"WebSite","@id":"https:\/\/www.sfveincenter.com\/es\/#website","url":"https:\/\/www.sfveincenter.com\/es\/","name":"San Francisco Vein Doctor | Varicose &amp; Spider Vein Treatment","description":"","publisher":{"@id":"https:\/\/www.sfveincenter.com\/es\/#organization"},"potentialAction":[{"@type":"SearchAction","target":{"@type":"EntryPoint","urlTemplate":"https:\/\/www.sfveincenter.com\/es\/?s={search_term_string}"},"query-input":{"@type":"PropertyValueSpecification","valueRequired":true,"valueName":"search_term_string"}}],"inLanguage":"es"},{"@type":"Organization","@id":"https:\/\/www.sfveincenter.com\/es\/#organization","name":"San Francisco Vein Center - Melinda L Aquino MD","url":"https:\/\/www.sfveincenter.com\/es\/","logo":{"@type":"ImageObject","inLanguage":"es","@id":"https:\/\/www.sfveincenter.com\/es\/#\/schema\/logo\/image\/","url":"https:\/\/www.sfveincenter.com\/wp-content\/uploads\/2021\/02\/cropped-favicon-512x512-1-1.png","contentUrl":"https:\/\/www.sfveincenter.com\/wp-content\/uploads\/2021\/02\/cropped-favicon-512x512-1-1.png","width":512,"height":512,"caption":"San Francisco Vein Center - Melinda L Aquino MD"},"image":{"@id":"https:\/\/www.sfveincenter.com\/es\/#\/schema\/logo\/image\/"},"sameAs":["https:\/\/www.facebook.com\/sfveincenter","https:\/\/x.com\/sfveincenter","https:\/\/www.youtube.com\/channel\/UCH75q26Kq5lThH_Xptt8imQ","https:\/\/x.com\/SFVeinCenter"]}]}},"_links":{"self":[{"href":"https:\/\/www.sfveincenter.com\/es\/wp-json\/wp\/v2\/pages\/7911","targetHints":{"allow":["GET"]}}],"collection":[{"href":"https:\/\/www.sfveincenter.com\/es\/wp-json\/wp\/v2\/pages"}],"about":[{"href":"https:\/\/www.sfveincenter.com\/es\/wp-json\/wp\/v2\/types\/page"}],"author":[{"embeddable":true,"href":"https:\/\/www.sfveincenter.com\/es\/wp-json\/wp\/v2\/users\/5"}],"replies":[{"embeddable":true,"href":"https:\/\/www.sfveincenter.com\/es\/wp-json\/wp\/v2\/comments?post=7911"}],"version-history":[{"count":0,"href":"https:\/\/www.sfveincenter.com\/es\/wp-json\/wp\/v2\/pages\/7911\/revisions"}],"wp:attachment":[{"href":"https:\/\/www.sfveincenter.com\/es\/wp-json\/wp\/v2\/media?parent=7911"}],"curies":[{"name":"wp","href":"https:\/\/api.w.org\/{rel}","templated":true}]}}