{"id":7561,"date":"2021-02-23T14:16:12","date_gmt":"2021-02-23T22:16:12","guid":{"rendered":"https:\/\/www.sfveincenter.com\/lugares-tratamientos-de-venas-varicosas-y-aranas-vasculares-en-mill-valley\/"},"modified":"2024-11-08T14:33:51","modified_gmt":"2024-11-08T22:33:51","slug":"lugares-tratamientos-de-venas-varicosas-y-aranas-vasculares-en-mill-valley","status":"publish","type":"page","link":"https:\/\/www.sfveincenter.com\/es\/lugares-tratamientos-de-venas-varicosas-y-aranas-vasculares-en-mill-valley\/","title":{"rendered":"Lugares: tratamientos de venas varicosas y ara\u00f1as vasculares en Mill Valley"},"content":{"rendered":"<p>[et_pb_section fb_built=\u00bb1&#8243; _builder_version=\u00bb4.16&#8243; global_colors_info=\u00bb{}\u00bb][et_pb_row _builder_version=\u00bb4.16&#8243; background_size=\u00bbinitial\u00bb background_position=\u00bbtop_left\u00bb background_repeat=\u00bbrepeat\u00bb global_colors_info=\u00bb{}\u00bb][et_pb_column type=\u00bb4_4&#8243; _builder_version=\u00bb4.16&#8243; custom_padding=\u00bb|||\u00bb global_colors_info=\u00bb{}\u00bb custom_padding__hover=\u00bb|||\u00bb][et_pb_text _builder_version=\u00bb4.16&#8243; background_size=\u00bbinitial\u00bb background_position=\u00bbtop_left\u00bb background_repeat=\u00bbrepeat\u00bb global_colors_info=\u00bb{}\u00bb]<\/p>\n<h1 style=\"text-align: center;\">Tratamiento de venas varicosas y ara\u00f1as vasculares en Mill Valley<\/h1>\n<p><img decoding=\"async\" class=\"wp-image-7539 size-medium alignright\" src=\"https:\/\/www.sfveincenter.com\/wp-content\/uploads\/2021\/02\/mill-valley-running-300x200.jpg\" alt=\"venas de ara\u00f1a del valle del molino\" width=\"300\" height=\"200\">Mill Valley es un excelente lugar para vivir. Es una peque\u00f1a ciudad cerca de San Francisco con acceso r\u00e1pido a Mt Tam, y es un gran lugar para practicar senderismo, andar en bicicleta y correr. A medida que se acercan los meses m\u00e1s c\u00e1lidos del verano, las personas activas y<a href=\"https:\/\/www.sfveincenter.com\/es\/tratamiento-de-venas-varicosas-varices\/\"> venas varicosas<\/a> o<a href=\"https:\/\/www.sfveincenter.com\/es\/eliminacion-de-venas-vasculares-aranas\/\"> venas de ara\u00f1a<\/a> buscar tratamiento. Estas venas no solo son antiest\u00e9ticas, sino que pueden causar incomodidad e incluso dolor.<\/p>\n<p>Millones de personas en los Estados Unidos se ven afectadas por una afecci\u00f3n llamada<a href=\"https:\/\/www.sfveincenter.com\/es\/insuficiencia-venosa\/\"> insuficiencia venosa<\/a> . Esta enfermedad es la causa de las venas varicosas y, a veces, puede causar ara\u00f1as vasculares. En las etapas iniciales, las ara\u00f1as vasculares pueden ser solo cosm\u00e9ticas. Pero cuando la insuficiencia venosa progresa, las venas varicosas pueden alterar su estilo de vida y dificultar el disfrute de sus actividades favoritas. Las personas activas en \u00e1reas como Mill Valley generalmente buscan tratamiento para sentirse mejor y verse mejor.<\/p>\n<h2>Alivio de las varices<\/h2>\n<p>Los nuevos tratamientos para las varices son r\u00e1pidos y eficaces. La mayor\u00eda de los procedimientos se pueden realizar en la oficina y requieren poco tiempo de inactividad, si es que lo hay. Los residentes de Mill Valley y las \u00e1reas circundantes suelen ser activos y eligen tratamientos de venas no invasivos. Incluyen<a href=\"https:\/\/www.sfveincenter.com\/es\/tratamiento-de-venas-vasculares-escleroterapia\/\"> escleroterapia<\/a> ,<a href=\"https:\/\/www.sfveincenter.com\/es\/endovenosa-laser-terapia-evlt\/\"> terapia con l\u00e1ser endovenoso (EVLT)<\/a> ,<a href=\"https:\/\/www.sfveincenter.com\/es\/venaseal-cierre\/\"> Cierre VenaSeal<\/a> ,<a href=\"https:\/\/www.sfveincenter.com\/es\/ablacion-por-radiofrecuencia-rfa\/\"> ablaci\u00f3n por radiofrecuencia (RFA)<\/a> , y m\u00e1s.<\/p>\n<h2>Elegir los tratamientos adecuados para las venas en Mill Valley<\/h2>\n<p>Aqu\u00ed hay algunas consideraciones importantes a la hora de elegir un tratamiento para las ara\u00f1as vasculares o las varices. La calidad del m\u00e9dico que elija es importante. Es por eso que algunos residentes de Mill Valley buscan en las ciudades vecinas el mejor tratamiento.<\/p>\n<ul>\n<li><strong>Experiencia del m\u00e9dico:<\/strong> Las venas varicosas pueden ser f\u00e1ciles de diagnosticar con una ecograf\u00eda. Pero es importante elegir un m\u00e9dico que se especialice en el sistema vascular. Esto es especialmente importante cuando los pacientes tienen alguna anomal\u00eda. Para obtener resultados \u00f3ptimos, elija un especialista en venas, como un cirujano vascular o un especialista que sepa m\u00e1s que solo el sistema venoso.<\/li>\n<li><strong>Elija un cirujano:<\/strong> Hay proveedores que tratan venas que no son cirujanos. Solo un cirujano puede abordar ciertas complicaciones posteriores al procedimiento. Adem\u00e1s, los profesionales que no son cirujanos tienen una caja de herramientas limitada de opciones para ofrecer. Por ejemplo, vea la diferencia entre un<a href=\"https:\/\/www.sfveincenter.com\/es\/la-diferencia-entre-un-flebologo-y-un-cirujano-vascular\/\"> cirujano vascular y fleb\u00f3logo<\/a> .<\/li>\n<li><strong>Reputaci\u00f3n cl\u00ednica:<\/strong> Independientemente del tipo de tratamiento que necesite, compruebe la reputaci\u00f3n de su m\u00e9dico. No solo debe buscar buenas rese\u00f1as en l\u00ednea, sino que tambi\u00e9n debe asegurarse de que su proveedor sea un cirujano certificado por la junta con un enfoque espec\u00edfico en las venas varicosas y ara\u00f1as vasculares.<\/li>\n<\/ul>\n<h2>Qu\u00e9 esperar: tratamiento de las venas varicosas<\/h2>\n<p>El primer paso para aliviar las varices es programar una consulta. Ofrecemos citas flexibles y registro de pacientes en l\u00ednea. Durante su visita, completamos un examen completo que puede incluir una ecograf\u00eda seguida de un diagn\u00f3stico detallado. Nuestro objetivo es asociarnos con cada paciente y encontrar el mejor plan de tratamiento. Siempre escuchamos sus necesidades y le damos suficiente tiempo para discutir las opciones disponibles.<\/p>\n<p>Casi todos los procedimientos de venas requieren poco o ning\u00fan tiempo de inactividad y se realizan en la oficina para garantizar su comodidad. Se programan seguimientos para la mayor\u00eda de los procedimientos para responder preguntas y garantizar que se complete el tratamiento con \u00e9xito.<\/p>\n<p>Pacientes que quieren recibir<a href=\"https:\/\/www.sfveincenter.com\/es\/tratamiento-de-venas-vasculares-escleroterapia\/\"> escleroterapia<\/a> (tratamiento de ara\u00f1as vasculares) puede programar sin una consulta. Consulte nuestra informaci\u00f3n sobre escleroterapia. Esto es t\u00edpicamente para pacientes que tienen experiencia con escleroterapia o saben que no tienen condiciones subyacentes como insuficiencia venosa.<\/p>\n<h2>Costos del tratamiento de venas<\/h2>\n<p>Casi todos los planes de seguro cubren visitas al consultorio, ecograf\u00edas de diagn\u00f3stico y tratamiento. Sin embargo, la escleroterapia o el tratamiento de ara\u00f1as vasculares rara vez est\u00e1n cubiertos porque generalmente se consideran un procedimiento cosm\u00e9tico. Hay algunas excepciones. Vea nuestro art\u00edculo sobre<a href=\"https:\/\/www.sfveincenter.com\/es\/seguro\/\"> cobertura del seguro<\/a> para m\u00e1s detalles.<\/p>\n<p>El seguro puede ser complicado y confuso. Los costos del tratamiento pueden variar seg\u00fan su plan de seguro. Para aquellos que necesitan ayuda para comprender sus beneficios, nuestro personal est\u00e1 bien informado y puede ayudar a responder cualquier pregunta.<\/p>\n<p>[\/et_pb_text][\/et_pb_column][\/et_pb_row][et_pb_row column_structure=\u00bb1_2,1_2&#8243; _builder_version=\u00bb4.16&#8243; global_colors_info=\u00bb{}\u00bb][et_pb_column type=\u00bb1_2&#8243; _builder_version=\u00bb4.16&#8243; global_colors_info=\u00bb{}\u00bb][et_pb_text _builder_version=\u00bb4.25.0&#8243; global_colors_info=\u00bb{}\u00bb]<\/p>\n<h2>Habla con un m\u00e9dico de venas cerca de Mill Valley<\/h2>\n<p>No hay ninguna raz\u00f3n por la que deba tolerar el dolor y la incomodidad de las venas varicosas y la fealdad de las ara\u00f1as vasculares. Si vives en Mill Valley, llama a nuestra consulta para concertar una cita: 415-752-1122.<\/p>\n<p>[\/et_pb_text][\/et_pb_column][et_pb_column type=\u00bb1_2&#8243; _builder_version=\u00bb4.16&#8243; global_colors_info=\u00bb{}\u00bb][et_pb_map address=\u00bb2250 Hayes St #612, San Francisco, CA 94117, USA\u00bb zoom_level=\u00bb17&#8243; address_lat=\u00bb37.773481939699&#8243; address_lng=\u00bb-122.45430619339&#8243; _builder_version=\u00bb4.16&#8243; global_colors_info=\u00bb{}\u00bb][\/et_pb_map][\/et_pb_column][\/et_pb_row][\/et_pb_section]<\/p>\n","protected":false},"excerpt":{"rendered":"<p>Tratamiento de venas varicosas y ara\u00f1as vasculares en Mill Valley Mill Valley es un excelente lugar para vivir. Es una peque\u00f1a ciudad cerca de San Francisco con acceso r\u00e1pido a Mt Tam, y es un gran lugar para practicar senderismo, andar en bicicleta y correr. A medida que se acercan los meses m\u00e1s c\u00e1lidos del [&hellip;]<\/p>\n","protected":false},"author":5,"featured_media":0,"parent":0,"menu_order":0,"comment_status":"closed","ping_status":"closed","template":"","meta":{"_et_pb_use_builder":"on","_et_pb_old_content":"","_et_gb_content_width":"","footnotes":"","_links_to":"","_links_to_target":""},"class_list":["post-7561","page","type-page","status-publish","hentry"],"yoast_head":"<!-- This site is optimized with the Yoast SEO Premium plugin v27.0 (Yoast SEO v27.0) - https:\/\/yoast.com\/product\/yoast-seo-premium-wordpress\/ -->\n<title>Tratamiento de ara\u00f1as vasculares y varices en Mill Valley<\/title>\n<meta name=\"description\" content=\"Tratamientos para las venas varicosas en Mill Valley | Las venas varicosas (y ara\u00f1as vasculares) no siempre son cosm\u00e9ticas. El mejor diagn\u00f3stico es la ecograf\u00eda.\" \/>\n<meta name=\"robots\" content=\"index, follow, max-snippet:-1, max-image-preview:large, max-video-preview:-1\" \/>\n<link rel=\"canonical\" href=\"https:\/\/www.sfveincenter.com\/es\/lugares-tratamientos-de-venas-varicosas-y-aranas-vasculares-en-mill-valley\/\" \/>\n<meta property=\"og:locale\" content=\"es_ES\" \/>\n<meta property=\"og:type\" content=\"article\" \/>\n<meta property=\"og:title\" content=\"Lugares: tratamientos de venas varicosas y ara\u00f1as vasculares en Mill Valley\" \/>\n<meta property=\"og:description\" content=\"Tratamientos para las venas varicosas en Mill Valley | Las venas varicosas (y ara\u00f1as vasculares) no siempre son cosm\u00e9ticas. El mejor diagn\u00f3stico es la ecograf\u00eda.\" \/>\n<meta property=\"og:url\" content=\"https:\/\/www.sfveincenter.com\/es\/lugares-tratamientos-de-venas-varicosas-y-aranas-vasculares-en-mill-valley\/\" \/>\n<meta property=\"og:site_name\" content=\"San Francisco Vein Doctor | Varicose &amp; Spider Vein Treatment\" \/>\n<meta property=\"article:publisher\" content=\"https:\/\/www.facebook.com\/sfveincenter\" \/>\n<meta property=\"article:modified_time\" content=\"2024-11-08T22:33:51+00:00\" \/>\n<meta property=\"og:image\" content=\"https:\/\/www.sfveincenter.com\/wp-content\/uploads\/2021\/02\/mill-valley-running-scaled.jpg\" \/>\n\t<meta property=\"og:image:width\" content=\"2560\" \/>\n\t<meta property=\"og:image:height\" content=\"1703\" \/>\n\t<meta property=\"og:image:type\" content=\"image\/jpeg\" \/>\n<meta name=\"twitter:card\" content=\"summary_large_image\" \/>\n<meta name=\"twitter:site\" content=\"@sfveincenter\" \/>\n<meta name=\"twitter:label1\" content=\"Tiempo de lectura\" \/>\n\t<meta name=\"twitter:data1\" content=\"5 minutos\" \/>\n<script type=\"application\/ld+json\" class=\"yoast-schema-graph\">{\"@context\":\"https:\/\/schema.org\",\"@graph\":[{\"@type\":\"WebPage\",\"@id\":\"https:\/\/www.sfveincenter.com\/es\/lugares-tratamientos-de-venas-varicosas-y-aranas-vasculares-en-mill-valley\/\",\"url\":\"https:\/\/www.sfveincenter.com\/es\/lugares-tratamientos-de-venas-varicosas-y-aranas-vasculares-en-mill-valley\/\",\"name\":\"Tratamiento de ara\u00f1as vasculares y varices en Mill Valley\",\"isPartOf\":{\"@id\":\"https:\/\/www.sfveincenter.com\/es\/#website\"},\"primaryImageOfPage\":{\"@id\":\"https:\/\/www.sfveincenter.com\/es\/lugares-tratamientos-de-venas-varicosas-y-aranas-vasculares-en-mill-valley\/#primaryimage\"},\"image\":{\"@id\":\"https:\/\/www.sfveincenter.com\/es\/lugares-tratamientos-de-venas-varicosas-y-aranas-vasculares-en-mill-valley\/#primaryimage\"},\"thumbnailUrl\":\"https:\/\/www.sfveincenter.com\/wp-content\/uploads\/2021\/02\/mill-valley-running-300x200.jpg\",\"datePublished\":\"2021-02-23T22:16:12+00:00\",\"dateModified\":\"2024-11-08T22:33:51+00:00\",\"description\":\"Tratamientos para las venas varicosas en Mill Valley | Las venas varicosas (y ara\u00f1as vasculares) no siempre son cosm\u00e9ticas. El mejor diagn\u00f3stico es la ecograf\u00eda.\",\"breadcrumb\":{\"@id\":\"https:\/\/www.sfveincenter.com\/es\/lugares-tratamientos-de-venas-varicosas-y-aranas-vasculares-en-mill-valley\/#breadcrumb\"},\"inLanguage\":\"es\",\"potentialAction\":[{\"@type\":\"ReadAction\",\"target\":[\"https:\/\/www.sfveincenter.com\/es\/lugares-tratamientos-de-venas-varicosas-y-aranas-vasculares-en-mill-valley\/\"]}]},{\"@type\":\"ImageObject\",\"inLanguage\":\"es\",\"@id\":\"https:\/\/www.sfveincenter.com\/es\/lugares-tratamientos-de-venas-varicosas-y-aranas-vasculares-en-mill-valley\/#primaryimage\",\"url\":\"https:\/\/www.sfveincenter.com\/wp-content\/uploads\/2021\/02\/mill-valley-running-300x200.jpg\",\"contentUrl\":\"https:\/\/www.sfveincenter.com\/wp-content\/uploads\/2021\/02\/mill-valley-running-300x200.jpg\"},{\"@type\":\"BreadcrumbList\",\"@id\":\"https:\/\/www.sfveincenter.com\/es\/lugares-tratamientos-de-venas-varicosas-y-aranas-vasculares-en-mill-valley\/#breadcrumb\",\"itemListElement\":[{\"@type\":\"ListItem\",\"position\":1,\"name\":\"Home\",\"item\":\"https:\/\/www.sfveincenter.com\/es\/inicio-2\/\"},{\"@type\":\"ListItem\",\"position\":2,\"name\":\"Lugares: tratamientos de venas varicosas y ara\u00f1as vasculares en Mill Valley\"}]},{\"@type\":\"WebSite\",\"@id\":\"https:\/\/www.sfveincenter.com\/es\/#website\",\"url\":\"https:\/\/www.sfveincenter.com\/es\/\",\"name\":\"San Francisco Vein Doctor | Varicose &amp; Spider Vein Treatment\",\"description\":\"\",\"publisher\":{\"@id\":\"https:\/\/www.sfveincenter.com\/es\/#organization\"},\"potentialAction\":[{\"@type\":\"SearchAction\",\"target\":{\"@type\":\"EntryPoint\",\"urlTemplate\":\"https:\/\/www.sfveincenter.com\/es\/?s={search_term_string}\"},\"query-input\":{\"@type\":\"PropertyValueSpecification\",\"valueRequired\":true,\"valueName\":\"search_term_string\"}}],\"inLanguage\":\"es\"},{\"@type\":\"Organization\",\"@id\":\"https:\/\/www.sfveincenter.com\/es\/#organization\",\"name\":\"San Francisco Vein Center - Melinda L Aquino MD\",\"url\":\"https:\/\/www.sfveincenter.com\/es\/\",\"logo\":{\"@type\":\"ImageObject\",\"inLanguage\":\"es\",\"@id\":\"https:\/\/www.sfveincenter.com\/es\/#\/schema\/logo\/image\/\",\"url\":\"https:\/\/www.sfveincenter.com\/wp-content\/uploads\/2021\/02\/cropped-favicon-512x512-1-1.png\",\"contentUrl\":\"https:\/\/www.sfveincenter.com\/wp-content\/uploads\/2021\/02\/cropped-favicon-512x512-1-1.png\",\"width\":512,\"height\":512,\"caption\":\"San Francisco Vein Center - Melinda L Aquino MD\"},\"image\":{\"@id\":\"https:\/\/www.sfveincenter.com\/es\/#\/schema\/logo\/image\/\"},\"sameAs\":[\"https:\/\/www.facebook.com\/sfveincenter\",\"https:\/\/x.com\/sfveincenter\",\"https:\/\/www.youtube.com\/channel\/UCH75q26Kq5lThH_Xptt8imQ\",\"https:\/\/x.com\/SFVeinCenter\"]}]}<\/script>\n<!-- \/ Yoast SEO Premium plugin. -->","yoast_head_json":{"title":"Tratamiento de ara\u00f1as vasculares y varices en Mill Valley","description":"Tratamientos para las venas varicosas en Mill Valley | Las venas varicosas (y ara\u00f1as vasculares) no siempre son cosm\u00e9ticas. El mejor diagn\u00f3stico es la ecograf\u00eda.","robots":{"index":"index","follow":"follow","max-snippet":"max-snippet:-1","max-image-preview":"max-image-preview:large","max-video-preview":"max-video-preview:-1"},"canonical":"https:\/\/www.sfveincenter.com\/es\/lugares-tratamientos-de-venas-varicosas-y-aranas-vasculares-en-mill-valley\/","og_locale":"es_ES","og_type":"article","og_title":"Lugares: tratamientos de venas varicosas y ara\u00f1as vasculares en Mill Valley","og_description":"Tratamientos para las venas varicosas en Mill Valley | Las venas varicosas (y ara\u00f1as vasculares) no siempre son cosm\u00e9ticas. El mejor diagn\u00f3stico es la ecograf\u00eda.","og_url":"https:\/\/www.sfveincenter.com\/es\/lugares-tratamientos-de-venas-varicosas-y-aranas-vasculares-en-mill-valley\/","og_site_name":"San Francisco Vein Doctor | Varicose &amp; Spider Vein Treatment","article_publisher":"https:\/\/www.facebook.com\/sfveincenter","article_modified_time":"2024-11-08T22:33:51+00:00","og_image":[{"width":2560,"height":1703,"url":"https:\/\/www.sfveincenter.com\/wp-content\/uploads\/2021\/02\/mill-valley-running-scaled.jpg","type":"image\/jpeg"}],"twitter_card":"summary_large_image","twitter_site":"@sfveincenter","twitter_misc":{"Tiempo de lectura":"5 minutos"},"schema":{"@context":"https:\/\/schema.org","@graph":[{"@type":"WebPage","@id":"https:\/\/www.sfveincenter.com\/es\/lugares-tratamientos-de-venas-varicosas-y-aranas-vasculares-en-mill-valley\/","url":"https:\/\/www.sfveincenter.com\/es\/lugares-tratamientos-de-venas-varicosas-y-aranas-vasculares-en-mill-valley\/","name":"Tratamiento de ara\u00f1as vasculares y varices en Mill Valley","isPartOf":{"@id":"https:\/\/www.sfveincenter.com\/es\/#website"},"primaryImageOfPage":{"@id":"https:\/\/www.sfveincenter.com\/es\/lugares-tratamientos-de-venas-varicosas-y-aranas-vasculares-en-mill-valley\/#primaryimage"},"image":{"@id":"https:\/\/www.sfveincenter.com\/es\/lugares-tratamientos-de-venas-varicosas-y-aranas-vasculares-en-mill-valley\/#primaryimage"},"thumbnailUrl":"https:\/\/www.sfveincenter.com\/wp-content\/uploads\/2021\/02\/mill-valley-running-300x200.jpg","datePublished":"2021-02-23T22:16:12+00:00","dateModified":"2024-11-08T22:33:51+00:00","description":"Tratamientos para las venas varicosas en Mill Valley | Las venas varicosas (y ara\u00f1as vasculares) no siempre son cosm\u00e9ticas. El mejor diagn\u00f3stico es la ecograf\u00eda.","breadcrumb":{"@id":"https:\/\/www.sfveincenter.com\/es\/lugares-tratamientos-de-venas-varicosas-y-aranas-vasculares-en-mill-valley\/#breadcrumb"},"inLanguage":"es","potentialAction":[{"@type":"ReadAction","target":["https:\/\/www.sfveincenter.com\/es\/lugares-tratamientos-de-venas-varicosas-y-aranas-vasculares-en-mill-valley\/"]}]},{"@type":"ImageObject","inLanguage":"es","@id":"https:\/\/www.sfveincenter.com\/es\/lugares-tratamientos-de-venas-varicosas-y-aranas-vasculares-en-mill-valley\/#primaryimage","url":"https:\/\/www.sfveincenter.com\/wp-content\/uploads\/2021\/02\/mill-valley-running-300x200.jpg","contentUrl":"https:\/\/www.sfveincenter.com\/wp-content\/uploads\/2021\/02\/mill-valley-running-300x200.jpg"},{"@type":"BreadcrumbList","@id":"https:\/\/www.sfveincenter.com\/es\/lugares-tratamientos-de-venas-varicosas-y-aranas-vasculares-en-mill-valley\/#breadcrumb","itemListElement":[{"@type":"ListItem","position":1,"name":"Home","item":"https:\/\/www.sfveincenter.com\/es\/inicio-2\/"},{"@type":"ListItem","position":2,"name":"Lugares: tratamientos de venas varicosas y ara\u00f1as vasculares en Mill Valley"}]},{"@type":"WebSite","@id":"https:\/\/www.sfveincenter.com\/es\/#website","url":"https:\/\/www.sfveincenter.com\/es\/","name":"San Francisco Vein Doctor | Varicose &amp; Spider Vein Treatment","description":"","publisher":{"@id":"https:\/\/www.sfveincenter.com\/es\/#organization"},"potentialAction":[{"@type":"SearchAction","target":{"@type":"EntryPoint","urlTemplate":"https:\/\/www.sfveincenter.com\/es\/?s={search_term_string}"},"query-input":{"@type":"PropertyValueSpecification","valueRequired":true,"valueName":"search_term_string"}}],"inLanguage":"es"},{"@type":"Organization","@id":"https:\/\/www.sfveincenter.com\/es\/#organization","name":"San Francisco Vein Center - Melinda L Aquino MD","url":"https:\/\/www.sfveincenter.com\/es\/","logo":{"@type":"ImageObject","inLanguage":"es","@id":"https:\/\/www.sfveincenter.com\/es\/#\/schema\/logo\/image\/","url":"https:\/\/www.sfveincenter.com\/wp-content\/uploads\/2021\/02\/cropped-favicon-512x512-1-1.png","contentUrl":"https:\/\/www.sfveincenter.com\/wp-content\/uploads\/2021\/02\/cropped-favicon-512x512-1-1.png","width":512,"height":512,"caption":"San Francisco Vein Center - Melinda L Aquino MD"},"image":{"@id":"https:\/\/www.sfveincenter.com\/es\/#\/schema\/logo\/image\/"},"sameAs":["https:\/\/www.facebook.com\/sfveincenter","https:\/\/x.com\/sfveincenter","https:\/\/www.youtube.com\/channel\/UCH75q26Kq5lThH_Xptt8imQ","https:\/\/x.com\/SFVeinCenter"]}]}},"_links":{"self":[{"href":"https:\/\/www.sfveincenter.com\/es\/wp-json\/wp\/v2\/pages\/7561","targetHints":{"allow":["GET"]}}],"collection":[{"href":"https:\/\/www.sfveincenter.com\/es\/wp-json\/wp\/v2\/pages"}],"about":[{"href":"https:\/\/www.sfveincenter.com\/es\/wp-json\/wp\/v2\/types\/page"}],"author":[{"embeddable":true,"href":"https:\/\/www.sfveincenter.com\/es\/wp-json\/wp\/v2\/users\/5"}],"replies":[{"embeddable":true,"href":"https:\/\/www.sfveincenter.com\/es\/wp-json\/wp\/v2\/comments?post=7561"}],"version-history":[{"count":0,"href":"https:\/\/www.sfveincenter.com\/es\/wp-json\/wp\/v2\/pages\/7561\/revisions"}],"wp:attachment":[{"href":"https:\/\/www.sfveincenter.com\/es\/wp-json\/wp\/v2\/media?parent=7561"}],"curies":[{"name":"wp","href":"https:\/\/api.w.org\/{rel}","templated":true}]}}