{"id":7133,"date":"2020-05-19T11:36:17","date_gmt":"2020-05-19T18:36:17","guid":{"rendered":"https:\/\/www.sfveincenter.com\/tratamiento-para-las-venas-varicosas-en-marin\/"},"modified":"2024-11-08T15:06:24","modified_gmt":"2024-11-08T23:06:24","slug":"tratamiento-para-las-venas-varicosas-en-marin","status":"publish","type":"page","link":"https:\/\/www.sfveincenter.com\/es\/tratamiento-para-las-venas-varicosas-en-marin\/","title":{"rendered":"Lugares: tratamientos de venas varicosas y ara\u00f1as vasculares en Marin"},"content":{"rendered":"<p>[et_pb_section fb_built=\u00bb1&#8243; _builder_version=\u00bb4.16&#8243; custom_padding=\u00bb0px|||\u00bb global_colors_info=\u00bb{}\u00bb][et_pb_row _builder_version=\u00bb4.16&#8243; background_size=\u00bbinitial\u00bb background_position=\u00bbtop_left\u00bb background_repeat=\u00bbrepeat\u00bb global_colors_info=\u00bb{}\u00bb][et_pb_column type=\u00bb4_4&#8243; _builder_version=\u00bb4.16&#8243; custom_padding=\u00bb|||\u00bb global_colors_info=\u00bb{}\u00bb custom_padding__hover=\u00bb|||\u00bb][et_pb_text admin_label=\u00bbText\u00bb _builder_version=\u00bb4.16&#8243; z_index_tablet=\u00bb500&#8243; text_text_shadow_horizontal_length_tablet=\u00bb0px\u00bb text_text_shadow_vertical_length_tablet=\u00bb0px\u00bb text_text_shadow_blur_strength_tablet=\u00bb1px\u00bb link_text_shadow_horizontal_length_tablet=\u00bb0px\u00bb link_text_shadow_vertical_length_tablet=\u00bb0px\u00bb link_text_shadow_blur_strength_tablet=\u00bb1px\u00bb ul_text_shadow_horizontal_length_tablet=\u00bb0px\u00bb ul_text_shadow_vertical_length_tablet=\u00bb0px\u00bb ul_text_shadow_blur_strength_tablet=\u00bb1px\u00bb ol_text_shadow_horizontal_length_tablet=\u00bb0px\u00bb ol_text_shadow_vertical_length_tablet=\u00bb0px\u00bb ol_text_shadow_blur_strength_tablet=\u00bb1px\u00bb quote_text_shadow_horizontal_length_tablet=\u00bb0px\u00bb quote_text_shadow_vertical_length_tablet=\u00bb0px\u00bb quote_text_shadow_blur_strength_tablet=\u00bb1px\u00bb header_text_shadow_horizontal_length_tablet=\u00bb0px\u00bb header_text_shadow_vertical_length_tablet=\u00bb0px\u00bb header_text_shadow_blur_strength_tablet=\u00bb1px\u00bb header_2_text_shadow_horizontal_length_tablet=\u00bb0px\u00bb header_2_text_shadow_vertical_length_tablet=\u00bb0px\u00bb header_2_text_shadow_blur_strength_tablet=\u00bb1px\u00bb header_3_text_shadow_horizontal_length_tablet=\u00bb0px\u00bb header_3_text_shadow_vertical_length_tablet=\u00bb0px\u00bb header_3_text_shadow_blur_strength_tablet=\u00bb1px\u00bb header_4_text_shadow_horizontal_length_tablet=\u00bb0px\u00bb header_4_text_shadow_vertical_length_tablet=\u00bb0px\u00bb header_4_text_shadow_blur_strength_tablet=\u00bb1px\u00bb header_5_text_shadow_horizontal_length_tablet=\u00bb0px\u00bb header_5_text_shadow_vertical_length_tablet=\u00bb0px\u00bb header_5_text_shadow_blur_strength_tablet=\u00bb1px\u00bb header_6_text_shadow_horizontal_length_tablet=\u00bb0px\u00bb header_6_text_shadow_vertical_length_tablet=\u00bb0px\u00bb header_6_text_shadow_blur_strength_tablet=\u00bb1px\u00bb box_shadow_horizontal_tablet=\u00bb0px\u00bb box_shadow_vertical_tablet=\u00bb0px\u00bb box_shadow_blur_tablet=\u00bb40px\u00bb box_shadow_spread_tablet=\u00bb0px\u00bb global_colors_info=\u00bb{}\u00bb]<\/p>\n<h1 style=\"text-align: center;\">Tratamientos de varices y ara\u00f1as vasculares en Marin<\/h1>\n<p><img decoding=\"async\" class=\"alignright wp-image-7118\" src=\"https:\/\/www.sfveincenter.com\/wp-content\/uploads\/2020\/05\/marin-vein-treatment-300x200.jpg\" alt=\"Tratamiento de la vena de marin\" width=\"400\" height=\"267\">Marin es una hermosa ciudad costera en California conocida por sus muchos senderos, playas y parques nacionales. Junto con las muchas actividades al aire libre y las temperaturas estacionales viene una conciencia de <a href=\"https:\/\/www.sfveincenter.com\/es\/tratamiento-de-venas-varicosas-varices\/\">las venas varicosas<\/a> y <a href=\"https:\/\/www.sfveincenter.com\/es\/eliminacion-de-venas-vasculares-aranas\/\">las ara\u00f1as.<\/a> Muchos de nuestros pacientes informan primero notando estos mientras est\u00e1n activos al aire libre.<\/p>\n<p>Debido a que la causa subyacente de las venas varicosas<a href=\"https:\/\/www.sfveincenter.com\/es\/insuficiencia-venosa\/\">(insuficiencia venosa)<\/a>afecta a m\u00e1s de 25 millones de estadounidenses, es com\u00fan ver altas tasas de pacientes en lugares como Mar\u00edn. Aunque las ara\u00f1as ara\u00f1as pueden ser molestas y da\u00f1ar la autoimagen, las venas varicosas son m\u00e1s graves. Las venas varicosas pueden causar dolor, malestar e interferir con los <a href=\"https:\/\/www.sfveincenter.com\/es\/ejercicio-varices\/\">deportes.<\/a> Tenis, senderismo, ciclismo, correr, caminar, y muchas otras actividades comunes en Marin pueden verse afectados por este trastorno venoso.<\/p>\n<p>La buena noticia es que hay muchas opciones de tratamiento disponibles. Estos incluyen terapias de ablaci\u00f3n de venas como la ablaci\u00f3n por radiofrecuencia, la terapia con l\u00e1ser endovenosa, y VenaSeal, as\u00ed como la escleroterapia para las ara\u00f1as. Solo un m\u00e9dico (e idealmente un cirujano vascular) puede determinar qu\u00e9 tratamiento es el mejor para usted.<\/p>\n<h2>Tratamientos de venas para pacientes de mar\u00edn<\/h2>\n<p>Marin recibe a varios m\u00e9dicos que tratan las venas. Incluyen varios subespecialistas como fleb\u00f3logos, cirujanos pl\u00e1sticos, radi\u00f3logos intervencionistas, cardi\u00f3logos, cirujanos vasculares e incluso a veces m\u00e9dicos de atenci\u00f3n primaria. Las venas varicosas son f\u00e1ciles de diagnosticar con una ecograf\u00eda. Sin embargo, cuando se busca tratamiento con venas, hay dos factores cr\u00edticos a buscar:<\/p>\n<p><strong>El practicante debe especializarse en el tratamiento de venas<\/strong>. Algunos m\u00e9dicos no son especialistas en venas. Debido a que la causa principal de las venas varicosas es el fracaso de las v\u00e1lvulas venosas que no se cierran correctamente, es fundamental que el m\u00e9dico que proporciona el tratamiento entienda exactamente c\u00f3mo funciona esta parte del cuerpo.<\/p>\n<p><strong>El practicante debe ser un cirujano.<\/strong> El tratamiento de las venas varicosas es r\u00e1pido (alrededor de 45-60 minutos) y se puede hacer en el consultorio de un m\u00e9dico, pero requiere una peque\u00f1a incisi\u00f3n y lo mejor es que esto sea hecho por un cirujano con licencia. Solo un cirujano puede abordar las complicaciones postoperatorias y llevar casos complejos al quir\u00f3fano si es necesario.<\/p>\n<p>Debido a estos dos factores cr\u00edticos, es posible que desee buscar fuera de la ciudad de Marin para encontrar el mejor cirujano vascular. Ubicado justo al otro lado del hermoso puente Golden Gate cerca de <a href=\"https:\/\/www.ucsf.edu\/\">UCSF<\/a> y St Marys<a href=\"https:\/\/www.dignityhealth.org\/\">(Dignity Health),<\/a>el San Francisco Vein Center le dar\u00e1 la bienvenida a nuestra c\u00e1lida y acogedora oficina. Le proporcionaremos un examen exhaustivo de su problema, escucharemos sus necesidades y confirmaremos su diagn\u00f3stico con ultrasonido si es necesario. Tambi\u00e9n tenemos oficinas en Daly City Seton Medical Center. Adem\u00e1s, nuestro personal habla <a href=\"https:\/\/www.sfveincenter.com\/es\/\">espa\u00f1ol.<\/a><\/p>\n<h2>Costo de los tratamientos de venas<\/h2>\n<p>Los pacientes de Marin pagan lo mismo que cualquier otro. Las visitas a la oficina est\u00e1n cubiertas por un seguro bajo servicios especializados y casi todos los tratamientos est\u00e1n cubiertos por el seguro. Vea nuestra lista de <a href=\"https:\/\/www.sfveincenter.com\/es\/seguro\/\">compa\u00f1\u00edas de seguros de salud<\/a> que est\u00e1n en red con nosotros. El \u00fanico otro costo para usted es su tiempo y una recuperaci\u00f3n corta. Las venas varicosas rara vez se repiten y casi todos los procedimientos se realizan en el consultorio. No hay raz\u00f3n para vivir con dolor y malestar. Cont\u00e1ctenos para solicitar una cita 415-752-1122.<\/p>\n<p>[\/et_pb_text][\/et_pb_column][\/et_pb_row][et_pb_row column_structure=\u00bb1_2,1_2&#8243; _builder_version=\u00bb4.16&#8243; saved_tabs=\u00bball\u00bb global_colors_info=\u00bb{}\u00bb][et_pb_column type=\u00bb1_2&#8243; _builder_version=\u00bb4.16&#8243; global_colors_info=\u00bb{}\u00bb][et_pb_text _builder_version=\u00bb4.16&#8243; global_colors_info=\u00bb{}\u00bb]<\/p>\n<h2>Una nota personal del doctor Aquino a los pacientes de la vena amarina<\/h2>\n<p>Marin es uno de mis lugares favoritos en el \u00e1rea de la bah\u00eda. De hecho, comenc\u00e9 mi carrera en el Hospital General Marin y soy miembro de la Sociedad M\u00e9dica San Francisco Marin. Mis hijos fueron a la escuela en Marin y jugaron en sus ligas de b\u00e9isbol. Debido a esta conexi\u00f3n, disfruto tratando a pacientes de Marin.<\/p>\n<p>[\/et_pb_text][\/et_pb_column][et_pb_column type=\u00bb1_2&#8243; _builder_version=\u00bb4.16&#8243; global_colors_info=\u00bb{}\u00bb][et_pb_map address=\u00bb2250 Hayes St #612, San Francisco, CA 94117, USA\u00bb zoom_level=\u00bb17&#8243; address_lat=\u00bb37.773481939699&#8243; address_lng=\u00bb-122.45430619339&#8243; _builder_version=\u00bb4.16&#8243; global_colors_info=\u00bb{}\u00bb][\/et_pb_map][\/et_pb_column][\/et_pb_row][\/et_pb_section]<\/p>\n","protected":false},"excerpt":{"rendered":"<p>Tratamientos de varices y ara\u00f1as vasculares en Marin Marin es una hermosa ciudad costera en California conocida por sus muchos senderos, playas y parques nacionales. Junto con las muchas actividades al aire libre y las temperaturas estacionales viene una conciencia de las venas varicosas y las ara\u00f1as. Muchos de nuestros pacientes informan primero notando estos [&hellip;]<\/p>\n","protected":false},"author":5,"featured_media":0,"parent":0,"menu_order":0,"comment_status":"closed","ping_status":"closed","template":"","meta":{"_et_pb_use_builder":"on","_et_pb_old_content":"","_et_gb_content_width":"","footnotes":"","_links_to":"","_links_to_target":""},"class_list":["post-7133","page","type-page","status-publish","hentry"],"yoast_head":"<!-- This site is optimized with the Yoast SEO Premium plugin v27.0 (Yoast SEO v27.4) - https:\/\/yoast.com\/product\/yoast-seo-premium-wordpress\/ -->\n<title>Varices ara\u00f1as vasculares s\u00edntomas diagn\u00f3stico tratamiento en Marin<\/title>\n<meta name=\"description\" content=\"Tratamientos de venas varicosas en Mar\u00edn Las venas varicosas (e incluso las ara\u00f1as) no siempre son cosm\u00e9ticas y pueden afectar el ejercicio y la movilidad.\" \/>\n<meta name=\"robots\" content=\"index, follow, max-snippet:-1, max-image-preview:large, max-video-preview:-1\" \/>\n<link rel=\"canonical\" href=\"https:\/\/www.sfveincenter.com\/es\/tratamiento-para-las-venas-varicosas-en-marin\/\" \/>\n<meta property=\"og:locale\" content=\"es_ES\" \/>\n<meta property=\"og:type\" content=\"article\" \/>\n<meta property=\"og:title\" content=\"Lugares: tratamientos de venas varicosas y ara\u00f1as vasculares en Marin\" \/>\n<meta property=\"og:description\" content=\"Tratamientos de venas varicosas en Mar\u00edn Las venas varicosas (e incluso las ara\u00f1as) no siempre son cosm\u00e9ticas y pueden afectar el ejercicio y la movilidad.\" \/>\n<meta property=\"og:url\" content=\"https:\/\/www.sfveincenter.com\/es\/tratamiento-para-las-venas-varicosas-en-marin\/\" \/>\n<meta property=\"og:site_name\" content=\"San Francisco Vein Doctor | Varicose &amp; Spider Vein Treatment\" \/>\n<meta property=\"article:publisher\" content=\"https:\/\/www.facebook.com\/sfveincenter\" \/>\n<meta property=\"article:modified_time\" content=\"2024-11-08T23:06:24+00:00\" \/>\n<meta property=\"og:image\" content=\"https:\/\/www.sfveincenter.com\/wp-content\/uploads\/2020\/05\/marin-vein-treatment.jpg\" \/>\n\t<meta property=\"og:image:width\" content=\"2500\" \/>\n\t<meta property=\"og:image:height\" content=\"1667\" \/>\n\t<meta property=\"og:image:type\" content=\"image\/jpeg\" \/>\n<meta name=\"twitter:card\" content=\"summary_large_image\" \/>\n<meta name=\"twitter:site\" content=\"@sfveincenter\" \/>\n<meta name=\"twitter:label1\" content=\"Tiempo de lectura\" \/>\n\t<meta name=\"twitter:data1\" content=\"5 minutos\" \/>\n<script type=\"application\/ld+json\" class=\"yoast-schema-graph\">{\"@context\":\"https:\\\/\\\/schema.org\",\"@graph\":[{\"@type\":\"WebPage\",\"@id\":\"https:\\\/\\\/www.sfveincenter.com\\\/es\\\/tratamiento-para-las-venas-varicosas-en-marin\\\/\",\"url\":\"https:\\\/\\\/www.sfveincenter.com\\\/es\\\/tratamiento-para-las-venas-varicosas-en-marin\\\/\",\"name\":\"Varices ara\u00f1as vasculares s\u00edntomas diagn\u00f3stico tratamiento en Marin\",\"isPartOf\":{\"@id\":\"https:\\\/\\\/www.sfveincenter.com\\\/es\\\/#website\"},\"primaryImageOfPage\":{\"@id\":\"https:\\\/\\\/www.sfveincenter.com\\\/es\\\/tratamiento-para-las-venas-varicosas-en-marin\\\/#primaryimage\"},\"image\":{\"@id\":\"https:\\\/\\\/www.sfveincenter.com\\\/es\\\/tratamiento-para-las-venas-varicosas-en-marin\\\/#primaryimage\"},\"thumbnailUrl\":\"https:\\\/\\\/www.sfveincenter.com\\\/wp-content\\\/uploads\\\/2020\\\/05\\\/marin-vein-treatment-300x200.jpg\",\"datePublished\":\"2020-05-19T18:36:17+00:00\",\"dateModified\":\"2024-11-08T23:06:24+00:00\",\"description\":\"Tratamientos de venas varicosas en Mar\u00edn Las venas varicosas (e incluso las ara\u00f1as) no siempre son cosm\u00e9ticas y pueden afectar el ejercicio y la movilidad.\",\"breadcrumb\":{\"@id\":\"https:\\\/\\\/www.sfveincenter.com\\\/es\\\/tratamiento-para-las-venas-varicosas-en-marin\\\/#breadcrumb\"},\"inLanguage\":\"es\",\"potentialAction\":[{\"@type\":\"ReadAction\",\"target\":[\"https:\\\/\\\/www.sfveincenter.com\\\/es\\\/tratamiento-para-las-venas-varicosas-en-marin\\\/\"]}]},{\"@type\":\"ImageObject\",\"inLanguage\":\"es\",\"@id\":\"https:\\\/\\\/www.sfveincenter.com\\\/es\\\/tratamiento-para-las-venas-varicosas-en-marin\\\/#primaryimage\",\"url\":\"https:\\\/\\\/www.sfveincenter.com\\\/wp-content\\\/uploads\\\/2020\\\/05\\\/marin-vein-treatment-300x200.jpg\",\"contentUrl\":\"https:\\\/\\\/www.sfveincenter.com\\\/wp-content\\\/uploads\\\/2020\\\/05\\\/marin-vein-treatment-300x200.jpg\"},{\"@type\":\"BreadcrumbList\",\"@id\":\"https:\\\/\\\/www.sfveincenter.com\\\/es\\\/tratamiento-para-las-venas-varicosas-en-marin\\\/#breadcrumb\",\"itemListElement\":[{\"@type\":\"ListItem\",\"position\":1,\"name\":\"Home\",\"item\":\"https:\\\/\\\/www.sfveincenter.com\\\/es\\\/inicio-2\\\/\"},{\"@type\":\"ListItem\",\"position\":2,\"name\":\"Lugares: tratamientos de venas varicosas y ara\u00f1as vasculares en Marin\"}]},{\"@type\":\"WebSite\",\"@id\":\"https:\\\/\\\/www.sfveincenter.com\\\/es\\\/#website\",\"url\":\"https:\\\/\\\/www.sfveincenter.com\\\/es\\\/\",\"name\":\"San Francisco Vein Doctor | Varicose &amp; Spider Vein Treatment\",\"description\":\"\",\"publisher\":{\"@id\":\"https:\\\/\\\/www.sfveincenter.com\\\/es\\\/#organization\"},\"potentialAction\":[{\"@type\":\"SearchAction\",\"target\":{\"@type\":\"EntryPoint\",\"urlTemplate\":\"https:\\\/\\\/www.sfveincenter.com\\\/es\\\/?s={search_term_string}\"},\"query-input\":{\"@type\":\"PropertyValueSpecification\",\"valueRequired\":true,\"valueName\":\"search_term_string\"}}],\"inLanguage\":\"es\"},{\"@type\":\"Organization\",\"@id\":\"https:\\\/\\\/www.sfveincenter.com\\\/es\\\/#organization\",\"name\":\"San Francisco Vein Center - Melinda L Aquino MD\",\"url\":\"https:\\\/\\\/www.sfveincenter.com\\\/es\\\/\",\"logo\":{\"@type\":\"ImageObject\",\"inLanguage\":\"es\",\"@id\":\"https:\\\/\\\/www.sfveincenter.com\\\/es\\\/#\\\/schema\\\/logo\\\/image\\\/\",\"url\":\"https:\\\/\\\/www.sfveincenter.com\\\/wp-content\\\/uploads\\\/2021\\\/02\\\/cropped-favicon-512x512-1-1.png\",\"contentUrl\":\"https:\\\/\\\/www.sfveincenter.com\\\/wp-content\\\/uploads\\\/2021\\\/02\\\/cropped-favicon-512x512-1-1.png\",\"width\":512,\"height\":512,\"caption\":\"San Francisco Vein Center - Melinda L Aquino MD\"},\"image\":{\"@id\":\"https:\\\/\\\/www.sfveincenter.com\\\/es\\\/#\\\/schema\\\/logo\\\/image\\\/\"},\"sameAs\":[\"https:\\\/\\\/www.facebook.com\\\/sfveincenter\",\"https:\\\/\\\/x.com\\\/sfveincenter\",\"https:\\\/\\\/www.youtube.com\\\/channel\\\/UCH75q26Kq5lThH_Xptt8imQ\",\"https:\\\/\\\/x.com\\\/SFVeinCenter\"]}]}<\/script>\n<!-- \/ Yoast SEO Premium plugin. -->","yoast_head_json":{"title":"Varices ara\u00f1as vasculares s\u00edntomas diagn\u00f3stico tratamiento en Marin","description":"Tratamientos de venas varicosas en Mar\u00edn Las venas varicosas (e incluso las ara\u00f1as) no siempre son cosm\u00e9ticas y pueden afectar el ejercicio y la movilidad.","robots":{"index":"index","follow":"follow","max-snippet":"max-snippet:-1","max-image-preview":"max-image-preview:large","max-video-preview":"max-video-preview:-1"},"canonical":"https:\/\/www.sfveincenter.com\/es\/tratamiento-para-las-venas-varicosas-en-marin\/","og_locale":"es_ES","og_type":"article","og_title":"Lugares: tratamientos de venas varicosas y ara\u00f1as vasculares en Marin","og_description":"Tratamientos de venas varicosas en Mar\u00edn Las venas varicosas (e incluso las ara\u00f1as) no siempre son cosm\u00e9ticas y pueden afectar el ejercicio y la movilidad.","og_url":"https:\/\/www.sfveincenter.com\/es\/tratamiento-para-las-venas-varicosas-en-marin\/","og_site_name":"San Francisco Vein Doctor | Varicose &amp; Spider Vein Treatment","article_publisher":"https:\/\/www.facebook.com\/sfveincenter","article_modified_time":"2024-11-08T23:06:24+00:00","og_image":[{"width":2500,"height":1667,"url":"https:\/\/www.sfveincenter.com\/wp-content\/uploads\/2020\/05\/marin-vein-treatment.jpg","type":"image\/jpeg"}],"twitter_card":"summary_large_image","twitter_site":"@sfveincenter","twitter_misc":{"Tiempo de lectura":"5 minutos"},"schema":{"@context":"https:\/\/schema.org","@graph":[{"@type":"WebPage","@id":"https:\/\/www.sfveincenter.com\/es\/tratamiento-para-las-venas-varicosas-en-marin\/","url":"https:\/\/www.sfveincenter.com\/es\/tratamiento-para-las-venas-varicosas-en-marin\/","name":"Varices ara\u00f1as vasculares s\u00edntomas diagn\u00f3stico tratamiento en Marin","isPartOf":{"@id":"https:\/\/www.sfveincenter.com\/es\/#website"},"primaryImageOfPage":{"@id":"https:\/\/www.sfveincenter.com\/es\/tratamiento-para-las-venas-varicosas-en-marin\/#primaryimage"},"image":{"@id":"https:\/\/www.sfveincenter.com\/es\/tratamiento-para-las-venas-varicosas-en-marin\/#primaryimage"},"thumbnailUrl":"https:\/\/www.sfveincenter.com\/wp-content\/uploads\/2020\/05\/marin-vein-treatment-300x200.jpg","datePublished":"2020-05-19T18:36:17+00:00","dateModified":"2024-11-08T23:06:24+00:00","description":"Tratamientos de venas varicosas en Mar\u00edn Las venas varicosas (e incluso las ara\u00f1as) no siempre son cosm\u00e9ticas y pueden afectar el ejercicio y la movilidad.","breadcrumb":{"@id":"https:\/\/www.sfveincenter.com\/es\/tratamiento-para-las-venas-varicosas-en-marin\/#breadcrumb"},"inLanguage":"es","potentialAction":[{"@type":"ReadAction","target":["https:\/\/www.sfveincenter.com\/es\/tratamiento-para-las-venas-varicosas-en-marin\/"]}]},{"@type":"ImageObject","inLanguage":"es","@id":"https:\/\/www.sfveincenter.com\/es\/tratamiento-para-las-venas-varicosas-en-marin\/#primaryimage","url":"https:\/\/www.sfveincenter.com\/wp-content\/uploads\/2020\/05\/marin-vein-treatment-300x200.jpg","contentUrl":"https:\/\/www.sfveincenter.com\/wp-content\/uploads\/2020\/05\/marin-vein-treatment-300x200.jpg"},{"@type":"BreadcrumbList","@id":"https:\/\/www.sfveincenter.com\/es\/tratamiento-para-las-venas-varicosas-en-marin\/#breadcrumb","itemListElement":[{"@type":"ListItem","position":1,"name":"Home","item":"https:\/\/www.sfveincenter.com\/es\/inicio-2\/"},{"@type":"ListItem","position":2,"name":"Lugares: tratamientos de venas varicosas y ara\u00f1as vasculares en Marin"}]},{"@type":"WebSite","@id":"https:\/\/www.sfveincenter.com\/es\/#website","url":"https:\/\/www.sfveincenter.com\/es\/","name":"San Francisco Vein Doctor | Varicose &amp; Spider Vein Treatment","description":"","publisher":{"@id":"https:\/\/www.sfveincenter.com\/es\/#organization"},"potentialAction":[{"@type":"SearchAction","target":{"@type":"EntryPoint","urlTemplate":"https:\/\/www.sfveincenter.com\/es\/?s={search_term_string}"},"query-input":{"@type":"PropertyValueSpecification","valueRequired":true,"valueName":"search_term_string"}}],"inLanguage":"es"},{"@type":"Organization","@id":"https:\/\/www.sfveincenter.com\/es\/#organization","name":"San Francisco Vein Center - Melinda L Aquino MD","url":"https:\/\/www.sfveincenter.com\/es\/","logo":{"@type":"ImageObject","inLanguage":"es","@id":"https:\/\/www.sfveincenter.com\/es\/#\/schema\/logo\/image\/","url":"https:\/\/www.sfveincenter.com\/wp-content\/uploads\/2021\/02\/cropped-favicon-512x512-1-1.png","contentUrl":"https:\/\/www.sfveincenter.com\/wp-content\/uploads\/2021\/02\/cropped-favicon-512x512-1-1.png","width":512,"height":512,"caption":"San Francisco Vein Center - Melinda L Aquino MD"},"image":{"@id":"https:\/\/www.sfveincenter.com\/es\/#\/schema\/logo\/image\/"},"sameAs":["https:\/\/www.facebook.com\/sfveincenter","https:\/\/x.com\/sfveincenter","https:\/\/www.youtube.com\/channel\/UCH75q26Kq5lThH_Xptt8imQ","https:\/\/x.com\/SFVeinCenter"]}]}},"_links":{"self":[{"href":"https:\/\/www.sfveincenter.com\/es\/wp-json\/wp\/v2\/pages\/7133","targetHints":{"allow":["GET"]}}],"collection":[{"href":"https:\/\/www.sfveincenter.com\/es\/wp-json\/wp\/v2\/pages"}],"about":[{"href":"https:\/\/www.sfveincenter.com\/es\/wp-json\/wp\/v2\/types\/page"}],"author":[{"embeddable":true,"href":"https:\/\/www.sfveincenter.com\/es\/wp-json\/wp\/v2\/users\/5"}],"replies":[{"embeddable":true,"href":"https:\/\/www.sfveincenter.com\/es\/wp-json\/wp\/v2\/comments?post=7133"}],"version-history":[{"count":0,"href":"https:\/\/www.sfveincenter.com\/es\/wp-json\/wp\/v2\/pages\/7133\/revisions"}],"wp:attachment":[{"href":"https:\/\/www.sfveincenter.com\/es\/wp-json\/wp\/v2\/media?parent=7133"}],"curies":[{"name":"wp","href":"https:\/\/api.w.org\/{rel}","templated":true}]}}