{"id":5368,"date":"2019-09-29T15:31:58","date_gmt":"2019-09-29T22:31:58","guid":{"rendered":"https:\/\/www.sfveincenter.com\/politica-de-privacidad-del-sitio-web\/"},"modified":"2025-09-29T10:32:03","modified_gmt":"2025-09-29T17:32:03","slug":"politica-de-privacidad-del-sitio-web","status":"publish","type":"page","link":"https:\/\/www.sfveincenter.com\/es\/politica-de-privacidad-del-sitio-web\/","title":{"rendered":"Pol\u00edtica de privacidad del sitio web"},"content":{"rendered":"<p>[et_pb_section fb_built=\u00bb1&#8243; _builder_version=\u00bb4.16&#8243; global_colors_info=\u00bb{}\u00bb][et_pb_row _builder_version=\u00bb4.16&#8243; background_size=\u00bbinitial\u00bb background_position=\u00bbtop_left\u00bb background_repeat=\u00bbrepeat\u00bb global_colors_info=\u00bb{}\u00bb][et_pb_column type=\u00bb4_4&#8243; _builder_version=\u00bb4.16&#8243; custom_padding=\u00bb|||\u00bb global_colors_info=\u00bb{}\u00bb custom_padding__hover=\u00bb|||\u00bb][et_pb_text _builder_version=\u00bb4.27.4&#8243; background_size=\u00bbinitial\u00bb background_position=\u00bbtop_left\u00bb background_repeat=\u00bbrepeat\u00bb hover_enabled=\u00bb0&#8243; global_colors_info=\u00bb{}\u00bb sticky_enabled=\u00bb0&#8243;]<\/p>\n<h1 style=\"text-align: center;\">POL\u00cdTICA DE PRIVACIDAD DEL SITIO WEB<\/h1>\n<p><strong>Resumen:<\/strong> En el Centro de Venas de San Francisco protegemos tu informaci\u00f3n personal y m\u00e9dica. Nunca vendemos tus datos, y s\u00f3lo los utilizamos para prestar servicios como programaci\u00f3n, recordatorios y comunicaciones seguras. Puedes optar por no recibir mensajes SMS en cualquier momento. Lee a continuaci\u00f3n nuestra Pol\u00edtica de privacidad completa.   <\/p>\n<p><em>Fecha de entrada en vigor: 29 de septiembre de 2019<\/em><\/p>\n<p>El San Francisco Vein Center (\u00abnosotros\u00bb, \u00abnos\u00bb o \u00abnuestro\u00bb) gestiona el sitio web <a href=\"https:\/\/www.sfveincenter.com\/es\/\">https:\/\/www.sfveincenter.com<\/a> (el \u00abServicio\u00bb). Esta p\u00e1gina explica c\u00f3mo recopilamos, utilizamos y protegemos tu informaci\u00f3n cuando utilizas nuestro Servicio. <\/p>\n<h2>Definiciones<\/h2>\n<ul>\n<li><strong>Servicio:<\/strong> El sitio web operado por el Centro de Venas de San Francisco.<\/li>\n<li><strong>Datos personales:<\/strong> Informaci\u00f3n que puede identificar a un individuo vivo (como nombre, tel\u00e9fono o correo electr\u00f3nico).<\/li>\n<li><strong>Datos de uso:<\/strong> Informaci\u00f3n recogida autom\u00e1ticamente (por ejemplo, direcci\u00f3n IP, tipo de navegador, duraci\u00f3n de la visita).<\/li>\n<li><strong>Cookies:<\/strong> Peque\u00f1os archivos almacenados en tu dispositivo para ayudar a operar y mejorar el Servicio.<\/li>\n<\/ul>\n<h2>Informaci\u00f3n que recogemos<\/h2>\n<p>Recogemos diferentes tipos de informaci\u00f3n para prestar y mejorar nuestro Servicio:<\/p>\n<ul>\n<li><strong>Datos personales:<\/strong> nombre, correo electr\u00f3nico, n\u00famero de tel\u00e9fono, direcci\u00f3n, cookies y datos de uso.<\/li>\n<li><strong>Datos de uso:<\/strong> detalles sobre c\u00f3mo se accede al sitio y c\u00f3mo se utiliza (direcci\u00f3n IP, tipo de navegador, ID del dispositivo, etc.).<\/li>\n<li><strong>Cookies y seguimiento:<\/strong> utilizadas para la funcionalidad, preferencias y seguridad del sitio.<\/li>\n<\/ul>\n<h2>Uso de datos<\/h2>\n<p>El Centro de Venas de San Francisco utiliza los datos recogidos para:<\/p>\n<ul>\n<li>Proporcionar y mantener nuestro Servicio<\/li>\n<li>Programar citas y enviar recordatorios<\/li>\n<li>Mejorar la funcionalidad y los servicios del sitio web<\/li>\n<li>Garantizar la seguridad y detectar problemas t\u00e9cnicos<\/li>\n<\/ul>\n<h2>Informaci\u00f3n m\u00f3vil<\/h2>\n<p>El Centro de Venas de San Francisco se compromete a salvaguardar la privacidad de nuestros usuarios. Queremos asegurarte que no compartimos tu informaci\u00f3n personal, m\u00f3vil o de consentimiento de mensajer\u00eda con terceros con fines de marketing o publicidad. <\/p>\n<h2>Transferencia de Datos<\/h2>\n<p>Tu informaci\u00f3n puede ser transferida y mantenida en ordenadores fuera de tu estado o pa\u00eds, donde las leyes de datos pueden diferir. Al utilizar nuestro Servicio, das tu consentimiento a dichas transferencias, y tomamos medidas razonables para mantener tus datos seguros. <\/p>\n<h2>Divulgaci\u00f3n de datos<\/h2>\n<p>Podemos revelar Datos Personales de buena fe cuando sea necesario para:<\/p>\n<ul>\n<li>Cumplir las obligaciones legales<\/li>\n<li>Proteger los derechos o la propiedad del San Francisco Vein Center<\/li>\n<li>Investigar posibles irregularidades<\/li>\n<li>Proteger la seguridad de los usuarios o del p\u00fablico<\/li>\n<li>Defi\u00e9ndete de la responsabilidad legal<\/li>\n<\/ul>\n<h2>Seguridad<\/h2>\n<p>Utilizamos m\u00e9todos comercialmente aceptables para proteger tus datos. Sin embargo, ning\u00fan m\u00e9todo de transmisi\u00f3n o almacenamiento en l\u00ednea es 100% seguro. <\/p>\n<h2>Proveedores de servicios<\/h2>\n<p>Podemos recurrir a terceros para que presten servicios en nuestro nombre (por ejemplo, an\u00e1lisis, procesamiento de pagos). S\u00f3lo acceden a tus datos para realizar tareas para nosotros y no pueden utilizarlos para otros fines. <\/p>\n<h3>Pagos<\/h3>\n<p>Si realizas pagos, tus datos de pago son procesados por proveedores externos. No almacenamos la informaci\u00f3n de las tarjetas de cr\u00e9dito. Procesador actual:  <\/p>\n<ul>\n<li><strong>Authorize.net<\/strong> &#8211; Pol\u00edtica de privacidad: <a href=\"https:\/\/www.authorize.net\/company\/privacy\/\">https:\/\/www.authorize.net\/company\/privacy\/<\/a><\/li>\n<\/ul>\n<h2>Enlaces a otros sitios<\/h2>\n<p>Nuestro Servicio puede contener enlaces a sitios externos. No somos responsables de su contenido ni de sus pr\u00e1cticas de privacidad. Por favor, revisa sus pol\u00edticas por separado.  <\/p>\n<h2>Privacidad de los ni\u00f1os<\/h2>\n<p>No recopilamos conscientemente informaci\u00f3n de menores de 18 a\u00f1os. Si crees que un menor nos ha proporcionado Datos Personales, ponte en contacto con nosotros y los eliminaremos. <\/p>\n<h2>Cambios en esta pol\u00edtica<\/h2>\n<p>Podemos actualizar esta Pol\u00edtica de Privacidad de vez en cuando. Las actualizaciones se publicar\u00e1n en esta p\u00e1gina con una fecha de entrada en vigor revisada. Por favor, compru\u00e9bala peri\u00f3dicamente.  <\/p>\n<h2>cont\u00e1ctenos<\/h2>\n<p>Si tienes preguntas sobre esta Pol\u00edtica de Privacidad, ll\u00e1manos al <strong>415-752-1122<\/strong>.<\/p>\n<p>[\/et_pb_text][\/et_pb_column][\/et_pb_row][\/et_pb_section]<\/p>\n","protected":false},"excerpt":{"rendered":"<p>POL\u00cdTICA DE PRIVACIDAD DEL SITIO WEB Resumen: En el Centro de Venas de San Francisco protegemos tu informaci\u00f3n personal y m\u00e9dica. Nunca vendemos tus datos, y s\u00f3lo los utilizamos para prestar servicios como programaci\u00f3n, recordatorios y comunicaciones seguras. Puedes optar por no recibir mensajes SMS en cualquier momento. Lee a continuaci\u00f3n nuestra Pol\u00edtica de privacidad [&hellip;]<\/p>\n","protected":false},"author":5,"featured_media":0,"parent":0,"menu_order":0,"comment_status":"closed","ping_status":"closed","template":"","meta":{"_et_pb_use_builder":"on","_et_pb_old_content":"","_et_gb_content_width":"","footnotes":"","_links_to":"","_links_to_target":""},"class_list":["post-5368","page","type-page","status-publish","hentry"],"yoast_head":"<!-- This site is optimized with the Yoast SEO Premium plugin v27.0 (Yoast SEO v27.4) - https:\/\/yoast.com\/product\/yoast-seo-premium-wordpress\/ -->\n<title>Centro de venas de San Francisco | Pol\u00edtica de privacidad del sitio web<\/title>\n<meta name=\"description\" content=\"Esta p\u00e1gina le informa de nuestras pol\u00edticas con respecto a la recopilaci\u00f3n, uso y divulgaci\u00f3n de datos personales cuando utiliza nuestro Servicio.\" \/>\n<meta name=\"robots\" content=\"index, follow, max-snippet:-1, max-image-preview:large, max-video-preview:-1\" \/>\n<link rel=\"canonical\" href=\"https:\/\/www.sfveincenter.com\/es\/politica-de-privacidad-del-sitio-web\/\" \/>\n<meta property=\"og:locale\" content=\"es_ES\" \/>\n<meta property=\"og:type\" content=\"article\" \/>\n<meta property=\"og:title\" content=\"Pol\u00edtica de privacidad del sitio web\" \/>\n<meta property=\"og:description\" content=\"Esta p\u00e1gina le informa de nuestras pol\u00edticas con respecto a la recopilaci\u00f3n, uso y divulgaci\u00f3n de datos personales cuando utiliza nuestro Servicio.\" \/>\n<meta property=\"og:url\" content=\"https:\/\/www.sfveincenter.com\/es\/politica-de-privacidad-del-sitio-web\/\" \/>\n<meta property=\"og:site_name\" content=\"San Francisco Vein Doctor | Varicose &amp; Spider Vein Treatment\" \/>\n<meta property=\"article:publisher\" content=\"https:\/\/www.facebook.com\/sfveincenter\" \/>\n<meta property=\"article:modified_time\" content=\"2025-09-29T17:32:03+00:00\" \/>\n<meta name=\"twitter:card\" content=\"summary_large_image\" \/>\n<meta name=\"twitter:site\" content=\"@sfveincenter\" \/>\n<meta name=\"twitter:label1\" content=\"Tiempo de lectura\" \/>\n\t<meta name=\"twitter:data1\" content=\"4 minutos\" \/>\n<script type=\"application\/ld+json\" class=\"yoast-schema-graph\">{\"@context\":\"https:\\\/\\\/schema.org\",\"@graph\":[{\"@type\":\"WebPage\",\"@id\":\"https:\\\/\\\/www.sfveincenter.com\\\/es\\\/politica-de-privacidad-del-sitio-web\\\/\",\"url\":\"https:\\\/\\\/www.sfveincenter.com\\\/es\\\/politica-de-privacidad-del-sitio-web\\\/\",\"name\":\"Centro de venas de San Francisco | Pol\u00edtica de privacidad del sitio web\",\"isPartOf\":{\"@id\":\"https:\\\/\\\/www.sfveincenter.com\\\/es\\\/#website\"},\"datePublished\":\"2019-09-29T22:31:58+00:00\",\"dateModified\":\"2025-09-29T17:32:03+00:00\",\"description\":\"Esta p\u00e1gina le informa de nuestras pol\u00edticas con respecto a la recopilaci\u00f3n, uso y divulgaci\u00f3n de datos personales cuando utiliza nuestro Servicio.\",\"breadcrumb\":{\"@id\":\"https:\\\/\\\/www.sfveincenter.com\\\/es\\\/politica-de-privacidad-del-sitio-web\\\/#breadcrumb\"},\"inLanguage\":\"es\",\"potentialAction\":[{\"@type\":\"ReadAction\",\"target\":[\"https:\\\/\\\/www.sfveincenter.com\\\/es\\\/politica-de-privacidad-del-sitio-web\\\/\"]}]},{\"@type\":\"BreadcrumbList\",\"@id\":\"https:\\\/\\\/www.sfveincenter.com\\\/es\\\/politica-de-privacidad-del-sitio-web\\\/#breadcrumb\",\"itemListElement\":[{\"@type\":\"ListItem\",\"position\":1,\"name\":\"Home\",\"item\":\"https:\\\/\\\/www.sfveincenter.com\\\/es\\\/inicio-2\\\/\"},{\"@type\":\"ListItem\",\"position\":2,\"name\":\"Pol\u00edtica de privacidad del sitio web\"}]},{\"@type\":\"WebSite\",\"@id\":\"https:\\\/\\\/www.sfveincenter.com\\\/es\\\/#website\",\"url\":\"https:\\\/\\\/www.sfveincenter.com\\\/es\\\/\",\"name\":\"San Francisco Vein Doctor | Varicose &amp; Spider Vein Treatment\",\"description\":\"\",\"publisher\":{\"@id\":\"https:\\\/\\\/www.sfveincenter.com\\\/es\\\/#organization\"},\"potentialAction\":[{\"@type\":\"SearchAction\",\"target\":{\"@type\":\"EntryPoint\",\"urlTemplate\":\"https:\\\/\\\/www.sfveincenter.com\\\/es\\\/?s={search_term_string}\"},\"query-input\":{\"@type\":\"PropertyValueSpecification\",\"valueRequired\":true,\"valueName\":\"search_term_string\"}}],\"inLanguage\":\"es\"},{\"@type\":\"Organization\",\"@id\":\"https:\\\/\\\/www.sfveincenter.com\\\/es\\\/#organization\",\"name\":\"San Francisco Vein Center - Melinda L Aquino MD\",\"url\":\"https:\\\/\\\/www.sfveincenter.com\\\/es\\\/\",\"logo\":{\"@type\":\"ImageObject\",\"inLanguage\":\"es\",\"@id\":\"https:\\\/\\\/www.sfveincenter.com\\\/es\\\/#\\\/schema\\\/logo\\\/image\\\/\",\"url\":\"https:\\\/\\\/www.sfveincenter.com\\\/wp-content\\\/uploads\\\/2021\\\/02\\\/cropped-favicon-512x512-1-1.png\",\"contentUrl\":\"https:\\\/\\\/www.sfveincenter.com\\\/wp-content\\\/uploads\\\/2021\\\/02\\\/cropped-favicon-512x512-1-1.png\",\"width\":512,\"height\":512,\"caption\":\"San Francisco Vein Center - Melinda L Aquino MD\"},\"image\":{\"@id\":\"https:\\\/\\\/www.sfveincenter.com\\\/es\\\/#\\\/schema\\\/logo\\\/image\\\/\"},\"sameAs\":[\"https:\\\/\\\/www.facebook.com\\\/sfveincenter\",\"https:\\\/\\\/x.com\\\/sfveincenter\",\"https:\\\/\\\/www.youtube.com\\\/channel\\\/UCH75q26Kq5lThH_Xptt8imQ\",\"https:\\\/\\\/x.com\\\/SFVeinCenter\"]}]}<\/script>\n<!-- \/ Yoast SEO Premium plugin. -->","yoast_head_json":{"title":"Centro de venas de San Francisco | Pol\u00edtica de privacidad del sitio web","description":"Esta p\u00e1gina le informa de nuestras pol\u00edticas con respecto a la recopilaci\u00f3n, uso y divulgaci\u00f3n de datos personales cuando utiliza nuestro Servicio.","robots":{"index":"index","follow":"follow","max-snippet":"max-snippet:-1","max-image-preview":"max-image-preview:large","max-video-preview":"max-video-preview:-1"},"canonical":"https:\/\/www.sfveincenter.com\/es\/politica-de-privacidad-del-sitio-web\/","og_locale":"es_ES","og_type":"article","og_title":"Pol\u00edtica de privacidad del sitio web","og_description":"Esta p\u00e1gina le informa de nuestras pol\u00edticas con respecto a la recopilaci\u00f3n, uso y divulgaci\u00f3n de datos personales cuando utiliza nuestro Servicio.","og_url":"https:\/\/www.sfveincenter.com\/es\/politica-de-privacidad-del-sitio-web\/","og_site_name":"San Francisco Vein Doctor | Varicose &amp; Spider Vein Treatment","article_publisher":"https:\/\/www.facebook.com\/sfveincenter","article_modified_time":"2025-09-29T17:32:03+00:00","twitter_card":"summary_large_image","twitter_site":"@sfveincenter","twitter_misc":{"Tiempo de lectura":"4 minutos"},"schema":{"@context":"https:\/\/schema.org","@graph":[{"@type":"WebPage","@id":"https:\/\/www.sfveincenter.com\/es\/politica-de-privacidad-del-sitio-web\/","url":"https:\/\/www.sfveincenter.com\/es\/politica-de-privacidad-del-sitio-web\/","name":"Centro de venas de San Francisco | Pol\u00edtica de privacidad del sitio web","isPartOf":{"@id":"https:\/\/www.sfveincenter.com\/es\/#website"},"datePublished":"2019-09-29T22:31:58+00:00","dateModified":"2025-09-29T17:32:03+00:00","description":"Esta p\u00e1gina le informa de nuestras pol\u00edticas con respecto a la recopilaci\u00f3n, uso y divulgaci\u00f3n de datos personales cuando utiliza nuestro Servicio.","breadcrumb":{"@id":"https:\/\/www.sfveincenter.com\/es\/politica-de-privacidad-del-sitio-web\/#breadcrumb"},"inLanguage":"es","potentialAction":[{"@type":"ReadAction","target":["https:\/\/www.sfveincenter.com\/es\/politica-de-privacidad-del-sitio-web\/"]}]},{"@type":"BreadcrumbList","@id":"https:\/\/www.sfveincenter.com\/es\/politica-de-privacidad-del-sitio-web\/#breadcrumb","itemListElement":[{"@type":"ListItem","position":1,"name":"Home","item":"https:\/\/www.sfveincenter.com\/es\/inicio-2\/"},{"@type":"ListItem","position":2,"name":"Pol\u00edtica de privacidad del sitio web"}]},{"@type":"WebSite","@id":"https:\/\/www.sfveincenter.com\/es\/#website","url":"https:\/\/www.sfveincenter.com\/es\/","name":"San Francisco Vein Doctor | Varicose &amp; Spider Vein Treatment","description":"","publisher":{"@id":"https:\/\/www.sfveincenter.com\/es\/#organization"},"potentialAction":[{"@type":"SearchAction","target":{"@type":"EntryPoint","urlTemplate":"https:\/\/www.sfveincenter.com\/es\/?s={search_term_string}"},"query-input":{"@type":"PropertyValueSpecification","valueRequired":true,"valueName":"search_term_string"}}],"inLanguage":"es"},{"@type":"Organization","@id":"https:\/\/www.sfveincenter.com\/es\/#organization","name":"San Francisco Vein Center - Melinda L Aquino MD","url":"https:\/\/www.sfveincenter.com\/es\/","logo":{"@type":"ImageObject","inLanguage":"es","@id":"https:\/\/www.sfveincenter.com\/es\/#\/schema\/logo\/image\/","url":"https:\/\/www.sfveincenter.com\/wp-content\/uploads\/2021\/02\/cropped-favicon-512x512-1-1.png","contentUrl":"https:\/\/www.sfveincenter.com\/wp-content\/uploads\/2021\/02\/cropped-favicon-512x512-1-1.png","width":512,"height":512,"caption":"San Francisco Vein Center - Melinda L Aquino MD"},"image":{"@id":"https:\/\/www.sfveincenter.com\/es\/#\/schema\/logo\/image\/"},"sameAs":["https:\/\/www.facebook.com\/sfveincenter","https:\/\/x.com\/sfveincenter","https:\/\/www.youtube.com\/channel\/UCH75q26Kq5lThH_Xptt8imQ","https:\/\/x.com\/SFVeinCenter"]}]}},"_links":{"self":[{"href":"https:\/\/www.sfveincenter.com\/es\/wp-json\/wp\/v2\/pages\/5368","targetHints":{"allow":["GET"]}}],"collection":[{"href":"https:\/\/www.sfveincenter.com\/es\/wp-json\/wp\/v2\/pages"}],"about":[{"href":"https:\/\/www.sfveincenter.com\/es\/wp-json\/wp\/v2\/types\/page"}],"author":[{"embeddable":true,"href":"https:\/\/www.sfveincenter.com\/es\/wp-json\/wp\/v2\/users\/5"}],"replies":[{"embeddable":true,"href":"https:\/\/www.sfveincenter.com\/es\/wp-json\/wp\/v2\/comments?post=5368"}],"version-history":[{"count":0,"href":"https:\/\/www.sfveincenter.com\/es\/wp-json\/wp\/v2\/pages\/5368\/revisions"}],"wp:attachment":[{"href":"https:\/\/www.sfveincenter.com\/es\/wp-json\/wp\/v2\/media?parent=5368"}],"curies":[{"name":"wp","href":"https:\/\/api.w.org\/{rel}","templated":true}]}}