{"id":3745,"date":"2018-12-13T15:51:22","date_gmt":"2018-12-13T22:51:22","guid":{"rendered":"http:\/\/54.70.23.198\/daly-city\/"},"modified":"2025-01-29T15:42:59","modified_gmt":"2025-01-29T23:42:59","slug":"daly-city","status":"publish","type":"page","link":"https:\/\/www.sfveincenter.com\/es\/daly-city\/","title":{"rendered":"Contactenos en Daly City"},"content":{"rendered":"<p>[et_pb_section fb_built=\u00bb1&#8243; _builder_version=\u00bb4.16&#8243; global_colors_info=\u00bb{}\u00bb][et_pb_row _builder_version=\u00bb4.16&#8243; custom_padding=\u00bb0px||0px|\u00bb global_colors_info=\u00bb{}\u00bb][et_pb_column type=\u00bb4_4&#8243; _builder_version=\u00bb4.16&#8243; custom_padding=\u00bb|||\u00bb global_colors_info=\u00bb{}\u00bb custom_padding__hover=\u00bb|||\u00bb][et_pb_text _builder_version=\u00bb4.17.4&#8243; global_colors_info=\u00bb{}\u00bb]<\/p>\n<h1 style=\"text-align: center;\">Cont\u00e1ctenos en Daly City, San Mateo<\/h1>\n<p>Para <a href=\"https:\/\/www.sfveincenter.com\/es\/solicitud-de-cita\/\">programar una cita<\/a> o si tiene preguntas o preocupaciones acerca de <a href=\"https:\/\/www.sfveincenter.com\/es\/\">las venas varicosas<\/a>, <a href=\"https:\/\/www.sfveincenter.com\/es\/eliminacion-de-venas-vasculares-aranas\/\">ara\u00f1as vasculares<\/a>, enfermedades vasculares o condiciones arteriales, ll\u00e1menos. Nuestro personal de la oficina de Daly City contesta a las llamadas en directo y responde a las consultas y a los mensajes de voz con la mayor rapidez posible.<\/p>\n<p>Nuestra oficina de Daly City tiene estacionamiento gratuito conveniente y acceso r\u00e1pido de la autopista 280 y 101. Tambi\u00e9n puede visitar utilizando el servicio de transporte gratuito de Seton shuttle desde Muni, Bart, o SamTrans. El Centro M\u00e9dico Seton forma parte del sistema <a href=\"https:\/\/setonmedicalcenter.com\/\" target=\"_blank\" rel=\"noopener\">AHMC Healthcare<\/a>.<\/p>\n<p>[\/et_pb_text][\/et_pb_column][\/et_pb_row][et_pb_row column_structure=\u00bb1_3,1_3,1_3&#8243; _builder_version=\u00bb4.16&#8243; background_size=\u00bbinitial\u00bb background_position=\u00bbtop_left\u00bb background_repeat=\u00bbrepeat\u00bb global_colors_info=\u00bb{}\u00bb][et_pb_column type=\u00bb1_3&#8243; _builder_version=\u00bb4.16&#8243; custom_padding=\u00bb|||\u00bb global_colors_info=\u00bb{}\u00bb custom_padding__hover=\u00bb|||\u00bb][et_pb_text _builder_version=\u00bb4.22.1&#8243; z_index_tablet=\u00bb500&#8243; text_text_shadow_horizontal_length_tablet=\u00bb0px\u00bb text_text_shadow_vertical_length_tablet=\u00bb0px\u00bb text_text_shadow_blur_strength_tablet=\u00bb1px\u00bb link_text_shadow_horizontal_length_tablet=\u00bb0px\u00bb link_text_shadow_vertical_length_tablet=\u00bb0px\u00bb link_text_shadow_blur_strength_tablet=\u00bb1px\u00bb ul_text_shadow_horizontal_length_tablet=\u00bb0px\u00bb ul_text_shadow_vertical_length_tablet=\u00bb0px\u00bb ul_text_shadow_blur_strength_tablet=\u00bb1px\u00bb ol_text_shadow_horizontal_length_tablet=\u00bb0px\u00bb ol_text_shadow_vertical_length_tablet=\u00bb0px\u00bb ol_text_shadow_blur_strength_tablet=\u00bb1px\u00bb quote_text_shadow_horizontal_length_tablet=\u00bb0px\u00bb quote_text_shadow_vertical_length_tablet=\u00bb0px\u00bb quote_text_shadow_blur_strength_tablet=\u00bb1px\u00bb header_text_shadow_horizontal_length_tablet=\u00bb0px\u00bb header_text_shadow_vertical_length_tablet=\u00bb0px\u00bb header_text_shadow_blur_strength_tablet=\u00bb1px\u00bb header_2_text_shadow_horizontal_length_tablet=\u00bb0px\u00bb header_2_text_shadow_vertical_length_tablet=\u00bb0px\u00bb header_2_text_shadow_blur_strength_tablet=\u00bb1px\u00bb header_3_text_shadow_horizontal_length_tablet=\u00bb0px\u00bb header_3_text_shadow_vertical_length_tablet=\u00bb0px\u00bb header_3_text_shadow_blur_strength_tablet=\u00bb1px\u00bb header_4_text_shadow_horizontal_length_tablet=\u00bb0px\u00bb header_4_text_shadow_vertical_length_tablet=\u00bb0px\u00bb header_4_text_shadow_blur_strength_tablet=\u00bb1px\u00bb header_5_text_shadow_horizontal_length_tablet=\u00bb0px\u00bb header_5_text_shadow_vertical_length_tablet=\u00bb0px\u00bb header_5_text_shadow_blur_strength_tablet=\u00bb1px\u00bb header_6_text_shadow_horizontal_length_tablet=\u00bb0px\u00bb header_6_text_shadow_vertical_length_tablet=\u00bb0px\u00bb header_6_text_shadow_blur_strength_tablet=\u00bb1px\u00bb box_shadow_horizontal_tablet=\u00bb0px\u00bb box_shadow_vertical_tablet=\u00bb0px\u00bb box_shadow_blur_tablet=\u00bb40px\u00bb box_shadow_spread_tablet=\u00bb0px\u00bb global_colors_info=\u00bb{}\u00bb]<\/p>\n<p>Tel: 650-991-1122 Fax: 415-744-1199<\/p>\n<p>Centro M\u00e9dico Seton<br \/>1850 Sullivan Ave, Suite 300<br \/>Daly City CA 94015<\/p>\n<p>Lunes &#8211; Viernes<br \/>9AM &#8211; 5PM Pac\u00edfico<\/p>\n<p>[\/et_pb_text][\/et_pb_column][et_pb_column type=\u00bb1_3&#8243; _builder_version=\u00bb4.16&#8243; custom_padding=\u00bb|||\u00bb global_colors_info=\u00bb{}\u00bb custom_padding__hover=\u00bb|||\u00bb][et_pb_image src=\u00bbhttps:\/\/www.sfveincenter.com\/wp-content\/uploads\/2018\/12\/1850-sullivan-ave.jpg\u00bb alt=\u00bbSan Francisco\u00bb align_tablet=\u00bbcenter\u00bb align_phone=\u00bb\u00bb align_last_edited=\u00bbon|desktop\u00bb _builder_version=\u00bb4.16&#8243; global_colors_info=\u00bb{}\u00bb][\/et_pb_image][\/et_pb_column][et_pb_column type=\u00bb1_3&#8243; _builder_version=\u00bb4.16&#8243; custom_padding=\u00bb|||\u00bb global_colors_info=\u00bb{}\u00bb custom_padding__hover=\u00bb|||\u00bb][et_pb_map address=\u00bb1850 Sullivan Ave #300, Daly City, CA 94015, USA\u00bb zoom_level=\u00bb16&#8243; address_lat=\u00bb37.68104812271569&#8243; address_lng=\u00bb-122.47392037618442&#8243; _builder_version=\u00bb4.16&#8243; link_option_url=\u00bbhttps:\/\/goo.gl\/maps\/CTuscYft7v72&#8243; link_option_url_new_window=\u00bbon\u00bb global_colors_info=\u00bb{}\u00bb][et_pb_map_pin pin_address=\u00bb1850 Sullivan Ave, Daly City, CA 94015, USA\u00bb pin_address_lat=\u00bb37.681255623126944&#8243; pin_address_lng=\u00bb-122.47414925714725&#8243; _builder_version=\u00bb3.19.6&#8243; global_colors_info=\u00bb{}\u00bb][\/et_pb_map_pin][\/et_pb_map][\/et_pb_column][\/et_pb_row][\/et_pb_section]<\/p>\n","protected":false},"excerpt":{"rendered":"<p>Cont\u00e1ctenos en Daly City, San Mateo Para programar una cita o si tiene preguntas o preocupaciones acerca de las venas varicosas, ara\u00f1as vasculares, enfermedades vasculares o condiciones arteriales, ll\u00e1menos. Nuestro personal de la oficina de Daly City contesta a las llamadas en directo y responde a las consultas y a los mensajes de voz con [&hellip;]<\/p>\n","protected":false},"author":5,"featured_media":0,"parent":0,"menu_order":0,"comment_status":"closed","ping_status":"closed","template":"","meta":{"_et_pb_use_builder":"on","_et_pb_old_content":"<h1 style=\"text-align: center;\">Contact us in Daly City, San Mateo<\/h1>\r\nTo schedule an appointment or if you have questions or concerns about varicose veins, spider veins, vascular disease, or arterial conditions, give us a call or email us. We cover the phones most of the day and will respond to emails and voicemails as quickly as possible.\r\n\r\nOur Daly City office has convenient free parking and quick access from Highway 280 and 101. You can also visit using the free Seton shuttle from Muni, Bart, or SamTrans.\r\n<img class=\"alignright wp-image-3736\" src=\"https:\/\/www.sfveincenter.com\/wp-content\/uploads\/2018\/12\/1850-sullivan-ave-300x212.jpg\" alt=\"1850 Sullivan Ave Daly City\" width=\"375\" height=\"265\" \/>\r\n\r\nPhone: 650-991-1122\r\nEmail: <a href=\"mailto:info@?subject=Inquiry%20from%20SF%20Vein%20Center%20website\">info@<\/a>\r\n\r\n1850 Sullivan Ave, Suite 300\r\nDaly City CA 94015\r\n\r\nMonday - Friday\r\n9PM - 5PM Pacific\r\n\r\n<center><iframe style=\"border: 0;\" src=\"https:\/\/www.google.com\/maps\/embed?pb=!1m18!1m12!1m3!1d50490.01766127324!2d-122.49819021045415!3d37.72845329503803!2m3!1f0!2f0!3f0!3m2!1i1024!2i768!4f13.1!3m3!1m2!1s0x0%3A0xabbde6269bb9dc05!2sSan+Francisco+Vein+Center+-+Melinda+L+Aquino+MD!5e0!3m2!1sen!2sus!4v1543968550947\" width=\"600\" height=\"450\" frameborder=\"0\" allowfullscreen=\"allowfullscreen\"><\/iframe><\/center>\u00a0\r\n\r\n\u00a0","_et_gb_content_width":"","footnotes":"","_links_to":"","_links_to_target":""},"class_list":["post-3745","page","type-page","status-publish","hentry"],"yoast_head":"<!-- This site is optimized with the Yoast SEO Premium plugin v27.0 (Yoast SEO v27.0) - https:\/\/yoast.com\/product\/yoast-seo-premium-wordpress\/ -->\n<title>Contactenos en Daly City Centro de venas de San Francisco<\/title>\n<meta name=\"description\" content=\"Contacto para la oficina de Daly City. Servimos el Condado de San Mateo, as\u00ed como \u00e1reas circundantes como el Condado de Alameda y el Condado de contra Costa.\" \/>\n<meta name=\"robots\" content=\"index, follow, max-snippet:-1, max-image-preview:large, max-video-preview:-1\" \/>\n<link rel=\"canonical\" href=\"https:\/\/www.sfveincenter.com\/es\/daly-city\/\" \/>\n<meta property=\"og:locale\" content=\"es_ES\" \/>\n<meta property=\"og:type\" content=\"article\" \/>\n<meta property=\"og:title\" content=\"Contactenos en Daly City\" \/>\n<meta property=\"og:description\" content=\"Contacto para la oficina de Daly City. Servimos el Condado de San Mateo, as\u00ed como \u00e1reas circundantes como el Condado de Alameda y el Condado de contra Costa.\" \/>\n<meta property=\"og:url\" content=\"https:\/\/www.sfveincenter.com\/es\/daly-city\/\" \/>\n<meta property=\"og:site_name\" content=\"San Francisco Vein Doctor | Varicose &amp; Spider Vein Treatment\" \/>\n<meta property=\"article:publisher\" content=\"https:\/\/www.facebook.com\/sfveincenter\" \/>\n<meta property=\"article:modified_time\" content=\"2025-01-29T23:42:59+00:00\" \/>\n<meta name=\"twitter:card\" content=\"summary_large_image\" \/>\n<meta name=\"twitter:site\" content=\"@sfveincenter\" \/>\n<meta name=\"twitter:label1\" content=\"Tiempo de lectura\" \/>\n\t<meta name=\"twitter:data1\" content=\"3 minutos\" \/>\n<script type=\"application\/ld+json\" class=\"yoast-schema-graph\">{\"@context\":\"https:\/\/schema.org\",\"@graph\":[{\"@type\":\"WebPage\",\"@id\":\"https:\/\/www.sfveincenter.com\/es\/daly-city\/\",\"url\":\"https:\/\/www.sfveincenter.com\/es\/daly-city\/\",\"name\":\"Contactenos en Daly City Centro de venas de San Francisco\",\"isPartOf\":{\"@id\":\"https:\/\/www.sfveincenter.com\/es\/#website\"},\"datePublished\":\"2018-12-13T22:51:22+00:00\",\"dateModified\":\"2025-01-29T23:42:59+00:00\",\"description\":\"Contacto para la oficina de Daly City. Servimos el Condado de San Mateo, as\u00ed como \u00e1reas circundantes como el Condado de Alameda y el Condado de contra Costa.\",\"breadcrumb\":{\"@id\":\"https:\/\/www.sfveincenter.com\/es\/daly-city\/#breadcrumb\"},\"inLanguage\":\"es\",\"potentialAction\":[{\"@type\":\"ReadAction\",\"target\":[\"https:\/\/www.sfveincenter.com\/es\/daly-city\/\"]}]},{\"@type\":\"BreadcrumbList\",\"@id\":\"https:\/\/www.sfveincenter.com\/es\/daly-city\/#breadcrumb\",\"itemListElement\":[{\"@type\":\"ListItem\",\"position\":1,\"name\":\"Home\",\"item\":\"https:\/\/www.sfveincenter.com\/es\/inicio-2\/\"},{\"@type\":\"ListItem\",\"position\":2,\"name\":\"Contactenos en Daly City\"}]},{\"@type\":\"WebSite\",\"@id\":\"https:\/\/www.sfveincenter.com\/es\/#website\",\"url\":\"https:\/\/www.sfveincenter.com\/es\/\",\"name\":\"San Francisco Vein Doctor | Varicose &amp; Spider Vein Treatment\",\"description\":\"\",\"publisher\":{\"@id\":\"https:\/\/www.sfveincenter.com\/es\/#organization\"},\"potentialAction\":[{\"@type\":\"SearchAction\",\"target\":{\"@type\":\"EntryPoint\",\"urlTemplate\":\"https:\/\/www.sfveincenter.com\/es\/?s={search_term_string}\"},\"query-input\":{\"@type\":\"PropertyValueSpecification\",\"valueRequired\":true,\"valueName\":\"search_term_string\"}}],\"inLanguage\":\"es\"},{\"@type\":\"Organization\",\"@id\":\"https:\/\/www.sfveincenter.com\/es\/#organization\",\"name\":\"San Francisco Vein Center - Melinda L Aquino MD\",\"url\":\"https:\/\/www.sfveincenter.com\/es\/\",\"logo\":{\"@type\":\"ImageObject\",\"inLanguage\":\"es\",\"@id\":\"https:\/\/www.sfveincenter.com\/es\/#\/schema\/logo\/image\/\",\"url\":\"https:\/\/www.sfveincenter.com\/wp-content\/uploads\/2021\/02\/cropped-favicon-512x512-1-1.png\",\"contentUrl\":\"https:\/\/www.sfveincenter.com\/wp-content\/uploads\/2021\/02\/cropped-favicon-512x512-1-1.png\",\"width\":512,\"height\":512,\"caption\":\"San Francisco Vein Center - Melinda L Aquino MD\"},\"image\":{\"@id\":\"https:\/\/www.sfveincenter.com\/es\/#\/schema\/logo\/image\/\"},\"sameAs\":[\"https:\/\/www.facebook.com\/sfveincenter\",\"https:\/\/x.com\/sfveincenter\",\"https:\/\/www.youtube.com\/channel\/UCH75q26Kq5lThH_Xptt8imQ\",\"https:\/\/x.com\/SFVeinCenter\"]}]}<\/script>\n<!-- \/ Yoast SEO Premium plugin. -->","yoast_head_json":{"title":"Contactenos en Daly City Centro de venas de San Francisco","description":"Contacto para la oficina de Daly City. Servimos el Condado de San Mateo, as\u00ed como \u00e1reas circundantes como el Condado de Alameda y el Condado de contra Costa.","robots":{"index":"index","follow":"follow","max-snippet":"max-snippet:-1","max-image-preview":"max-image-preview:large","max-video-preview":"max-video-preview:-1"},"canonical":"https:\/\/www.sfveincenter.com\/es\/daly-city\/","og_locale":"es_ES","og_type":"article","og_title":"Contactenos en Daly City","og_description":"Contacto para la oficina de Daly City. Servimos el Condado de San Mateo, as\u00ed como \u00e1reas circundantes como el Condado de Alameda y el Condado de contra Costa.","og_url":"https:\/\/www.sfveincenter.com\/es\/daly-city\/","og_site_name":"San Francisco Vein Doctor | Varicose &amp; Spider Vein Treatment","article_publisher":"https:\/\/www.facebook.com\/sfveincenter","article_modified_time":"2025-01-29T23:42:59+00:00","twitter_card":"summary_large_image","twitter_site":"@sfveincenter","twitter_misc":{"Tiempo de lectura":"3 minutos"},"schema":{"@context":"https:\/\/schema.org","@graph":[{"@type":"WebPage","@id":"https:\/\/www.sfveincenter.com\/es\/daly-city\/","url":"https:\/\/www.sfveincenter.com\/es\/daly-city\/","name":"Contactenos en Daly City Centro de venas de San Francisco","isPartOf":{"@id":"https:\/\/www.sfveincenter.com\/es\/#website"},"datePublished":"2018-12-13T22:51:22+00:00","dateModified":"2025-01-29T23:42:59+00:00","description":"Contacto para la oficina de Daly City. Servimos el Condado de San Mateo, as\u00ed como \u00e1reas circundantes como el Condado de Alameda y el Condado de contra Costa.","breadcrumb":{"@id":"https:\/\/www.sfveincenter.com\/es\/daly-city\/#breadcrumb"},"inLanguage":"es","potentialAction":[{"@type":"ReadAction","target":["https:\/\/www.sfveincenter.com\/es\/daly-city\/"]}]},{"@type":"BreadcrumbList","@id":"https:\/\/www.sfveincenter.com\/es\/daly-city\/#breadcrumb","itemListElement":[{"@type":"ListItem","position":1,"name":"Home","item":"https:\/\/www.sfveincenter.com\/es\/inicio-2\/"},{"@type":"ListItem","position":2,"name":"Contactenos en Daly City"}]},{"@type":"WebSite","@id":"https:\/\/www.sfveincenter.com\/es\/#website","url":"https:\/\/www.sfveincenter.com\/es\/","name":"San Francisco Vein Doctor | Varicose &amp; Spider Vein Treatment","description":"","publisher":{"@id":"https:\/\/www.sfveincenter.com\/es\/#organization"},"potentialAction":[{"@type":"SearchAction","target":{"@type":"EntryPoint","urlTemplate":"https:\/\/www.sfveincenter.com\/es\/?s={search_term_string}"},"query-input":{"@type":"PropertyValueSpecification","valueRequired":true,"valueName":"search_term_string"}}],"inLanguage":"es"},{"@type":"Organization","@id":"https:\/\/www.sfveincenter.com\/es\/#organization","name":"San Francisco Vein Center - Melinda L Aquino MD","url":"https:\/\/www.sfveincenter.com\/es\/","logo":{"@type":"ImageObject","inLanguage":"es","@id":"https:\/\/www.sfveincenter.com\/es\/#\/schema\/logo\/image\/","url":"https:\/\/www.sfveincenter.com\/wp-content\/uploads\/2021\/02\/cropped-favicon-512x512-1-1.png","contentUrl":"https:\/\/www.sfveincenter.com\/wp-content\/uploads\/2021\/02\/cropped-favicon-512x512-1-1.png","width":512,"height":512,"caption":"San Francisco Vein Center - Melinda L Aquino MD"},"image":{"@id":"https:\/\/www.sfveincenter.com\/es\/#\/schema\/logo\/image\/"},"sameAs":["https:\/\/www.facebook.com\/sfveincenter","https:\/\/x.com\/sfveincenter","https:\/\/www.youtube.com\/channel\/UCH75q26Kq5lThH_Xptt8imQ","https:\/\/x.com\/SFVeinCenter"]}]}},"_links":{"self":[{"href":"https:\/\/www.sfveincenter.com\/es\/wp-json\/wp\/v2\/pages\/3745","targetHints":{"allow":["GET"]}}],"collection":[{"href":"https:\/\/www.sfveincenter.com\/es\/wp-json\/wp\/v2\/pages"}],"about":[{"href":"https:\/\/www.sfveincenter.com\/es\/wp-json\/wp\/v2\/types\/page"}],"author":[{"embeddable":true,"href":"https:\/\/www.sfveincenter.com\/es\/wp-json\/wp\/v2\/users\/5"}],"replies":[{"embeddable":true,"href":"https:\/\/www.sfveincenter.com\/es\/wp-json\/wp\/v2\/comments?post=3745"}],"version-history":[{"count":0,"href":"https:\/\/www.sfveincenter.com\/es\/wp-json\/wp\/v2\/pages\/3745\/revisions"}],"wp:attachment":[{"href":"https:\/\/www.sfveincenter.com\/es\/wp-json\/wp\/v2\/media?parent=3745"}],"curies":[{"name":"wp","href":"https:\/\/api.w.org\/{rel}","templated":true}]}}