{"id":3084,"date":"2018-10-09T22:26:09","date_gmt":"2018-10-10T05:26:09","guid":{"rendered":"http:\/\/54.70.23.198\/tratamiento-para-ulceras-en-las-piernas\/"},"modified":"2024-11-21T23:17:20","modified_gmt":"2024-11-22T07:17:20","slug":"tratamiento-para-ulceras-en-las-piernas","status":"publish","type":"page","link":"https:\/\/www.sfveincenter.com\/es\/tratamiento-para-ulceras-en-las-piernas\/","title":{"rendered":"\u00dalceras en las piernas"},"content":{"rendered":"<p>[et_pb_section fb_built=\u00bb1&#8243; _builder_version=\u00bb4.16&#8243; custom_padding=\u00bb1%|||\u00bb global_colors_info=\u00bb{}\u00bb][et_pb_row _builder_version=\u00bb4.16&#8243; background_size=\u00bbinitial\u00bb background_position=\u00bbtop_left\u00bb background_repeat=\u00bbrepeat\u00bb global_colors_info=\u00bb{}\u00bb][et_pb_column type=\u00bb4_4&#8243; _builder_version=\u00bb4.16&#8243; custom_padding=\u00bb|||\u00bb global_colors_info=\u00bb{}\u00bb custom_padding__hover=\u00bb|||\u00bb][et_pb_text _builder_version=\u00bb4.16&#8243; background_size=\u00bbinitial\u00bb background_position=\u00bbtop_left\u00bb background_repeat=\u00bbrepeat\u00bb global_colors_info=\u00bb{}\u00bb]<\/p>\n<h1 style=\"text-align: center;\">\u00dalceras en las piernas (\u00falceras venosas)<\/h1>\n<p><img decoding=\"async\" class=\"size-full wp-image-751 alignright\" src=\"https:\/\/www.sfveincenter.com\/wp-content\/uploads\/2010\/09\/venus-ulcer.jpg\" alt=\"\u00falcera de Venus\" width=\"336\" height=\"448\" srcset=\"https:\/\/www.sfveincenter.com\/wp-content\/uploads\/2010\/09\/venus-ulcer.jpg 336w, https:\/\/www.sfveincenter.com\/wp-content\/uploads\/2010\/09\/venus-ulcer-225x300.jpg 225w\" sizes=\"(max-width: 336px) 100vw, 336px\" \/>Las \u00falceras en las piernas o las \u00falceras venosas representan la forma m\u00e1s grave de <a href=\"https:\/\/www.sfveincenter.com\/es\/\">enfermedad venosa.<\/a> La \u00falcera se forma a partir de una lesi\u00f3n o rotura en la piel que no puede sanar. Normalmente, el cuerpo puede curar estas heridas por s\u00ed solo. Pero debido a que la enfermedad de las venas afecta el flujo sangu\u00edneo, la herida no sana. Con el tiempo, la \u00falcera puede empeorar y agrandarse.<\/p>\n<h2>S\u00edntomas<\/h2>\n<p>Las \u00falceras en las piernas tienen una ubicaci\u00f3n caracter\u00edstica en la parte media del tobillo justo por encima del hueso del tobillo (maleolus medial). La raz\u00f3n por la que las ulceraciones venosas tienden a formarse en este lugar es que esta es generalmente la ubicaci\u00f3n de la presi\u00f3n venosa m\u00e1s alta causada por <a href=\"https:\/\/www.sfveincenter.com\/es\/insuficiencia-venosa\/\">insuficiencia venosa<\/a> (venas da\u00f1adas). La herida generalmente hace que la piel se decolore. Puede hincharse, picar, causar dolor y olor.<\/p>\n<h2>Riesgos y causas<\/h2>\n<p>Algunos factores de riesgo que pueden conducir a <strong>\u00falceras venosas<\/strong> son el tabaquismo, la obesidad, las lesiones previas y la vejez. Las \u00falceras en las piernas pueden ser una afecci\u00f3n grave ya que pueden causar infecci\u00f3n, hinchaz\u00f3n y dolor. La mayor\u00eda de las \u00falceras venosas son causadas por insuficiencia venosa. Sin embargo, algunas \u00falceras pueden ser causadas por <a href=\"https:\/\/www.sfveincenter.com\/es\/enfermedad-arterial\/\">enfermedad arterial.<\/a> Tambi\u00e9n los pacientes que han experimentado co\u00e1gulos de sangre o trombosis venosa profunda pueden estar m\u00e1s en riesgo de contraer una \u00falcera en las piernas.<\/p>\n<h2>Diagn\u00f3stico<\/h2>\n<p>Es crucial tratar la causa subyacente de las \u00falceras venosas, que suele ser insuficiencia venosa. Esto ayuda a reducir la hipertensi\u00f3n venosa en la pierna. Sin embargo, el no hacer frente a la causa de la ra\u00edz puede llevar a la repetici\u00f3n de las \u00falceras en el plazo de 6 a 12 meses. En el centro San Francisco Vein, tratamos las \u00falceras venosas y <em><strong>\u00falceras de pierna<\/strong><\/em> muy en serio. Tomamos el tiempo para encontrar la causa subyacente de la \u00falcera usando <a href=\"https:\/\/www.sfveincenter.com\/es\/insuficiencia-venosa\/#ultrasound\">sonograf\u00edavascular<\/a>.<\/p>\n<h2>Tratamiento<\/h2>\n<p>Las \u00falceras venosas no tratadas pueden persistir indefinidamente. Es importante tratarlos ya que tambi\u00e9n pueden causar da\u00f1o a los tejidos cercanos. Formulamos un plan de tratamiento individual para nuestros pacientes usando una combinaci\u00f3n de los siguientes tratamientos:<\/p>\n<ul>\n<li>La <a href=\"https:\/\/www.sfveincenter.com\/es\/ablacion-por-radiofrecuencia-rfa\/\">ablaci\u00f3n por radiofrecuencia<\/a> o <a href=\"https:\/\/www.sfveincenter.com\/es\/endovenosa-laser-terapia-evlt\/\">ablaci\u00f3n con l\u00e1ser<\/a> es un tratamiento para los pacientes con insuficiencia venosa<\/li>\n<li><a href=\"https:\/\/www.sfveincenter.com\/es\/medias-de-compresion\/\">Medias de compresi\u00f3n,<\/a>terapia y ap\u00f3sitos<\/li>\n<li>Elevaci\u00f3n<\/li>\n<li>Antibi\u00f3ticos para ayudar a combatir la infecci\u00f3n<\/li>\n<li>Los injertos de piel reemplazan el tejido da\u00f1ado una vez que la herida es estable<\/li>\n<li>La cirug\u00eda es a veces necesaria<\/li>\n<\/ul>\n<h2>Recuperaci\u00f3n<\/h2>\n<p>Las \u00falceras venosas pueden tardar mucho tiempo en sanar. Coordinamos la atenci\u00f3n con m\u00faltiples especialistas. Sin embargo, con el tratamiento apropiado de la escasez de la vena subyacente, la recuperaci\u00f3n puede tomar meses. Debido al da\u00f1o extenso que las \u00falceras de la pierna pueden causar, pueden requerir gastos significativos del cuidado m\u00e9dico y dedicaci\u00f3n del tiempo a las visitas del doctor. Como se puede imaginar, las \u00falceras de las piernas tienen un impacto muy significativo en la calidad de vida. Su presencia puede llevar a un impacto significativo de la vida social, la discapacidad, y hasta la p\u00e9rdida de una extremidad.<\/p>\n<p>[\/et_pb_text][\/et_pb_column][\/et_pb_row][\/et_pb_section]<\/p>\n","protected":false},"excerpt":{"rendered":"<p>\u00dalceras en las piernas (\u00falceras venosas) Las \u00falceras en las piernas o las \u00falceras venosas representan la forma m\u00e1s grave de enfermedad venosa. La \u00falcera se forma a partir de una lesi\u00f3n o rotura en la piel que no puede sanar. Normalmente, el cuerpo puede curar estas heridas por s\u00ed solo. Pero debido a que [&hellip;]<\/p>\n","protected":false},"author":5,"featured_media":0,"parent":0,"menu_order":0,"comment_status":"closed","ping_status":"closed","template":"","meta":{"_et_pb_use_builder":"on","_et_pb_old_content":"","_et_gb_content_width":"","footnotes":"","_links_to":"","_links_to_target":""},"class_list":["post-3084","page","type-page","status-publish","hentry"],"yoast_head":"<!-- This site is optimized with the Yoast SEO Premium plugin v27.0 (Yoast SEO v27.0) - https:\/\/yoast.com\/product\/yoast-seo-premium-wordpress\/ -->\n<title>\u00dalceras de pierna | \u00dalceras venosas | Enfermedad venosa<\/title>\n<meta name=\"description\" content=\"Una \u00falcera de la pierna o una \u00falcera venosa es una de las formas m\u00e1s serias de la enfermedad venosa y es causada t\u00edpicamente por la escasez venosa.\" \/>\n<meta name=\"robots\" content=\"index, follow, max-snippet:-1, max-image-preview:large, max-video-preview:-1\" \/>\n<link rel=\"canonical\" href=\"https:\/\/www.sfveincenter.com\/es\/tratamiento-para-ulceras-en-las-piernas\/\" \/>\n<meta property=\"og:locale\" content=\"es_ES\" \/>\n<meta property=\"og:type\" content=\"article\" \/>\n<meta property=\"og:title\" content=\"\u00dalceras en las piernas\" \/>\n<meta property=\"og:description\" content=\"Una \u00falcera de la pierna o una \u00falcera venosa es una de las formas m\u00e1s serias de la enfermedad venosa y es causada t\u00edpicamente por la escasez venosa.\" \/>\n<meta property=\"og:url\" content=\"https:\/\/www.sfveincenter.com\/es\/tratamiento-para-ulceras-en-las-piernas\/\" \/>\n<meta property=\"og:site_name\" content=\"San Francisco Vein Doctor | Varicose &amp; Spider Vein Treatment\" \/>\n<meta property=\"article:publisher\" content=\"https:\/\/www.facebook.com\/sfveincenter\" \/>\n<meta property=\"article:modified_time\" content=\"2024-11-22T07:17:20+00:00\" \/>\n<meta property=\"og:image\" content=\"https:\/\/www.sfveincenter.com\/wp-content\/uploads\/2010\/09\/venus-ulcer.jpg\" \/>\n\t<meta property=\"og:image:width\" content=\"336\" \/>\n\t<meta property=\"og:image:height\" content=\"448\" \/>\n\t<meta property=\"og:image:type\" content=\"image\/jpeg\" \/>\n<meta name=\"twitter:card\" content=\"summary_large_image\" \/>\n<meta name=\"twitter:site\" content=\"@sfveincenter\" \/>\n<meta name=\"twitter:label1\" content=\"Tiempo de lectura\" \/>\n\t<meta name=\"twitter:data1\" content=\"3 minutos\" \/>\n<script type=\"application\/ld+json\" class=\"yoast-schema-graph\">{\"@context\":\"https:\/\/schema.org\",\"@graph\":[{\"@type\":\"WebPage\",\"@id\":\"https:\/\/www.sfveincenter.com\/es\/tratamiento-para-ulceras-en-las-piernas\/\",\"url\":\"https:\/\/www.sfveincenter.com\/es\/tratamiento-para-ulceras-en-las-piernas\/\",\"name\":\"\u00dalceras de pierna | \u00dalceras venosas | Enfermedad venosa\",\"isPartOf\":{\"@id\":\"https:\/\/www.sfveincenter.com\/es\/#website\"},\"primaryImageOfPage\":{\"@id\":\"https:\/\/www.sfveincenter.com\/es\/tratamiento-para-ulceras-en-las-piernas\/#primaryimage\"},\"image\":{\"@id\":\"https:\/\/www.sfveincenter.com\/es\/tratamiento-para-ulceras-en-las-piernas\/#primaryimage\"},\"thumbnailUrl\":\"https:\/\/www.sfveincenter.com\/wp-content\/uploads\/2010\/09\/venus-ulcer.jpg\",\"datePublished\":\"2018-10-10T05:26:09+00:00\",\"dateModified\":\"2024-11-22T07:17:20+00:00\",\"description\":\"Una \u00falcera de la pierna o una \u00falcera venosa es una de las formas m\u00e1s serias de la enfermedad venosa y es causada t\u00edpicamente por la escasez venosa.\",\"breadcrumb\":{\"@id\":\"https:\/\/www.sfveincenter.com\/es\/tratamiento-para-ulceras-en-las-piernas\/#breadcrumb\"},\"inLanguage\":\"es\",\"potentialAction\":[{\"@type\":\"ReadAction\",\"target\":[\"https:\/\/www.sfveincenter.com\/es\/tratamiento-para-ulceras-en-las-piernas\/\"]}]},{\"@type\":\"ImageObject\",\"inLanguage\":\"es\",\"@id\":\"https:\/\/www.sfveincenter.com\/es\/tratamiento-para-ulceras-en-las-piernas\/#primaryimage\",\"url\":\"https:\/\/www.sfveincenter.com\/wp-content\/uploads\/2010\/09\/venus-ulcer.jpg\",\"contentUrl\":\"https:\/\/www.sfveincenter.com\/wp-content\/uploads\/2010\/09\/venus-ulcer.jpg\"},{\"@type\":\"BreadcrumbList\",\"@id\":\"https:\/\/www.sfveincenter.com\/es\/tratamiento-para-ulceras-en-las-piernas\/#breadcrumb\",\"itemListElement\":[{\"@type\":\"ListItem\",\"position\":1,\"name\":\"Home\",\"item\":\"https:\/\/www.sfveincenter.com\/es\/inicio-2\/\"},{\"@type\":\"ListItem\",\"position\":2,\"name\":\"\u00dalceras en las piernas\"}]},{\"@type\":\"WebSite\",\"@id\":\"https:\/\/www.sfveincenter.com\/es\/#website\",\"url\":\"https:\/\/www.sfveincenter.com\/es\/\",\"name\":\"San Francisco Vein Doctor | Varicose &amp; Spider Vein Treatment\",\"description\":\"\",\"publisher\":{\"@id\":\"https:\/\/www.sfveincenter.com\/es\/#organization\"},\"potentialAction\":[{\"@type\":\"SearchAction\",\"target\":{\"@type\":\"EntryPoint\",\"urlTemplate\":\"https:\/\/www.sfveincenter.com\/es\/?s={search_term_string}\"},\"query-input\":{\"@type\":\"PropertyValueSpecification\",\"valueRequired\":true,\"valueName\":\"search_term_string\"}}],\"inLanguage\":\"es\"},{\"@type\":\"Organization\",\"@id\":\"https:\/\/www.sfveincenter.com\/es\/#organization\",\"name\":\"San Francisco Vein Center - Melinda L Aquino MD\",\"url\":\"https:\/\/www.sfveincenter.com\/es\/\",\"logo\":{\"@type\":\"ImageObject\",\"inLanguage\":\"es\",\"@id\":\"https:\/\/www.sfveincenter.com\/es\/#\/schema\/logo\/image\/\",\"url\":\"https:\/\/www.sfveincenter.com\/wp-content\/uploads\/2021\/02\/cropped-favicon-512x512-1-1.png\",\"contentUrl\":\"https:\/\/www.sfveincenter.com\/wp-content\/uploads\/2021\/02\/cropped-favicon-512x512-1-1.png\",\"width\":512,\"height\":512,\"caption\":\"San Francisco Vein Center - Melinda L Aquino MD\"},\"image\":{\"@id\":\"https:\/\/www.sfveincenter.com\/es\/#\/schema\/logo\/image\/\"},\"sameAs\":[\"https:\/\/www.facebook.com\/sfveincenter\",\"https:\/\/x.com\/sfveincenter\",\"https:\/\/www.youtube.com\/channel\/UCH75q26Kq5lThH_Xptt8imQ\",\"https:\/\/x.com\/SFVeinCenter\"]}]}<\/script>\n<!-- \/ Yoast SEO Premium plugin. -->","yoast_head_json":{"title":"\u00dalceras de pierna | \u00dalceras venosas | Enfermedad venosa","description":"Una \u00falcera de la pierna o una \u00falcera venosa es una de las formas m\u00e1s serias de la enfermedad venosa y es causada t\u00edpicamente por la escasez venosa.","robots":{"index":"index","follow":"follow","max-snippet":"max-snippet:-1","max-image-preview":"max-image-preview:large","max-video-preview":"max-video-preview:-1"},"canonical":"https:\/\/www.sfveincenter.com\/es\/tratamiento-para-ulceras-en-las-piernas\/","og_locale":"es_ES","og_type":"article","og_title":"\u00dalceras en las piernas","og_description":"Una \u00falcera de la pierna o una \u00falcera venosa es una de las formas m\u00e1s serias de la enfermedad venosa y es causada t\u00edpicamente por la escasez venosa.","og_url":"https:\/\/www.sfveincenter.com\/es\/tratamiento-para-ulceras-en-las-piernas\/","og_site_name":"San Francisco Vein Doctor | Varicose &amp; Spider Vein Treatment","article_publisher":"https:\/\/www.facebook.com\/sfveincenter","article_modified_time":"2024-11-22T07:17:20+00:00","og_image":[{"width":336,"height":448,"url":"https:\/\/www.sfveincenter.com\/wp-content\/uploads\/2010\/09\/venus-ulcer.jpg","type":"image\/jpeg"}],"twitter_card":"summary_large_image","twitter_site":"@sfveincenter","twitter_misc":{"Tiempo de lectura":"3 minutos"},"schema":{"@context":"https:\/\/schema.org","@graph":[{"@type":"WebPage","@id":"https:\/\/www.sfveincenter.com\/es\/tratamiento-para-ulceras-en-las-piernas\/","url":"https:\/\/www.sfveincenter.com\/es\/tratamiento-para-ulceras-en-las-piernas\/","name":"\u00dalceras de pierna | \u00dalceras venosas | Enfermedad venosa","isPartOf":{"@id":"https:\/\/www.sfveincenter.com\/es\/#website"},"primaryImageOfPage":{"@id":"https:\/\/www.sfveincenter.com\/es\/tratamiento-para-ulceras-en-las-piernas\/#primaryimage"},"image":{"@id":"https:\/\/www.sfveincenter.com\/es\/tratamiento-para-ulceras-en-las-piernas\/#primaryimage"},"thumbnailUrl":"https:\/\/www.sfveincenter.com\/wp-content\/uploads\/2010\/09\/venus-ulcer.jpg","datePublished":"2018-10-10T05:26:09+00:00","dateModified":"2024-11-22T07:17:20+00:00","description":"Una \u00falcera de la pierna o una \u00falcera venosa es una de las formas m\u00e1s serias de la enfermedad venosa y es causada t\u00edpicamente por la escasez venosa.","breadcrumb":{"@id":"https:\/\/www.sfveincenter.com\/es\/tratamiento-para-ulceras-en-las-piernas\/#breadcrumb"},"inLanguage":"es","potentialAction":[{"@type":"ReadAction","target":["https:\/\/www.sfveincenter.com\/es\/tratamiento-para-ulceras-en-las-piernas\/"]}]},{"@type":"ImageObject","inLanguage":"es","@id":"https:\/\/www.sfveincenter.com\/es\/tratamiento-para-ulceras-en-las-piernas\/#primaryimage","url":"https:\/\/www.sfveincenter.com\/wp-content\/uploads\/2010\/09\/venus-ulcer.jpg","contentUrl":"https:\/\/www.sfveincenter.com\/wp-content\/uploads\/2010\/09\/venus-ulcer.jpg"},{"@type":"BreadcrumbList","@id":"https:\/\/www.sfveincenter.com\/es\/tratamiento-para-ulceras-en-las-piernas\/#breadcrumb","itemListElement":[{"@type":"ListItem","position":1,"name":"Home","item":"https:\/\/www.sfveincenter.com\/es\/inicio-2\/"},{"@type":"ListItem","position":2,"name":"\u00dalceras en las piernas"}]},{"@type":"WebSite","@id":"https:\/\/www.sfveincenter.com\/es\/#website","url":"https:\/\/www.sfveincenter.com\/es\/","name":"San Francisco Vein Doctor | Varicose &amp; Spider Vein Treatment","description":"","publisher":{"@id":"https:\/\/www.sfveincenter.com\/es\/#organization"},"potentialAction":[{"@type":"SearchAction","target":{"@type":"EntryPoint","urlTemplate":"https:\/\/www.sfveincenter.com\/es\/?s={search_term_string}"},"query-input":{"@type":"PropertyValueSpecification","valueRequired":true,"valueName":"search_term_string"}}],"inLanguage":"es"},{"@type":"Organization","@id":"https:\/\/www.sfveincenter.com\/es\/#organization","name":"San Francisco Vein Center - Melinda L Aquino MD","url":"https:\/\/www.sfveincenter.com\/es\/","logo":{"@type":"ImageObject","inLanguage":"es","@id":"https:\/\/www.sfveincenter.com\/es\/#\/schema\/logo\/image\/","url":"https:\/\/www.sfveincenter.com\/wp-content\/uploads\/2021\/02\/cropped-favicon-512x512-1-1.png","contentUrl":"https:\/\/www.sfveincenter.com\/wp-content\/uploads\/2021\/02\/cropped-favicon-512x512-1-1.png","width":512,"height":512,"caption":"San Francisco Vein Center - Melinda L Aquino MD"},"image":{"@id":"https:\/\/www.sfveincenter.com\/es\/#\/schema\/logo\/image\/"},"sameAs":["https:\/\/www.facebook.com\/sfveincenter","https:\/\/x.com\/sfveincenter","https:\/\/www.youtube.com\/channel\/UCH75q26Kq5lThH_Xptt8imQ","https:\/\/x.com\/SFVeinCenter"]}]}},"_links":{"self":[{"href":"https:\/\/www.sfveincenter.com\/es\/wp-json\/wp\/v2\/pages\/3084","targetHints":{"allow":["GET"]}}],"collection":[{"href":"https:\/\/www.sfveincenter.com\/es\/wp-json\/wp\/v2\/pages"}],"about":[{"href":"https:\/\/www.sfveincenter.com\/es\/wp-json\/wp\/v2\/types\/page"}],"author":[{"embeddable":true,"href":"https:\/\/www.sfveincenter.com\/es\/wp-json\/wp\/v2\/users\/5"}],"replies":[{"embeddable":true,"href":"https:\/\/www.sfveincenter.com\/es\/wp-json\/wp\/v2\/comments?post=3084"}],"version-history":[{"count":0,"href":"https:\/\/www.sfveincenter.com\/es\/wp-json\/wp\/v2\/pages\/3084\/revisions"}],"wp:attachment":[{"href":"https:\/\/www.sfveincenter.com\/es\/wp-json\/wp\/v2\/media?parent=3084"}],"curies":[{"name":"wp","href":"https:\/\/api.w.org\/{rel}","templated":true}]}}