{"id":3080,"date":"2018-10-09T22:20:30","date_gmt":"2018-10-10T05:20:30","guid":{"rendered":"http:\/\/54.70.23.198\/formas\/"},"modified":"2024-11-21T23:09:38","modified_gmt":"2024-11-22T07:09:38","slug":"formas","status":"publish","type":"page","link":"https:\/\/www.sfveincenter.com\/es\/formas\/","title":{"rendered":"Formas"},"content":{"rendered":"<p>[et_pb_section fb_built=\u00bb1&#8243; _builder_version=\u00bb4.16&#8243; global_colors_info=\u00bb{}\u00bb][et_pb_row _builder_version=\u00bb4.16&#8243; custom_margin=\u00bb||0px|\u00bb custom_padding=\u00bb||0px|\u00bb global_colors_info=\u00bb{}\u00bb][et_pb_column type=\u00bb4_4&#8243; _builder_version=\u00bb4.16&#8243; custom_padding=\u00bb|||\u00bb global_colors_info=\u00bb{}\u00bb custom_padding__hover=\u00bb|||\u00bb][et_pb_text module_class=\u00bbforms_title_h\u00bb _builder_version=\u00bb4.16&#8243; text_orientation=\u00bbcenter\u00bb global_colors_info=\u00bb{}\u00bb]<\/p>\n<h1>Formas<\/h1>\n<p>[\/et_pb_text][\/et_pb_column][\/et_pb_row][et_pb_row _builder_version=\u00bb4.16&#8243; background_size=\u00bbinitial\u00bb background_position=\u00bbtop_left\u00bb background_repeat=\u00bbrepeat\u00bb global_colors_info=\u00bb{}\u00bb][et_pb_column type=\u00bb4_4&#8243; _builder_version=\u00bb4.16&#8243; custom_padding=\u00bb|||\u00bb global_colors_info=\u00bb{}\u00bb custom_padding__hover=\u00bb|||\u00bb][et_pb_accordion open_toggle_background_color=\u00bb#456482&#8243; closed_toggle_text_color=\u00bb#ffffff\u00bb closed_toggle_background_color=\u00bb#456482&#8243; module_class=\u00bbforms_title\u00bb _builder_version=\u00bb4.16&#8243; toggle_text_color=\u00bb#ffffff\u00bb toggle_font=\u00bb|||on|||||\u00bb toggle_font_size=\u00bb24&#8243; body_text_color=\u00bb#ffffff\u00bb custom_margin=\u00bb||0px|\u00bb custom_padding=\u00bb||0px|\u00bb global_colors_info=\u00bb{}\u00bb][et_pb_accordion_item title=\u00bbNuevos formularios para pacientes\u00bb open=\u00bbon\u00bb closed_toggle_text_color=\u00bb#ffffff\u00bb closed_toggle_background_color=\u00bb#456482&#8243; _builder_version=\u00bb4.16&#8243; global_colors_info=\u00bb{}\u00bb][\/et_pb_accordion_item][\/et_pb_accordion][et_pb_text _builder_version=\u00bb4.16&#8243; global_colors_info=\u00bb{}\u00bb]<\/p>\n<table class=\"forms\" border=\"0\" cellspacing=\"0\" cellpadding=\"5\">\n<tbody>\n<tr>\n<td width=\"35\">\n<img decoding=\"async\" class=\"alignnone size-full wp-image-790\" src=\"\/wp-content\/uploads\/2010\/09\/pdf.png\" alt=\"Pdf\" width=\"22\" height=\"25\">\n<\/td>\n<td>Documentaci\u00f3n inicial para pacientes nuevos (ingl\u00e9s)<\/td>\n<td width=\"61\"><a title=\"Nuevo papeleo inicial del paciente\" href=\"\/wp-content\/uploads\/pdfs\/initial_paperwork.pdf\" target=\"_blank\" rel=\"noopener noreferrer\">Descargar<\/a><\/td>\n<\/tr>\n<tr>\n<td width=\"35\"><img decoding=\"async\" class=\"alignnone size-full wp-image-790\" src=\"\/wp-content\/uploads\/2010\/09\/pdf.png\" alt=\"Pdf\" width=\"22\" height=\"25\"><\/td>\n<td>Tr\u00e1mites iniciales para pacientes nuevos (espa\u00f1ol)<\/td>\n<td width=\"61\"><a title=\"Paciente nuevo forma\" href=\"\/wp-content\/uploads\/pdfs\/initial_paperwork_spanish.pdf\" target=\"_blank\" rel=\"noopener noreferrer\">Descargar<\/a><\/td>\n<\/tr>\n<\/tbody>\n<\/table>\n<p>[\/et_pb_text][\/et_pb_column][\/et_pb_row][et_pb_row _builder_version=\u00bb4.16&#8243; background_size=\u00bbinitial\u00bb background_position=\u00bbtop_left\u00bb background_repeat=\u00bbrepeat\u00bb global_colors_info=\u00bb{}\u00bb][et_pb_column type=\u00bb4_4&#8243; _builder_version=\u00bb4.16&#8243; custom_padding=\u00bb|||\u00bb global_colors_info=\u00bb{}\u00bb custom_padding__hover=\u00bb|||\u00bb][et_pb_accordion open_toggle_background_color=\u00bb#456482&#8243; closed_toggle_text_color=\u00bb#ffffff\u00bb closed_toggle_background_color=\u00bb#456482&#8243; module_class=\u00bbforms_title\u00bb _builder_version=\u00bb4.16&#8243; toggle_text_color=\u00bb#ffffff\u00bb toggle_font=\u00bb|||on|||||\u00bb toggle_font_size=\u00bb24&#8243; body_text_color=\u00bb#ffffff\u00bb custom_margin=\u00bb||0px|\u00bb custom_padding=\u00bb||0px|\u00bb global_colors_info=\u00bb{}\u00bb][et_pb_accordion_item title=\u00bbINSTRUCCIONES PREOPERATORIAS Y POSTOPERATORIAS\u00bb open=\u00bbon\u00bb _builder_version=\u00bb4.16&#8243; global_colors_info=\u00bb{}\u00bb][\/et_pb_accordion_item][\/et_pb_accordion][et_pb_text _builder_version=\u00bb4.16&#8243; global_colors_info=\u00bb{}\u00bb]<\/p>\n<table class=\"forms\" border=\"0\" cellspacing=\"0\" cellpadding=\"5\">\n<tbody>\n<tr>\n<td width=\"35\"><img decoding=\"async\" class=\"alignnone size-full wp-image-790\" src=\"https:\/\/www.sfveincenter.com\/wp-content\/uploads\/2010\/09\/pdf.png\" alt=\"Pdf\" width=\"22\" height=\"25\"><\/td>\n<td>Instrucciones preoperatorias para la ablaci\u00f3n venosa (Espa\u00f1ol)<\/td>\n<td width=\"61\"><a title=\"Instrucciones preoperatorias para la ablaci\u00f3n venosa\" href=\"https:\/\/www.sfveincenter.com\/wp-content\/uploads\/pdfs\/preoperative_instructions_vein_ablation.pdf\" target=\"_blank\" rel=\"noopener noreferrer\">Descargar<\/a><\/td>\n<\/tr>\n<tr>\n<td width=\"35\"><img decoding=\"async\" class=\"alignnone size-full wp-image-790\" src=\"https:\/\/www.sfveincenter.com\/wp-content\/uploads\/2010\/09\/pdf.png\" alt=\"Pdf\" width=\"22\" height=\"25\"><\/td>\n<td>Instrucciones preoperatorias para la ablaci\u00f3n venosa (espa\u00f1ol)<\/td>\n<td width=\"61\"><a title=\"Instrucciones preoperatorias para la ablaci\u00f3n venosa\" href=\"https:\/\/www.sfveincenter.com\/wp-content\/uploads\/pdfs\/preoperative_instructions_vein_ablation_spanish.pdf\" target=\"_blank\" rel=\"noopener noreferrer\">Descarga<\/a><\/td>\n<\/tr>\n<tr>\n<td width=\"35\"><img decoding=\"async\" class=\"alignnone size-full wp-image-790\" src=\"https:\/\/www.sfveincenter.com\/wp-content\/uploads\/2010\/09\/pdf.png\" alt=\"Pdf\" width=\"22\" height=\"25\"><\/td>\n<td>Consentimiento para la escleroterapia (Espa\u00f1ol)<\/td>\n<td width=\"61\"><a href=\"https:\/\/www.sfveincenter.com\/wp-content\/uploads\/pdfs\/sclerotherapy_consent.pdf\" target=\"_blank\" rel=\"noopener\">Descargar<\/a><\/td>\n<\/tr>\n<tr>\n<td width=\"35\"><img decoding=\"async\" class=\"alignnone size-full wp-image-790\" src=\"https:\/\/www.sfveincenter.com\/wp-content\/uploads\/2010\/09\/pdf.png\" alt=\"Pdf\" width=\"22\" height=\"25\"><\/td>\n<td>Consentimiento para la escleroterapia (espa\u00f1ol)<\/td>\n<td width=\"61\"><a href=\"https:\/\/www.sfveincenter.com\/wp-content\/uploads\/pdfs\/sclerotherapy_consent_spanish.pdf\" target=\"_blank\" rel=\"noopener\">Descargar<\/a><\/td>\n<\/tr>\n<\/tbody>\n<\/table>\n<p>[\/et_pb_text][\/et_pb_column][\/et_pb_row][et_pb_row _builder_version=\u00bb4.16&#8243; background_size=\u00bbinitial\u00bb background_position=\u00bbtop_left\u00bb background_repeat=\u00bbrepeat\u00bb global_colors_info=\u00bb{}\u00bb][et_pb_column type=\u00bb4_4&#8243; _builder_version=\u00bb4.16&#8243; custom_padding=\u00bb|||\u00bb global_colors_info=\u00bb{}\u00bb custom_padding__hover=\u00bb|||\u00bb][et_pb_accordion open_toggle_background_color=\u00bb#456482&#8243; closed_toggle_text_color=\u00bb#ffffff\u00bb closed_toggle_background_color=\u00bb#456482&#8243; module_class=\u00bbforms_title\u00bb _builder_version=\u00bb4.16&#8243; toggle_text_color=\u00bb#ffffff\u00bb toggle_font=\u00bb|||on|||||\u00bb toggle_font_size=\u00bb24&#8243; body_text_color=\u00bb#ffffff\u00bb custom_margin=\u00bb||0px|\u00bb custom_padding=\u00bb||0px|\u00bb global_colors_info=\u00bb{}\u00bb][et_pb_accordion_item title=\u00bbINSTRUCCIONES POSTOPERATORIAS PARA PROCEDIMIENTOS DE OFICINA\u00bb open=\u00bbon\u00bb _builder_version=\u00bb4.16&#8243; global_colors_info=\u00bb{}\u00bb][\/et_pb_accordion_item][\/et_pb_accordion][et_pb_text _builder_version=\u00bb4.16&#8243; global_colors_info=\u00bb{}\u00bb]<\/p>\n<table class=\"forms\" border=\"0\" cellspacing=\"0\" cellpadding=\"5\">\n<tbody>\n<tr>\n<td width=\"35\"><img decoding=\"async\" class=\"alignnone size-full wp-image-790\" src=\"https:\/\/www.sfveincenter.com\/wp-content\/uploads\/2010\/09\/pdf.png\" alt=\"Pdf\" width=\"22\" height=\"25\"><\/td>\n<td>Instrucciones postoperatorias para la ablaci\u00f3n venosa (Espa\u00f1ol)<\/td>\n<td width=\"61\"><a title=\"Instrucciones postoperatorias para la ablaci\u00f3n venosa (Ingl\u00e9s)\" href=\"https:\/\/www.sfveincenter.com\/wp-content\/uploads\/pdfs\/postoperative_instructions_vein_ablation.pdf\" target=\"_blank\" rel=\"noopener noreferrer\">Descargar<\/a><\/td>\n<\/tr>\n<tr>\n<td width=\"35\"><img decoding=\"async\" class=\"alignnone size-full wp-image-790\" src=\"https:\/\/www.sfveincenter.com\/wp-content\/uploads\/2010\/09\/pdf.png\" alt=\"Pdf\" width=\"22\" height=\"25\"><\/td>\n<td>Instrucciones postoperatorias para la ablaci\u00f3n venosa (espa\u00f1ol)<\/td>\n<td width=\"61\"><a title=\"Instrucciones postoperatorias para la ablaci\u00f3n venosa (espa\u00f1ol)\" href=\"https:\/\/www.sfveincenter.com\/wp-content\/uploads\/pdfs\/postoperative_instructions_vein_ablation_spanish.pdf\" target=\"_blank\" rel=\"noopener noreferrer\">Descarga<\/a><\/td>\n<\/tr>\n<tr>\n<td width=\"35\"><img decoding=\"async\" class=\"alignnone size-full wp-image-790\" src=\"https:\/\/www.sfveincenter.com\/wp-content\/uploads\/2010\/09\/pdf.png\" alt=\"Pdf\" width=\"22\" height=\"25\"><\/td>\n<td>Instrucciones postoperatorias para la escleroterapia (Espa\u00f1ol)<\/td>\n<td width=\"61\"><a title=\"Instrucciones postoperatorias para la escleroterapia (Ingl\u00e9s)\" href=\"https:\/\/www.sfveincenter.com\/wp-content\/uploads\/pdfs\/postoperative_instructions_sclerotherapy.pdf\" target=\"_blank\" rel=\"noopener noreferrer\">Descargar<\/a><\/td>\n<\/tr>\n<tr>\n<td width=\"35\"><img decoding=\"async\" class=\"alignnone size-full wp-image-790\" src=\"https:\/\/www.sfveincenter.com\/wp-content\/uploads\/2010\/09\/pdf.png\" alt=\"Pdf\" width=\"22\" height=\"25\"><\/td>\n<td>Instrucciones postoperatorias para la escleroterapia (espa\u00f1ol)<\/td>\n<td width=\"61\"><a title=\"Instrucciones Postoperatorias para la Escleroterapia (Espa\u00f1ol)\" href=\"https:\/\/www.sfveincenter.com\/wp-content\/uploads\/pdfs\/postoperative_instructions_sclerotherapy_spanish.pdf\" target=\"_blank\" rel=\"noopener noreferrer\">Descarga<\/a><\/td>\n<\/tr>\n<\/tbody>\n<\/table>\n<p>[\/et_pb_text][\/et_pb_column][\/et_pb_row][et_pb_row _builder_version=\u00bb4.16&#8243; background_size=\u00bbinitial\u00bb background_position=\u00bbtop_left\u00bb background_repeat=\u00bbrepeat\u00bb global_colors_info=\u00bb{}\u00bb][et_pb_column type=\u00bb4_4&#8243; _builder_version=\u00bb4.16&#8243; custom_padding=\u00bb|||\u00bb global_colors_info=\u00bb{}\u00bb custom_padding__hover=\u00bb|||\u00bb][et_pb_accordion open_toggle_background_color=\u00bb#456482&#8243; closed_toggle_text_color=\u00bb#ffffff\u00bb closed_toggle_background_color=\u00bb#456482&#8243; module_class=\u00bbforms_title\u00bb _builder_version=\u00bb4.16&#8243; toggle_text_color=\u00bb#ffffff\u00bb toggle_font=\u00bb|||on|||||\u00bb toggle_font_size=\u00bb24&#8243; body_text_color=\u00bb#ffffff\u00bb custom_margin=\u00bb||0px|\u00bb custom_padding=\u00bb||0px|\u00bb global_colors_info=\u00bb{}\u00bb][et_pb_accordion_item title=\u00bbDIVULGACI\u00d3N DE INFORMACI\u00d3N\u00bb open=\u00bbon\u00bb _builder_version=\u00bb4.16&#8243; global_colors_info=\u00bb{}\u00bb][\/et_pb_accordion_item][\/et_pb_accordion][et_pb_text _builder_version=\u00bb4.16&#8243; global_colors_info=\u00bb{}\u00bb]<\/p>\n<table class=\"forms\" border=\"0\" cellspacing=\"0\" cellpadding=\"5\">\n<tbody>\n<tr>\n<td width=\"35\"><img decoding=\"async\" class=\"alignnone size-full wp-image-790\" src=\"https:\/\/www.sfveincenter.com\/wp-content\/uploads\/2010\/09\/pdf.png\" alt=\"Pdf\" width=\"22\" height=\"25\"><\/td>\n<td>Divulgaci\u00f3n de informaci\u00f3n<\/td>\n<td width=\"61\"><a title=\"Divulgaci\u00f3n de informaci\u00f3n\" href=\"https:\/\/www.sfveincenter.com\/wp-content\/uploads\/pdfs\/release_of_information.pdf\" target=\"_blank\" rel=\"noopener noreferrer\">Descargar<\/a><\/td>\n<\/tr>\n<\/tbody>\n<\/table>\n<p>[\/et_pb_text][\/et_pb_column][\/et_pb_row][\/et_pb_section]<\/p>\n","protected":false},"excerpt":{"rendered":"<p>Formas Documentaci\u00f3n inicial para pacientes nuevos (ingl\u00e9s) Descargar Tr\u00e1mites iniciales para pacientes nuevos (espa\u00f1ol) Descargar Instrucciones preoperatorias para la ablaci\u00f3n venosa (Espa\u00f1ol) Descargar Instrucciones preoperatorias para la ablaci\u00f3n venosa (espa\u00f1ol) Descarga Consentimiento para la escleroterapia (Espa\u00f1ol) Descargar Consentimiento para la escleroterapia (espa\u00f1ol) Descargar Instrucciones postoperatorias para la ablaci\u00f3n venosa (Espa\u00f1ol) Descargar Instrucciones postoperatorias para la [&hellip;]<\/p>\n","protected":false},"author":5,"featured_media":0,"parent":0,"menu_order":0,"comment_status":"closed","ping_status":"closed","template":"","meta":{"_et_pb_use_builder":"on","_et_pb_old_content":"","_et_gb_content_width":"","footnotes":"","_links_to":"","_links_to_target":""},"class_list":["post-3080","page","type-page","status-publish","hentry"],"yoast_head":"<!-- This site is optimized with the Yoast SEO Premium plugin v27.0 (Yoast SEO v27.0) - https:\/\/yoast.com\/product\/yoast-seo-premium-wordpress\/ -->\n<title>Formularios para pacientes e instrucciones preoperatorias<\/title>\n<meta name=\"description\" content=\"Formularios para pacientes del Centro de Venas de San Francisco, instrucciones preoperatorias, instrucciones postoperatorias y formularios de divulgaci\u00f3n de informaci\u00f3n.\" \/>\n<meta name=\"robots\" content=\"index, follow, max-snippet:-1, max-image-preview:large, max-video-preview:-1\" \/>\n<link rel=\"canonical\" href=\"https:\/\/www.sfveincenter.com\/es\/formas\/\" \/>\n<meta property=\"og:locale\" content=\"es_ES\" \/>\n<meta property=\"og:type\" content=\"article\" \/>\n<meta property=\"og:title\" content=\"Formas\" \/>\n<meta property=\"og:description\" content=\"Formularios para pacientes del Centro de Venas de San Francisco, instrucciones preoperatorias, instrucciones postoperatorias y formularios de divulgaci\u00f3n de informaci\u00f3n.\" \/>\n<meta property=\"og:url\" content=\"https:\/\/www.sfveincenter.com\/es\/formas\/\" \/>\n<meta property=\"og:site_name\" content=\"San Francisco Vein Doctor | Varicose &amp; Spider Vein Treatment\" \/>\n<meta property=\"article:publisher\" content=\"https:\/\/www.facebook.com\/sfveincenter\" \/>\n<meta property=\"article:modified_time\" content=\"2024-11-22T07:09:38+00:00\" \/>\n<meta property=\"og:image\" content=\"https:\/\/www.sfveincenter.com\/wp-content\/uploads\/2010\/09\/pdf.png\" \/>\n<meta name=\"twitter:card\" content=\"summary_large_image\" \/>\n<meta name=\"twitter:site\" content=\"@sfveincenter\" \/>\n<meta name=\"twitter:label1\" content=\"Tiempo de lectura\" \/>\n\t<meta name=\"twitter:data1\" content=\"3 minutos\" \/>\n<script type=\"application\/ld+json\" class=\"yoast-schema-graph\">{\"@context\":\"https:\/\/schema.org\",\"@graph\":[{\"@type\":\"WebPage\",\"@id\":\"https:\/\/www.sfveincenter.com\/es\/formas\/\",\"url\":\"https:\/\/www.sfveincenter.com\/es\/formas\/\",\"name\":\"Formularios para pacientes e instrucciones preoperatorias\",\"isPartOf\":{\"@id\":\"https:\/\/www.sfveincenter.com\/es\/#website\"},\"primaryImageOfPage\":{\"@id\":\"https:\/\/www.sfveincenter.com\/es\/formas\/#primaryimage\"},\"image\":{\"@id\":\"https:\/\/www.sfveincenter.com\/es\/formas\/#primaryimage\"},\"thumbnailUrl\":\"https:\/\/www.sfveincenter.com\/wp-content\/uploads\/2010\/09\/pdf.png\",\"datePublished\":\"2018-10-10T05:20:30+00:00\",\"dateModified\":\"2024-11-22T07:09:38+00:00\",\"description\":\"Formularios para pacientes del Centro de Venas de San Francisco, instrucciones preoperatorias, instrucciones postoperatorias y formularios de divulgaci\u00f3n de informaci\u00f3n.\",\"breadcrumb\":{\"@id\":\"https:\/\/www.sfveincenter.com\/es\/formas\/#breadcrumb\"},\"inLanguage\":\"es\",\"potentialAction\":[{\"@type\":\"ReadAction\",\"target\":[\"https:\/\/www.sfveincenter.com\/es\/formas\/\"]}]},{\"@type\":\"ImageObject\",\"inLanguage\":\"es\",\"@id\":\"https:\/\/www.sfveincenter.com\/es\/formas\/#primaryimage\",\"url\":\"https:\/\/www.sfveincenter.com\/wp-content\/uploads\/2010\/09\/pdf.png\",\"contentUrl\":\"https:\/\/www.sfveincenter.com\/wp-content\/uploads\/2010\/09\/pdf.png\"},{\"@type\":\"BreadcrumbList\",\"@id\":\"https:\/\/www.sfveincenter.com\/es\/formas\/#breadcrumb\",\"itemListElement\":[{\"@type\":\"ListItem\",\"position\":1,\"name\":\"Home\",\"item\":\"https:\/\/www.sfveincenter.com\/es\/inicio-2\/\"},{\"@type\":\"ListItem\",\"position\":2,\"name\":\"Formas\"}]},{\"@type\":\"WebSite\",\"@id\":\"https:\/\/www.sfveincenter.com\/es\/#website\",\"url\":\"https:\/\/www.sfveincenter.com\/es\/\",\"name\":\"San Francisco Vein Doctor | Varicose &amp; Spider Vein Treatment\",\"description\":\"\",\"publisher\":{\"@id\":\"https:\/\/www.sfveincenter.com\/es\/#organization\"},\"potentialAction\":[{\"@type\":\"SearchAction\",\"target\":{\"@type\":\"EntryPoint\",\"urlTemplate\":\"https:\/\/www.sfveincenter.com\/es\/?s={search_term_string}\"},\"query-input\":{\"@type\":\"PropertyValueSpecification\",\"valueRequired\":true,\"valueName\":\"search_term_string\"}}],\"inLanguage\":\"es\"},{\"@type\":\"Organization\",\"@id\":\"https:\/\/www.sfveincenter.com\/es\/#organization\",\"name\":\"San Francisco Vein Center - Melinda L Aquino MD\",\"url\":\"https:\/\/www.sfveincenter.com\/es\/\",\"logo\":{\"@type\":\"ImageObject\",\"inLanguage\":\"es\",\"@id\":\"https:\/\/www.sfveincenter.com\/es\/#\/schema\/logo\/image\/\",\"url\":\"https:\/\/www.sfveincenter.com\/wp-content\/uploads\/2021\/02\/cropped-favicon-512x512-1-1.png\",\"contentUrl\":\"https:\/\/www.sfveincenter.com\/wp-content\/uploads\/2021\/02\/cropped-favicon-512x512-1-1.png\",\"width\":512,\"height\":512,\"caption\":\"San Francisco Vein Center - Melinda L Aquino MD\"},\"image\":{\"@id\":\"https:\/\/www.sfveincenter.com\/es\/#\/schema\/logo\/image\/\"},\"sameAs\":[\"https:\/\/www.facebook.com\/sfveincenter\",\"https:\/\/x.com\/sfveincenter\",\"https:\/\/www.youtube.com\/channel\/UCH75q26Kq5lThH_Xptt8imQ\",\"https:\/\/x.com\/SFVeinCenter\"]}]}<\/script>\n<!-- \/ Yoast SEO Premium plugin. -->","yoast_head_json":{"title":"Formularios para pacientes e instrucciones preoperatorias","description":"Formularios para pacientes del Centro de Venas de San Francisco, instrucciones preoperatorias, instrucciones postoperatorias y formularios de divulgaci\u00f3n de informaci\u00f3n.","robots":{"index":"index","follow":"follow","max-snippet":"max-snippet:-1","max-image-preview":"max-image-preview:large","max-video-preview":"max-video-preview:-1"},"canonical":"https:\/\/www.sfveincenter.com\/es\/formas\/","og_locale":"es_ES","og_type":"article","og_title":"Formas","og_description":"Formularios para pacientes del Centro de Venas de San Francisco, instrucciones preoperatorias, instrucciones postoperatorias y formularios de divulgaci\u00f3n de informaci\u00f3n.","og_url":"https:\/\/www.sfveincenter.com\/es\/formas\/","og_site_name":"San Francisco Vein Doctor | Varicose &amp; Spider Vein Treatment","article_publisher":"https:\/\/www.facebook.com\/sfveincenter","article_modified_time":"2024-11-22T07:09:38+00:00","og_image":[{"url":"https:\/\/www.sfveincenter.com\/wp-content\/uploads\/2010\/09\/pdf.png","type":"","width":"","height":""}],"twitter_card":"summary_large_image","twitter_site":"@sfveincenter","twitter_misc":{"Tiempo de lectura":"3 minutos"},"schema":{"@context":"https:\/\/schema.org","@graph":[{"@type":"WebPage","@id":"https:\/\/www.sfveincenter.com\/es\/formas\/","url":"https:\/\/www.sfveincenter.com\/es\/formas\/","name":"Formularios para pacientes e instrucciones preoperatorias","isPartOf":{"@id":"https:\/\/www.sfveincenter.com\/es\/#website"},"primaryImageOfPage":{"@id":"https:\/\/www.sfveincenter.com\/es\/formas\/#primaryimage"},"image":{"@id":"https:\/\/www.sfveincenter.com\/es\/formas\/#primaryimage"},"thumbnailUrl":"https:\/\/www.sfveincenter.com\/wp-content\/uploads\/2010\/09\/pdf.png","datePublished":"2018-10-10T05:20:30+00:00","dateModified":"2024-11-22T07:09:38+00:00","description":"Formularios para pacientes del Centro de Venas de San Francisco, instrucciones preoperatorias, instrucciones postoperatorias y formularios de divulgaci\u00f3n de informaci\u00f3n.","breadcrumb":{"@id":"https:\/\/www.sfveincenter.com\/es\/formas\/#breadcrumb"},"inLanguage":"es","potentialAction":[{"@type":"ReadAction","target":["https:\/\/www.sfveincenter.com\/es\/formas\/"]}]},{"@type":"ImageObject","inLanguage":"es","@id":"https:\/\/www.sfveincenter.com\/es\/formas\/#primaryimage","url":"https:\/\/www.sfveincenter.com\/wp-content\/uploads\/2010\/09\/pdf.png","contentUrl":"https:\/\/www.sfveincenter.com\/wp-content\/uploads\/2010\/09\/pdf.png"},{"@type":"BreadcrumbList","@id":"https:\/\/www.sfveincenter.com\/es\/formas\/#breadcrumb","itemListElement":[{"@type":"ListItem","position":1,"name":"Home","item":"https:\/\/www.sfveincenter.com\/es\/inicio-2\/"},{"@type":"ListItem","position":2,"name":"Formas"}]},{"@type":"WebSite","@id":"https:\/\/www.sfveincenter.com\/es\/#website","url":"https:\/\/www.sfveincenter.com\/es\/","name":"San Francisco Vein Doctor | Varicose &amp; Spider Vein Treatment","description":"","publisher":{"@id":"https:\/\/www.sfveincenter.com\/es\/#organization"},"potentialAction":[{"@type":"SearchAction","target":{"@type":"EntryPoint","urlTemplate":"https:\/\/www.sfveincenter.com\/es\/?s={search_term_string}"},"query-input":{"@type":"PropertyValueSpecification","valueRequired":true,"valueName":"search_term_string"}}],"inLanguage":"es"},{"@type":"Organization","@id":"https:\/\/www.sfveincenter.com\/es\/#organization","name":"San Francisco Vein Center - Melinda L Aquino MD","url":"https:\/\/www.sfveincenter.com\/es\/","logo":{"@type":"ImageObject","inLanguage":"es","@id":"https:\/\/www.sfveincenter.com\/es\/#\/schema\/logo\/image\/","url":"https:\/\/www.sfveincenter.com\/wp-content\/uploads\/2021\/02\/cropped-favicon-512x512-1-1.png","contentUrl":"https:\/\/www.sfveincenter.com\/wp-content\/uploads\/2021\/02\/cropped-favicon-512x512-1-1.png","width":512,"height":512,"caption":"San Francisco Vein Center - Melinda L Aquino MD"},"image":{"@id":"https:\/\/www.sfveincenter.com\/es\/#\/schema\/logo\/image\/"},"sameAs":["https:\/\/www.facebook.com\/sfveincenter","https:\/\/x.com\/sfveincenter","https:\/\/www.youtube.com\/channel\/UCH75q26Kq5lThH_Xptt8imQ","https:\/\/x.com\/SFVeinCenter"]}]}},"_links":{"self":[{"href":"https:\/\/www.sfveincenter.com\/es\/wp-json\/wp\/v2\/pages\/3080","targetHints":{"allow":["GET"]}}],"collection":[{"href":"https:\/\/www.sfveincenter.com\/es\/wp-json\/wp\/v2\/pages"}],"about":[{"href":"https:\/\/www.sfveincenter.com\/es\/wp-json\/wp\/v2\/types\/page"}],"author":[{"embeddable":true,"href":"https:\/\/www.sfveincenter.com\/es\/wp-json\/wp\/v2\/users\/5"}],"replies":[{"embeddable":true,"href":"https:\/\/www.sfveincenter.com\/es\/wp-json\/wp\/v2\/comments?post=3080"}],"version-history":[{"count":0,"href":"https:\/\/www.sfveincenter.com\/es\/wp-json\/wp\/v2\/pages\/3080\/revisions"}],"wp:attachment":[{"href":"https:\/\/www.sfveincenter.com\/es\/wp-json\/wp\/v2\/media?parent=3080"}],"curies":[{"name":"wp","href":"https:\/\/api.w.org\/{rel}","templated":true}]}}