{"id":3078,"date":"2018-10-09T22:17:46","date_gmt":"2018-10-10T05:17:46","guid":{"rendered":"http:\/\/54.70.23.198\/seguro\/"},"modified":"2024-11-01T14:58:50","modified_gmt":"2024-11-01T21:58:50","slug":"seguro","status":"publish","type":"page","link":"https:\/\/www.sfveincenter.com\/es\/seguro\/","title":{"rendered":"Seguro"},"content":{"rendered":"<p>[et_pb_section fb_built=\u00bb1&#8243; _builder_version=\u00bb4.16&#8243; custom_padding=\u00bb1%|||\u00bb global_colors_info=\u00bb{}\u00bb][et_pb_row _builder_version=\u00bb4.16&#8243; background_size=\u00bbinitial\u00bb background_position=\u00bbtop_left\u00bb background_repeat=\u00bbrepeat\u00bb global_colors_info=\u00bb{}\u00bb][et_pb_column type=\u00bb4_4&#8243; _builder_version=\u00bb4.16&#8243; custom_padding=\u00bb|||\u00bb global_colors_info=\u00bb{}\u00bb custom_padding__hover=\u00bb|||\u00bb][et_pb_text _builder_version=\u00bb4.27.0&#8243; global_colors_info=\u00bb{}\u00bb]<\/p>\n<h1 style=\"text-align: center;\">\u00bfCUBRE EL SEGURO TRATAMIENTOS VARICOSOS?<\/h1>\n<p>El seguro m\u00e9dico es complicado. Cuando se trata del tratamiento de las venas, puede ser a\u00fan m\u00e1s complicado. La buena noticia es que las venas varicosas no son solo cosm\u00e9ticas. Son causadas por una condici\u00f3n m\u00e9dica llamada insuficiencia venosa que casi siempre est\u00e1 cubierta por el seguro. Esto incluye visitas al consultorio, diagn\u00f3stico, tratamiento y seguimiento.<\/p>\n<p><img decoding=\"async\" class=\"alignright wp-image-4555\" src=\"https:\/\/www.sfveincenter.com\/wp-content\/uploads\/2016\/04\/insurance-2-1.jpg\" alt=\"Seguro y tratamiento de venas\" width=\"500\" height=\"335\" srcset=\"https:\/\/www.sfveincenter.com\/wp-content\/uploads\/2016\/04\/insurance-2-1.jpg 500w, https:\/\/www.sfveincenter.com\/wp-content\/uploads\/2016\/04\/insurance-2-1-480x322.jpg 480w\" sizes=\"(min-width: 0px) and (max-width: 480px) 480px, (min-width: 481px) 500px, 100vw\" \/>Aunque el seguro cubre el tratamiento de las venas, todav\u00eda hay \u00abcostos de bolsillo\u00bb. Comprender exactamente lo que paga su seguro por el tratamiento de las venas puede ser complejo y frustrante. Nuestro personal se toma el tiempo para ayudar a los pacientes a comprender su cobertura, incluidos los deducibles, copagos, gastos m\u00e1ximos de bolsillo, etc. Nuestro personal tambi\u00e9n pasa mucho tiempo trabajando con las compa\u00f1\u00edas de seguros para obtener las autorizaciones de nuestros pacientes para los servicios y asegurarse de que toda la documentaci\u00f3n se env\u00ede correctamente para que las reclamaciones se procesen sin problemas.<\/p>\n<ul>\n<li>Llamenos al<strong> 415-752-1122<\/strong> . Siempre estamos disponibles para responder cualquier pregunta.<\/li>\n<li><a href=\"https:\/\/www.sfveincenter.com\/es\/solicitud-de-cita\/\">Solicitar una cita<\/a> en l\u00ednea.<\/li>\n<\/ul>\n<p>Estas son algunas pautas generales que pueden ser \u00fatiles para entender c\u00f3mo funciona la cobertura de seguro con el tratamiento de varices. Si desea una explicaci\u00f3n m\u00e1s detallada de la nomenclatura de seguros, consulte nuestra p\u00e1gina sobre <a href=\"https:\/\/www.sfveincenter.com\/es\/entiende-tu-seguro\/\">terminolog\u00eda de seguros y comprensi\u00f3n de su seguro.<\/a><\/p>\n<h2>CONSULTAS DE OFICINA?<\/h2>\n<p>Conseguir una cita para ver a un <a href=\"https:\/\/www.sfveincenter.com\/es\/especialistas-en-venas-san-francisco\/\">especialista en varices<\/a> no es diferente a ver a ning\u00fan especialista. Su compa\u00f1\u00eda de seguros cubrir\u00e1 una visita al consultorio o una consulta para evaluar sus <a href=\"https:\/\/www.sfveincenter.com\/es\/tratamiento-de-venas-varicosas-varices\/\">venas varicosas<\/a> o ara\u00f1as vasculares como una cita de \u00abdiagn\u00f3stico\u00bb. Esto incluye un examen y a menudo un ultrasonido. Si tiene un plan HMO, necesitar\u00e1 una remisi\u00f3n para ver a un especialista.<\/p>\n<p>\u00a1Recordar! Con todas las citas y procedimientos, se aplican deducibles y copagos. Aseg\u00farese de consultar con su compa\u00f1\u00eda de seguros. Nuestro personal puede ayudarlo a comprender su plan al obtener los detalles de su seguro llamados \u00abelegibilidad y beneficios\u00bb.<\/p>\n<h2>SEGURO M\u00c9DICO DEL ESTADO<\/h2>\n<p>Si tiene Medicare regular, est\u00e1 de suerte. Trabajar con Medicare suele ser muy f\u00e1cil y existen muy pocas restricciones.<\/p>\n<ul>\n<li>No necesita una remisi\u00f3n para ver a su especialista en venas.<\/li>\n<li>No necesita una autorizaci\u00f3n para someterse a un procedimiento como una ecograf\u00eda o la extirpaci\u00f3n de una vena.<\/li>\n<li>El procesamiento de reclamaciones suele ser sencillo.<\/li>\n<\/ul>\n<p>Sin embargo, si otra compa\u00f1\u00eda de seguros administra su plan de Medicare, esto se denomina \u00abMedicare administrado\u00bb. En este caso, deber\u00e1 seguir sus pautas que pueden requerir remisiones y autorizaciones.<\/p>\n<h2>\u00bfCUBRIR\u00c1 EL SEGURO LAS ABLACIONES DE VENAS?<\/h2>\n<p>El procedimiento t\u00edpico para extirpar las varices es la ablaci\u00f3n (<a href=\"https:\/\/www.sfveincenter.com\/es\/ablacion-por-radiofrecuencia-rfa\/\">ablaci\u00f3n por radiofrecuencia<\/a> o <a href=\"https:\/\/www.sfveincenter.com\/es\/endovenosa-laser-terapia-evlt\/\">ablaci\u00f3n con l\u00e1ser endovenoso<\/a>). Para que el seguro cubra estos procedimientos, usualmente requieren una autorizaci\u00f3n. Las compa\u00f1\u00edas de seguros tienen diferentes requisitos para otorgar una autorizaci\u00f3n, pero generalmente requieren que su especialista documente lo siguiente:<\/p>\n<ul>\n<li>Fracaso de la terapia conservadora mediante medias de compresi\u00f3n<\/li>\n<li>Un tama\u00f1o m\u00ednimo de las venas junto con un estudio de ultrasonido e informe<\/li>\n<li>Fracaso del tratamiento del dolor con medicamentos sin receta<\/li>\n<\/ul>\n<p>Nuestra oficina se asegura de que esta documentaci\u00f3n est\u00e9 cubierta y procesa las autorizaciones. Una vez que usted tiene la autorizaci\u00f3n, su procedimiento debe ser cubierto. De nuevo, es importante verificar con su compa\u00f1\u00eda de seguros lo que debe por los deducibles, copagos, co-seguros, etc.<\/p>\n<h2>TRATAMIENTO DE VENAS DE ARA\u00d1A<\/h2>\n<p>El procedimiento t\u00edpico para extirpar las ara\u00f1as vasculares es <a href=\"https:\/\/www.sfveincenter.com\/es\/tratamiento-de-venas-vasculares-escleroterapia\/\">escleroterapia<\/a>. El seguro raramente cubre este procedimiento por s\u00ed solo porque es cosm\u00e9tico. Sin embargo, algunas compa\u00f1\u00edas de seguros autorizar\u00e1n ciertos tratamientos para las ara\u00f1as vasculares junto con una autorizaci\u00f3n para la ablaci\u00f3n de las venas. Generalmente, las ara\u00f1as vasculares deben cumplir con ciertos requisitos de tama\u00f1o para estar cubiertas.<\/p>\n<h2>SAN FRANCISCO VEIN CENTER EST\u00c1 EN RED CON LAS SIGUIENTES COMPA\u00d1\u00cdAS DE SEGUROS<\/h2>\n<p>El San Francisco Vein Center ha trabajado arduamente para convertirse en miembro de muchos grupos, IPA y planes de seguro diferentes. Estos incluyen tanto HMO como PPO. Una lista parcial de algunos de los grupos y proveedores de seguros aceptados incluye:<\/p>\n<ul>\n<li><a href=\"https:\/\/www.aetna.com\/\" target=\"_blank\" rel=\"noopener\">Aetna<\/a><\/li>\n<li><a href=\"https:\/\/www.anthem.com\/\" target=\"_blank\" rel=\"noopener\">Anthem Blue Cross<\/a><\/li>\n<li><a href=\"https:\/\/aamgdoctors.net\/\" target=\"_blank\" rel=\"noopener\">All American Medical Group (AAMG)<\/a> Anteriormente Asian American Medical Group o Chinese Community Health Care Association<\/li>\n<li><a href=\"https:\/\/www.blueshieldca.com\/\" target=\"_blank\" rel=\"noopener\">Blue Shield of California<\/a><\/li>\n<li><a href=\"https:\/\/www.brownandtoland.com\/\" target=\"_blank\" rel=\"noopener\">Brown and Toland (BTMG)<\/a><\/li>\n<li><a href=\"https:\/\/www.cigna.com\/\" target=\"_blank\" rel=\"noopener\">Cigna<\/a><\/li>\n<li><a href=\"https:\/\/www.healthnet.com\/\" target=\"_blank\" rel=\"noopener\">Health Net<\/a><\/li>\n<li><a href=\"https:\/\/www.hpsm.org\/\" target=\"_blank\" rel=\"noopener\">Health Plan of San Mateo<\/a><\/li>\n<li><a href=\"https:\/\/www.hillphysicians.com\/\" target=\"_blank\" rel=\"noopener\">Hill Physicians Medical Group<\/a><\/li>\n<li><a href=\"https:\/\/cchphealthplan.com\/\" target=\"_blank\" rel=\"noopener\">Plan de salud de la comunidad china (CCHP)<\/a> o Jade Health Care Medical Group<\/li>\n<li>Medicare<\/li>\n<li><a href=\"https:\/\/onlok.org\/\" target=\"_blank\" rel=\"noopener\">OnLok<\/a><\/li>\n<li><a href=\"https:\/\/www.hioscar.com\/\" target=\"_blank\" rel=\"noopener\">Oscar<\/a><\/li>\n<li><a href=\"https:\/\/www.multiplan.us\/\" target=\"_blank\" rel=\"noopener\">Multiplan<\/a><\/li>\n<li><a href=\"https:\/\/www.sfhp.org\/\" target=\"_blank\" rel=\"noopener\">San Francisco Healthplan<\/a> (Brown y Toland, Hills Physicians, NEMS)<\/li>\n<li><a href=\"https:\/\/www.tricare-west.com\/\" target=\"_blank\" rel=\"noopener\">Tricare<\/a><\/li>\n<li><a href=\"https:\/\/www.ufcwtrust.com\/\" target=\"_blank\" rel=\"noopener\">UFCW Trust<\/a><\/li>\n<li><a href=\"https:\/\/www.uhc.com\/\" target=\"_blank\" rel=\"noopener\">United Healthcare (UHC)<\/a><\/li>\n<\/ul>\n<p>[\/et_pb_text][\/et_pb_column][\/et_pb_row][\/et_pb_section]<\/p>\n","protected":false},"excerpt":{"rendered":"<p>\u00bfCUBRE EL SEGURO TRATAMIENTOS VARICOSOS? El seguro m\u00e9dico es complicado. Cuando se trata del tratamiento de las venas, puede ser a\u00fan m\u00e1s complicado. La buena noticia es que las venas varicosas no son solo cosm\u00e9ticas. Son causadas por una condici\u00f3n m\u00e9dica llamada insuficiencia venosa que casi siempre est\u00e1 cubierta por el seguro. Esto incluye visitas [&hellip;]<\/p>\n","protected":false},"author":5,"featured_media":0,"parent":0,"menu_order":0,"comment_status":"closed","ping_status":"closed","template":"","meta":{"_et_pb_use_builder":"on","_et_pb_old_content":"","_et_gb_content_width":"","footnotes":"","_links_to":"","_links_to_target":""},"class_list":["post-3078","page","type-page","status-publish","hentry"],"yoast_head":"<!-- This site is optimized with the Yoast SEO Premium plugin v27.0 (Yoast SEO v27.0) - https:\/\/yoast.com\/product\/yoast-seo-premium-wordpress\/ -->\n<title>Seguro para varices y ara\u00f1as vasculares | San Francisco Vein Center<\/title>\n<meta name=\"description\" content=\"El San Francisco Vein Center est\u00e1 en red con la mayor\u00eda de los principales pagadores de seguros. Esto incluye varias IPA, HMO y PPO\" \/>\n<meta name=\"robots\" content=\"index, follow, max-snippet:-1, max-image-preview:large, max-video-preview:-1\" \/>\n<link rel=\"canonical\" href=\"https:\/\/www.sfveincenter.com\/es\/seguro\/\" \/>\n<meta property=\"og:locale\" content=\"es_ES\" \/>\n<meta property=\"og:type\" content=\"article\" \/>\n<meta property=\"og:title\" content=\"Seguro\" \/>\n<meta property=\"og:description\" content=\"El San Francisco Vein Center est\u00e1 en red con la mayor\u00eda de los principales pagadores de seguros. Esto incluye varias IPA, HMO y PPO\" \/>\n<meta property=\"og:url\" content=\"https:\/\/www.sfveincenter.com\/es\/seguro\/\" \/>\n<meta property=\"og:site_name\" content=\"San Francisco Vein Doctor | Varicose &amp; Spider Vein Treatment\" \/>\n<meta property=\"article:publisher\" content=\"https:\/\/www.facebook.com\/sfveincenter\" \/>\n<meta property=\"article:modified_time\" content=\"2024-11-01T21:58:50+00:00\" \/>\n<meta property=\"og:image\" content=\"https:\/\/www.sfveincenter.com\/wp-content\/uploads\/2016\/04\/insurance-2-1.jpg\" \/>\n\t<meta property=\"og:image:width\" content=\"884\" \/>\n\t<meta property=\"og:image:height\" content=\"593\" \/>\n\t<meta property=\"og:image:type\" content=\"image\/jpeg\" \/>\n<meta name=\"twitter:card\" content=\"summary_large_image\" \/>\n<meta name=\"twitter:site\" content=\"@sfveincenter\" \/>\n<meta name=\"twitter:label1\" content=\"Tiempo de lectura\" \/>\n\t<meta name=\"twitter:data1\" content=\"4 minutos\" \/>\n<script type=\"application\/ld+json\" class=\"yoast-schema-graph\">{\"@context\":\"https:\/\/schema.org\",\"@graph\":[{\"@type\":\"WebPage\",\"@id\":\"https:\/\/www.sfveincenter.com\/es\/seguro\/\",\"url\":\"https:\/\/www.sfveincenter.com\/es\/seguro\/\",\"name\":\"Seguro para varices y ara\u00f1as vasculares | San Francisco Vein Center\",\"isPartOf\":{\"@id\":\"https:\/\/www.sfveincenter.com\/es\/#website\"},\"primaryImageOfPage\":{\"@id\":\"https:\/\/www.sfveincenter.com\/es\/seguro\/#primaryimage\"},\"image\":{\"@id\":\"https:\/\/www.sfveincenter.com\/es\/seguro\/#primaryimage\"},\"thumbnailUrl\":\"https:\/\/www.sfveincenter.com\/wp-content\/uploads\/2016\/04\/insurance-2-1.jpg\",\"datePublished\":\"2018-10-10T05:17:46+00:00\",\"dateModified\":\"2024-11-01T21:58:50+00:00\",\"description\":\"El San Francisco Vein Center est\u00e1 en red con la mayor\u00eda de los principales pagadores de seguros. Esto incluye varias IPA, HMO y PPO\",\"breadcrumb\":{\"@id\":\"https:\/\/www.sfveincenter.com\/es\/seguro\/#breadcrumb\"},\"inLanguage\":\"es\",\"potentialAction\":[{\"@type\":\"ReadAction\",\"target\":[\"https:\/\/www.sfveincenter.com\/es\/seguro\/\"]}]},{\"@type\":\"ImageObject\",\"inLanguage\":\"es\",\"@id\":\"https:\/\/www.sfveincenter.com\/es\/seguro\/#primaryimage\",\"url\":\"https:\/\/www.sfveincenter.com\/wp-content\/uploads\/2016\/04\/insurance-2-1.jpg\",\"contentUrl\":\"https:\/\/www.sfveincenter.com\/wp-content\/uploads\/2016\/04\/insurance-2-1.jpg\"},{\"@type\":\"BreadcrumbList\",\"@id\":\"https:\/\/www.sfveincenter.com\/es\/seguro\/#breadcrumb\",\"itemListElement\":[{\"@type\":\"ListItem\",\"position\":1,\"name\":\"Home\",\"item\":\"https:\/\/www.sfveincenter.com\/es\/inicio-2\/\"},{\"@type\":\"ListItem\",\"position\":2,\"name\":\"Seguro\"}]},{\"@type\":\"WebSite\",\"@id\":\"https:\/\/www.sfveincenter.com\/es\/#website\",\"url\":\"https:\/\/www.sfveincenter.com\/es\/\",\"name\":\"San Francisco Vein Doctor | Varicose &amp; Spider Vein Treatment\",\"description\":\"\",\"publisher\":{\"@id\":\"https:\/\/www.sfveincenter.com\/es\/#organization\"},\"potentialAction\":[{\"@type\":\"SearchAction\",\"target\":{\"@type\":\"EntryPoint\",\"urlTemplate\":\"https:\/\/www.sfveincenter.com\/es\/?s={search_term_string}\"},\"query-input\":{\"@type\":\"PropertyValueSpecification\",\"valueRequired\":true,\"valueName\":\"search_term_string\"}}],\"inLanguage\":\"es\"},{\"@type\":\"Organization\",\"@id\":\"https:\/\/www.sfveincenter.com\/es\/#organization\",\"name\":\"San Francisco Vein Center - Melinda L Aquino MD\",\"url\":\"https:\/\/www.sfveincenter.com\/es\/\",\"logo\":{\"@type\":\"ImageObject\",\"inLanguage\":\"es\",\"@id\":\"https:\/\/www.sfveincenter.com\/es\/#\/schema\/logo\/image\/\",\"url\":\"https:\/\/www.sfveincenter.com\/wp-content\/uploads\/2021\/02\/cropped-favicon-512x512-1-1.png\",\"contentUrl\":\"https:\/\/www.sfveincenter.com\/wp-content\/uploads\/2021\/02\/cropped-favicon-512x512-1-1.png\",\"width\":512,\"height\":512,\"caption\":\"San Francisco Vein Center - Melinda L Aquino MD\"},\"image\":{\"@id\":\"https:\/\/www.sfveincenter.com\/es\/#\/schema\/logo\/image\/\"},\"sameAs\":[\"https:\/\/www.facebook.com\/sfveincenter\",\"https:\/\/x.com\/sfveincenter\",\"https:\/\/www.youtube.com\/channel\/UCH75q26Kq5lThH_Xptt8imQ\",\"https:\/\/x.com\/SFVeinCenter\"]}]}<\/script>\n<!-- \/ Yoast SEO Premium plugin. -->","yoast_head_json":{"title":"Seguro para varices y ara\u00f1as vasculares | San Francisco Vein Center","description":"El San Francisco Vein Center est\u00e1 en red con la mayor\u00eda de los principales pagadores de seguros. Esto incluye varias IPA, HMO y PPO","robots":{"index":"index","follow":"follow","max-snippet":"max-snippet:-1","max-image-preview":"max-image-preview:large","max-video-preview":"max-video-preview:-1"},"canonical":"https:\/\/www.sfveincenter.com\/es\/seguro\/","og_locale":"es_ES","og_type":"article","og_title":"Seguro","og_description":"El San Francisco Vein Center est\u00e1 en red con la mayor\u00eda de los principales pagadores de seguros. Esto incluye varias IPA, HMO y PPO","og_url":"https:\/\/www.sfveincenter.com\/es\/seguro\/","og_site_name":"San Francisco Vein Doctor | Varicose &amp; Spider Vein Treatment","article_publisher":"https:\/\/www.facebook.com\/sfveincenter","article_modified_time":"2024-11-01T21:58:50+00:00","og_image":[{"width":884,"height":593,"url":"https:\/\/www.sfveincenter.com\/wp-content\/uploads\/2016\/04\/insurance-2-1.jpg","type":"image\/jpeg"}],"twitter_card":"summary_large_image","twitter_site":"@sfveincenter","twitter_misc":{"Tiempo de lectura":"4 minutos"},"schema":{"@context":"https:\/\/schema.org","@graph":[{"@type":"WebPage","@id":"https:\/\/www.sfveincenter.com\/es\/seguro\/","url":"https:\/\/www.sfveincenter.com\/es\/seguro\/","name":"Seguro para varices y ara\u00f1as vasculares | San Francisco Vein Center","isPartOf":{"@id":"https:\/\/www.sfveincenter.com\/es\/#website"},"primaryImageOfPage":{"@id":"https:\/\/www.sfveincenter.com\/es\/seguro\/#primaryimage"},"image":{"@id":"https:\/\/www.sfveincenter.com\/es\/seguro\/#primaryimage"},"thumbnailUrl":"https:\/\/www.sfveincenter.com\/wp-content\/uploads\/2016\/04\/insurance-2-1.jpg","datePublished":"2018-10-10T05:17:46+00:00","dateModified":"2024-11-01T21:58:50+00:00","description":"El San Francisco Vein Center est\u00e1 en red con la mayor\u00eda de los principales pagadores de seguros. Esto incluye varias IPA, HMO y PPO","breadcrumb":{"@id":"https:\/\/www.sfveincenter.com\/es\/seguro\/#breadcrumb"},"inLanguage":"es","potentialAction":[{"@type":"ReadAction","target":["https:\/\/www.sfveincenter.com\/es\/seguro\/"]}]},{"@type":"ImageObject","inLanguage":"es","@id":"https:\/\/www.sfveincenter.com\/es\/seguro\/#primaryimage","url":"https:\/\/www.sfveincenter.com\/wp-content\/uploads\/2016\/04\/insurance-2-1.jpg","contentUrl":"https:\/\/www.sfveincenter.com\/wp-content\/uploads\/2016\/04\/insurance-2-1.jpg"},{"@type":"BreadcrumbList","@id":"https:\/\/www.sfveincenter.com\/es\/seguro\/#breadcrumb","itemListElement":[{"@type":"ListItem","position":1,"name":"Home","item":"https:\/\/www.sfveincenter.com\/es\/inicio-2\/"},{"@type":"ListItem","position":2,"name":"Seguro"}]},{"@type":"WebSite","@id":"https:\/\/www.sfveincenter.com\/es\/#website","url":"https:\/\/www.sfveincenter.com\/es\/","name":"San Francisco Vein Doctor | Varicose &amp; Spider Vein Treatment","description":"","publisher":{"@id":"https:\/\/www.sfveincenter.com\/es\/#organization"},"potentialAction":[{"@type":"SearchAction","target":{"@type":"EntryPoint","urlTemplate":"https:\/\/www.sfveincenter.com\/es\/?s={search_term_string}"},"query-input":{"@type":"PropertyValueSpecification","valueRequired":true,"valueName":"search_term_string"}}],"inLanguage":"es"},{"@type":"Organization","@id":"https:\/\/www.sfveincenter.com\/es\/#organization","name":"San Francisco Vein Center - Melinda L Aquino MD","url":"https:\/\/www.sfveincenter.com\/es\/","logo":{"@type":"ImageObject","inLanguage":"es","@id":"https:\/\/www.sfveincenter.com\/es\/#\/schema\/logo\/image\/","url":"https:\/\/www.sfveincenter.com\/wp-content\/uploads\/2021\/02\/cropped-favicon-512x512-1-1.png","contentUrl":"https:\/\/www.sfveincenter.com\/wp-content\/uploads\/2021\/02\/cropped-favicon-512x512-1-1.png","width":512,"height":512,"caption":"San Francisco Vein Center - Melinda L Aquino MD"},"image":{"@id":"https:\/\/www.sfveincenter.com\/es\/#\/schema\/logo\/image\/"},"sameAs":["https:\/\/www.facebook.com\/sfveincenter","https:\/\/x.com\/sfveincenter","https:\/\/www.youtube.com\/channel\/UCH75q26Kq5lThH_Xptt8imQ","https:\/\/x.com\/SFVeinCenter"]}]}},"_links":{"self":[{"href":"https:\/\/www.sfveincenter.com\/es\/wp-json\/wp\/v2\/pages\/3078","targetHints":{"allow":["GET"]}}],"collection":[{"href":"https:\/\/www.sfveincenter.com\/es\/wp-json\/wp\/v2\/pages"}],"about":[{"href":"https:\/\/www.sfveincenter.com\/es\/wp-json\/wp\/v2\/types\/page"}],"author":[{"embeddable":true,"href":"https:\/\/www.sfveincenter.com\/es\/wp-json\/wp\/v2\/users\/5"}],"replies":[{"embeddable":true,"href":"https:\/\/www.sfveincenter.com\/es\/wp-json\/wp\/v2\/comments?post=3078"}],"version-history":[{"count":0,"href":"https:\/\/www.sfveincenter.com\/es\/wp-json\/wp\/v2\/pages\/3078\/revisions"}],"wp:attachment":[{"href":"https:\/\/www.sfveincenter.com\/es\/wp-json\/wp\/v2\/media?parent=3078"}],"curies":[{"name":"wp","href":"https:\/\/api.w.org\/{rel}","templated":true}]}}