{"id":3068,"date":"2018-10-09T21:55:40","date_gmt":"2018-10-10T04:55:40","guid":{"rendered":"http:\/\/54.70.23.198\/enfermedad-arterial\/"},"modified":"2025-06-03T13:25:33","modified_gmt":"2025-06-03T20:25:33","slug":"enfermedad-arterial","status":"publish","type":"page","link":"https:\/\/www.sfveincenter.com\/es\/enfermedad-arterial\/","title":{"rendered":"Enfermedad arterial"},"content":{"rendered":"<p>[et_pb_section fb_built=\u00bb1&#8243; _builder_version=\u00bb4.16&#8243; custom_padding=\u00bb1%|||\u00bb global_colors_info=\u00bb{}\u00bb][et_pb_row _builder_version=\u00bb4.16&#8243; background_size=\u00bbinitial\u00bb background_position=\u00bbtop_left\u00bb background_repeat=\u00bbrepeat\u00bb global_colors_info=\u00bb{}\u00bb][et_pb_column type=\u00bb4_4&#8243; _builder_version=\u00bb4.16&#8243; custom_padding=\u00bb|||\u00bb global_colors_info=\u00bb{}\u00bb custom_padding__hover=\u00bb|||\u00bb][et_pb_text _builder_version=\u00bb4.27.4&#8243; background_size=\u00bbinitial\u00bb background_position=\u00bbtop_left\u00bb background_repeat=\u00bbrepeat\u00bb hover_enabled=\u00bb0&#8243; global_colors_info=\u00bb{}\u00bb sticky_enabled=\u00bb0&#8243;]<\/p>\n<h1 style=\"text-align: center;\">Enfermedad arterial<\/h1>\n<p>La enfermedad arterial suele estar causada por la aterosclerosis, una acumulaci\u00f3n de placa que con el tiempo endurece y estrecha las arterias. Este proceso est\u00e1 estrechamente relacionado con enfermedades comunes como la hipertensi\u00f3n, el colesterol alto, la diabetes y la obesidad, as\u00ed como con factores del estilo de vida como el tabaquismo y la inactividad f\u00edsica. En nuestra consulta de cirug\u00eda vascular, nos centramos tanto en el tratamiento quir\u00fargico como en el control de los factores de riesgo. Eso incluye ayudar a los pacientes a controlar la tensi\u00f3n arterial y el colesterol, apoyar la deshabituaci\u00f3n tab\u00e1quica y coordinar la atenci\u00f3n con m\u00e9dicos de cabecera y cardi\u00f3logos cuando sea necesario. Tratar la enfermedad arterial significa abordar sus causas subyacentes, no s\u00f3lo sus s\u00edntomas.<\/p>\n<p><img decoding=\"async\" class=\"wp-image-9786 alignright size-medium\" src=\"https:\/\/www.sfveincenter.com\/wp-content\/uploads\/2025\/06\/ChatGPT-Image-Jun-3-2025-11_40_12-AM-300x200.png\" alt=\"Enfermedad arterial\" width=\"300\" height=\"200\" srcset=\"https:\/\/www.sfveincenter.com\/wp-content\/uploads\/2025\/06\/ChatGPT-Image-Jun-3-2025-11_40_12-AM-300x200.png 300w, https:\/\/www.sfveincenter.com\/wp-content\/uploads\/2025\/06\/ChatGPT-Image-Jun-3-2025-11_40_12-AM-1024x683.png 1024w, https:\/\/www.sfveincenter.com\/wp-content\/uploads\/2025\/06\/ChatGPT-Image-Jun-3-2025-11_40_12-AM-768x512.png 768w, https:\/\/www.sfveincenter.com\/wp-content\/uploads\/2025\/06\/ChatGPT-Image-Jun-3-2025-11_40_12-AM.png 1536w\" sizes=\"(max-width: 300px) 100vw, 300px\" \/>La mayor\u00eda de las enfermedades arteriales est\u00e1n relacionadas con la aterosclerosis, que es un endurecimiento de las arterias. La aterosclerosis es causada por muchos de los vicios m\u00e1s comunes en la sociedad occidental. Los alimentos ricos y el consumo excesivo de alimentos junto con un estilo de vida sedentario pueden conducir a <a href=\"https:\/\/www.sfveincenter.com\/es\/insuficiencia-venosa\/\">vasos da\u00f1adas<\/a> y condiciones como colesterol alto, obesidad, presi\u00f3n arterial alta y diabetes. Todos estos son factores de riesgo para la aterosclerosis. Fumar o tener una historia pasada de fumar tambi\u00e9n pone uno en un riesgo tremendamente creciente de ateroesclerosis. De hecho, el proceso de aterosclerosis que causa <em>la enfermedad arterial perif\u00e9rica<\/em> tambi\u00e9n causa enfermedades del coraz\u00f3n y ataques card\u00edacos que son las principales causas de muerte en los Estados Unidos.<\/p>\n<p>En nuestra pr\u00e1ctica de <strong><em>cirug\u00eda vascular<\/em><\/strong>, sabemos que el tratamiento de la enfermedad arterial tambi\u00e9n significa tratar a los pacientes. Nuestro trabajo principal es evaluar a los pacientes desde una perspectiva quir\u00fargica. Sin embargo, tambi\u00e9n somos agresivos sobre el control de los factores de riesgo para la enfermedad vascular. Los cirujanos vasculares tratan de frenar o detener su progreso en el cuerpo. Trabajamos con usted para disminuir la presi\u00f3n arterial alta y los niveles de colesterol. Tambi\u00e9n le ayudamos a adoptar un estilo de vida saludable y a dejar de fumar si fuma. Dado que los pacientes con enfermedad arterial perif\u00e9rica avanzada est\u00e1n en riesgo de cardiopat\u00eda, nos aseguramos de comunicarnos con su cardi\u00f3logo y su m\u00e9dico de cabecera. Estamos utilizando para trabajar juntos como un equipo para mantenerlo lo m\u00e1s saludable posible.<\/p>\n<p>Creemos que nuestro trabajo final es tratar a todo el paciente, y asociarnos con cada paciente para optimizar su salud para mejor.<\/p>\n<p>Algunas enfermedades arteriales Dr. Aquino Treats son:<\/p>\n<ul>\n<li><a href=\"https:\/\/www.sfveincenter.com\/es\/aneurisma-aortico\/\">Arotic aneurismas<\/a><\/li>\n<li><a href=\"https:\/\/www.sfveincenter.com\/es\/estenosis-enfermedad-de-carotida-arteria\/\">Enfermedad de la arteria car\u00f3tida<\/a><\/li>\n<li><a href=\"https:\/\/www.sfveincenter.com\/es\/claudicacion\/\">Claudicaci\u00f3n<\/a><\/li>\n<li><a href=\"https:\/\/www.sfveincenter.com\/es\/isquemia-mesenterica\/\">Isquemia mesent\u00e9rica<\/a><\/li>\n<li><a href=\"https:\/\/www.sfveincenter.com\/es\/estenosis-de-la-arteria-renal\/\">Estenosis de la arteria renal<\/a><\/li>\n<li><a href=\"https:\/\/www.sfveincenter.com\/es\/accesos-vasculares-para-hemodialisis\/\">Cirug\u00eda de acceso a di\u00e1lisis<\/a><\/li>\n<\/ul>\n<p>[\/et_pb_text][\/et_pb_column][\/et_pb_row][\/et_pb_section]<\/p>\n","protected":false},"excerpt":{"rendered":"<p>Enfermedad arterial La enfermedad arterial suele estar causada por la aterosclerosis, una acumulaci\u00f3n de placa que con el tiempo endurece y estrecha las arterias. Este proceso est\u00e1 estrechamente relacionado con enfermedades comunes como la hipertensi\u00f3n, el colesterol alto, la diabetes y la obesidad, as\u00ed como con factores del estilo de vida como el tabaquismo y [&hellip;]<\/p>\n","protected":false},"author":5,"featured_media":0,"parent":0,"menu_order":3,"comment_status":"closed","ping_status":"closed","template":"","meta":{"_et_pb_use_builder":"on","_et_pb_old_content":"","_et_gb_content_width":"","footnotes":"","_links_to":"","_links_to_target":""},"class_list":["post-3068","page","type-page","status-publish","hentry"],"yoast_head":"<!-- This site is optimized with the Yoast SEO Premium plugin v27.0 (Yoast SEO v27.0) - https:\/\/yoast.com\/product\/yoast-seo-premium-wordpress\/ -->\n<title>Enfermedad Arterial | Cirujano Vascular San Francisco<\/title>\n<meta name=\"description\" content=\"Las enfermedades arteriales incluyen aneurismas a\u00f3rticos, enfermedad de la arteria car\u00f3tida, claudicaci\u00f3n y estenosis de la arteria renal\" \/>\n<meta name=\"robots\" content=\"index, follow, max-snippet:-1, max-image-preview:large, max-video-preview:-1\" \/>\n<link rel=\"canonical\" href=\"https:\/\/www.sfveincenter.com\/es\/enfermedad-arterial\/\" \/>\n<meta property=\"og:locale\" content=\"es_ES\" \/>\n<meta property=\"og:type\" content=\"article\" \/>\n<meta property=\"og:title\" content=\"Enfermedad arterial\" \/>\n<meta property=\"og:description\" content=\"Las enfermedades arteriales incluyen aneurismas a\u00f3rticos, enfermedad de la arteria car\u00f3tida, claudicaci\u00f3n y estenosis de la arteria renal\" \/>\n<meta property=\"og:url\" content=\"https:\/\/www.sfveincenter.com\/es\/enfermedad-arterial\/\" \/>\n<meta property=\"og:site_name\" content=\"San Francisco Vein Doctor | Varicose &amp; Spider Vein Treatment\" \/>\n<meta property=\"article:publisher\" content=\"https:\/\/www.facebook.com\/sfveincenter\" \/>\n<meta property=\"article:modified_time\" content=\"2025-06-03T20:25:33+00:00\" \/>\n<meta property=\"og:image\" content=\"https:\/\/www.sfveincenter.com\/wp-content\/uploads\/2010\/09\/arterial-system.png\" \/>\n\t<meta property=\"og:image:width\" content=\"200\" \/>\n\t<meta property=\"og:image:height\" content=\"283\" \/>\n\t<meta property=\"og:image:type\" content=\"image\/png\" \/>\n<meta name=\"twitter:card\" content=\"summary_large_image\" \/>\n<meta name=\"twitter:site\" content=\"@sfveincenter\" \/>\n<meta name=\"twitter:label1\" content=\"Tiempo de lectura\" \/>\n\t<meta name=\"twitter:data1\" content=\"3 minutos\" \/>\n<script type=\"application\/ld+json\" class=\"yoast-schema-graph\">{\"@context\":\"https:\/\/schema.org\",\"@graph\":[{\"@type\":\"WebPage\",\"@id\":\"https:\/\/www.sfveincenter.com\/es\/enfermedad-arterial\/\",\"url\":\"https:\/\/www.sfveincenter.com\/es\/enfermedad-arterial\/\",\"name\":\"Enfermedad Arterial | Cirujano Vascular San Francisco\",\"isPartOf\":{\"@id\":\"https:\/\/www.sfveincenter.com\/es\/#website\"},\"primaryImageOfPage\":{\"@id\":\"https:\/\/www.sfveincenter.com\/es\/enfermedad-arterial\/#primaryimage\"},\"image\":{\"@id\":\"https:\/\/www.sfveincenter.com\/es\/enfermedad-arterial\/#primaryimage\"},\"thumbnailUrl\":\"https:\/\/www.sfveincenter.com\/wp-content\/uploads\/2025\/06\/ChatGPT-Image-Jun-3-2025-11_40_12-AM-300x200.png\",\"datePublished\":\"2018-10-10T04:55:40+00:00\",\"dateModified\":\"2025-06-03T20:25:33+00:00\",\"description\":\"Las enfermedades arteriales incluyen aneurismas a\u00f3rticos, enfermedad de la arteria car\u00f3tida, claudicaci\u00f3n y estenosis de la arteria renal\",\"breadcrumb\":{\"@id\":\"https:\/\/www.sfveincenter.com\/es\/enfermedad-arterial\/#breadcrumb\"},\"inLanguage\":\"es\",\"potentialAction\":[{\"@type\":\"ReadAction\",\"target\":[\"https:\/\/www.sfveincenter.com\/es\/enfermedad-arterial\/\"]}]},{\"@type\":\"ImageObject\",\"inLanguage\":\"es\",\"@id\":\"https:\/\/www.sfveincenter.com\/es\/enfermedad-arterial\/#primaryimage\",\"url\":\"https:\/\/www.sfveincenter.com\/wp-content\/uploads\/2025\/06\/ChatGPT-Image-Jun-3-2025-11_40_12-AM-300x200.png\",\"contentUrl\":\"https:\/\/www.sfveincenter.com\/wp-content\/uploads\/2025\/06\/ChatGPT-Image-Jun-3-2025-11_40_12-AM-300x200.png\"},{\"@type\":\"BreadcrumbList\",\"@id\":\"https:\/\/www.sfveincenter.com\/es\/enfermedad-arterial\/#breadcrumb\",\"itemListElement\":[{\"@type\":\"ListItem\",\"position\":1,\"name\":\"Home\",\"item\":\"https:\/\/www.sfveincenter.com\/es\/inicio-2\/\"},{\"@type\":\"ListItem\",\"position\":2,\"name\":\"Enfermedad arterial\"}]},{\"@type\":\"WebSite\",\"@id\":\"https:\/\/www.sfveincenter.com\/es\/#website\",\"url\":\"https:\/\/www.sfveincenter.com\/es\/\",\"name\":\"San Francisco Vein Doctor | Varicose &amp; Spider Vein Treatment\",\"description\":\"\",\"publisher\":{\"@id\":\"https:\/\/www.sfveincenter.com\/es\/#organization\"},\"potentialAction\":[{\"@type\":\"SearchAction\",\"target\":{\"@type\":\"EntryPoint\",\"urlTemplate\":\"https:\/\/www.sfveincenter.com\/es\/?s={search_term_string}\"},\"query-input\":{\"@type\":\"PropertyValueSpecification\",\"valueRequired\":true,\"valueName\":\"search_term_string\"}}],\"inLanguage\":\"es\"},{\"@type\":\"Organization\",\"@id\":\"https:\/\/www.sfveincenter.com\/es\/#organization\",\"name\":\"San Francisco Vein Center - Melinda L Aquino MD\",\"url\":\"https:\/\/www.sfveincenter.com\/es\/\",\"logo\":{\"@type\":\"ImageObject\",\"inLanguage\":\"es\",\"@id\":\"https:\/\/www.sfveincenter.com\/es\/#\/schema\/logo\/image\/\",\"url\":\"https:\/\/www.sfveincenter.com\/wp-content\/uploads\/2021\/02\/cropped-favicon-512x512-1-1.png\",\"contentUrl\":\"https:\/\/www.sfveincenter.com\/wp-content\/uploads\/2021\/02\/cropped-favicon-512x512-1-1.png\",\"width\":512,\"height\":512,\"caption\":\"San Francisco Vein Center - Melinda L Aquino MD\"},\"image\":{\"@id\":\"https:\/\/www.sfveincenter.com\/es\/#\/schema\/logo\/image\/\"},\"sameAs\":[\"https:\/\/www.facebook.com\/sfveincenter\",\"https:\/\/x.com\/sfveincenter\",\"https:\/\/www.youtube.com\/channel\/UCH75q26Kq5lThH_Xptt8imQ\",\"https:\/\/x.com\/SFVeinCenter\"]}]}<\/script>\n<!-- \/ Yoast SEO Premium plugin. -->","yoast_head_json":{"title":"Enfermedad Arterial | Cirujano Vascular San Francisco","description":"Las enfermedades arteriales incluyen aneurismas a\u00f3rticos, enfermedad de la arteria car\u00f3tida, claudicaci\u00f3n y estenosis de la arteria renal","robots":{"index":"index","follow":"follow","max-snippet":"max-snippet:-1","max-image-preview":"max-image-preview:large","max-video-preview":"max-video-preview:-1"},"canonical":"https:\/\/www.sfveincenter.com\/es\/enfermedad-arterial\/","og_locale":"es_ES","og_type":"article","og_title":"Enfermedad arterial","og_description":"Las enfermedades arteriales incluyen aneurismas a\u00f3rticos, enfermedad de la arteria car\u00f3tida, claudicaci\u00f3n y estenosis de la arteria renal","og_url":"https:\/\/www.sfveincenter.com\/es\/enfermedad-arterial\/","og_site_name":"San Francisco Vein Doctor | Varicose &amp; Spider Vein Treatment","article_publisher":"https:\/\/www.facebook.com\/sfveincenter","article_modified_time":"2025-06-03T20:25:33+00:00","og_image":[{"width":200,"height":283,"url":"https:\/\/www.sfveincenter.com\/wp-content\/uploads\/2010\/09\/arterial-system.png","type":"image\/png"}],"twitter_card":"summary_large_image","twitter_site":"@sfveincenter","twitter_misc":{"Tiempo de lectura":"3 minutos"},"schema":{"@context":"https:\/\/schema.org","@graph":[{"@type":"WebPage","@id":"https:\/\/www.sfveincenter.com\/es\/enfermedad-arterial\/","url":"https:\/\/www.sfveincenter.com\/es\/enfermedad-arterial\/","name":"Enfermedad Arterial | Cirujano Vascular San Francisco","isPartOf":{"@id":"https:\/\/www.sfveincenter.com\/es\/#website"},"primaryImageOfPage":{"@id":"https:\/\/www.sfveincenter.com\/es\/enfermedad-arterial\/#primaryimage"},"image":{"@id":"https:\/\/www.sfveincenter.com\/es\/enfermedad-arterial\/#primaryimage"},"thumbnailUrl":"https:\/\/www.sfveincenter.com\/wp-content\/uploads\/2025\/06\/ChatGPT-Image-Jun-3-2025-11_40_12-AM-300x200.png","datePublished":"2018-10-10T04:55:40+00:00","dateModified":"2025-06-03T20:25:33+00:00","description":"Las enfermedades arteriales incluyen aneurismas a\u00f3rticos, enfermedad de la arteria car\u00f3tida, claudicaci\u00f3n y estenosis de la arteria renal","breadcrumb":{"@id":"https:\/\/www.sfveincenter.com\/es\/enfermedad-arterial\/#breadcrumb"},"inLanguage":"es","potentialAction":[{"@type":"ReadAction","target":["https:\/\/www.sfveincenter.com\/es\/enfermedad-arterial\/"]}]},{"@type":"ImageObject","inLanguage":"es","@id":"https:\/\/www.sfveincenter.com\/es\/enfermedad-arterial\/#primaryimage","url":"https:\/\/www.sfveincenter.com\/wp-content\/uploads\/2025\/06\/ChatGPT-Image-Jun-3-2025-11_40_12-AM-300x200.png","contentUrl":"https:\/\/www.sfveincenter.com\/wp-content\/uploads\/2025\/06\/ChatGPT-Image-Jun-3-2025-11_40_12-AM-300x200.png"},{"@type":"BreadcrumbList","@id":"https:\/\/www.sfveincenter.com\/es\/enfermedad-arterial\/#breadcrumb","itemListElement":[{"@type":"ListItem","position":1,"name":"Home","item":"https:\/\/www.sfveincenter.com\/es\/inicio-2\/"},{"@type":"ListItem","position":2,"name":"Enfermedad arterial"}]},{"@type":"WebSite","@id":"https:\/\/www.sfveincenter.com\/es\/#website","url":"https:\/\/www.sfveincenter.com\/es\/","name":"San Francisco Vein Doctor | Varicose &amp; Spider Vein Treatment","description":"","publisher":{"@id":"https:\/\/www.sfveincenter.com\/es\/#organization"},"potentialAction":[{"@type":"SearchAction","target":{"@type":"EntryPoint","urlTemplate":"https:\/\/www.sfveincenter.com\/es\/?s={search_term_string}"},"query-input":{"@type":"PropertyValueSpecification","valueRequired":true,"valueName":"search_term_string"}}],"inLanguage":"es"},{"@type":"Organization","@id":"https:\/\/www.sfveincenter.com\/es\/#organization","name":"San Francisco Vein Center - Melinda L Aquino MD","url":"https:\/\/www.sfveincenter.com\/es\/","logo":{"@type":"ImageObject","inLanguage":"es","@id":"https:\/\/www.sfveincenter.com\/es\/#\/schema\/logo\/image\/","url":"https:\/\/www.sfveincenter.com\/wp-content\/uploads\/2021\/02\/cropped-favicon-512x512-1-1.png","contentUrl":"https:\/\/www.sfveincenter.com\/wp-content\/uploads\/2021\/02\/cropped-favicon-512x512-1-1.png","width":512,"height":512,"caption":"San Francisco Vein Center - Melinda L Aquino MD"},"image":{"@id":"https:\/\/www.sfveincenter.com\/es\/#\/schema\/logo\/image\/"},"sameAs":["https:\/\/www.facebook.com\/sfveincenter","https:\/\/x.com\/sfveincenter","https:\/\/www.youtube.com\/channel\/UCH75q26Kq5lThH_Xptt8imQ","https:\/\/x.com\/SFVeinCenter"]}]}},"_links":{"self":[{"href":"https:\/\/www.sfveincenter.com\/es\/wp-json\/wp\/v2\/pages\/3068","targetHints":{"allow":["GET"]}}],"collection":[{"href":"https:\/\/www.sfveincenter.com\/es\/wp-json\/wp\/v2\/pages"}],"about":[{"href":"https:\/\/www.sfveincenter.com\/es\/wp-json\/wp\/v2\/types\/page"}],"author":[{"embeddable":true,"href":"https:\/\/www.sfveincenter.com\/es\/wp-json\/wp\/v2\/users\/5"}],"replies":[{"embeddable":true,"href":"https:\/\/www.sfveincenter.com\/es\/wp-json\/wp\/v2\/comments?post=3068"}],"version-history":[{"count":0,"href":"https:\/\/www.sfveincenter.com\/es\/wp-json\/wp\/v2\/pages\/3068\/revisions"}],"wp:attachment":[{"href":"https:\/\/www.sfveincenter.com\/es\/wp-json\/wp\/v2\/media?parent=3068"}],"curies":[{"name":"wp","href":"https:\/\/api.w.org\/{rel}","templated":true}]}}