{"id":3023,"date":"2018-10-09T19:18:47","date_gmt":"2018-10-10T02:18:47","guid":{"rendered":"http:\/\/54.70.23.198\/arana-vena-retiro\/"},"modified":"2024-12-31T17:00:24","modified_gmt":"2025-01-01T01:00:24","slug":"eliminacion-de-venas-vasculares-aranas","status":"publish","type":"page","link":"https:\/\/www.sfveincenter.com\/es\/eliminacion-de-venas-vasculares-aranas\/","title":{"rendered":"Ara\u00f1as vasculares"},"content":{"rendered":"<p>[et_pb_section fb_built=\u00bb1&#8243; _builder_version=\u00bb4.16&#8243; global_colors_info=\u00bb{}\u00bb][et_pb_row _builder_version=\u00bb4.16&#8243; background_size=\u00bbinitial\u00bb background_position=\u00bbtop_left\u00bb background_repeat=\u00bbrepeat\u00bb global_colors_info=\u00bb{}\u00bb][et_pb_column type=\u00bb4_4&#8243; _builder_version=\u00bb4.16&#8243; custom_padding=\u00bb|||\u00bb global_colors_info=\u00bb{}\u00bb custom_padding__hover=\u00bb|||\u00bb][et_pb_text _builder_version=\u00bb4.27.4&#8243; background_size=\u00bbinitial\u00bb background_position=\u00bbtop_left\u00bb background_repeat=\u00bbrepeat\u00bb hover_enabled=\u00bb0&#8243; global_colors_info=\u00bb{}\u00bb sticky_enabled=\u00bb0&#8243;]<\/p>\n<h1 style=\"text-align: center;\">Ara\u00f1as vasculares: \u00bfQu\u00e9 son y c\u00f3mo eliminarlas?<\/h1>\n<h2>Introducci\u00f3n a las ara\u00f1as vasculares<\/h2>\n<p><img decoding=\"async\" class=\"alignright wp-image-9613 size-medium\" src=\"https:\/\/www.sfveincenter.com\/wp-content\/uploads\/2024\/12\/spider-veins-up-close-300x300.jpg\" alt=\"ara\u00f1a-venas-magnificada\" width=\"300\" height=\"300\">Las ara\u00f1as vasculares, tambi\u00e9n llamadas <strong>telangiectasias<\/strong>, son venas peque\u00f1as y da\u00f1adas que suelen aparecer en la <strong>cara, las piernas u otras zonas del cuerpo<\/strong>. Estas venas se forman cuando los peque\u00f1os vasos sangu\u00edneos situados bajo la piel se dilatan, haci\u00e9ndose visibles en forma de telara\u00f1as rojas, azules o moradas. Aunque a menudo se consideran un problema est\u00e9tico, las ara\u00f1as vasculares tambi\u00e9n pueden indicar signos precoces de <a href=\"https:\/\/www.sfveincenter.com\/es\/insuficiencia-venosa\/\">enfermedad venosa<\/a>, un trastorno que afecta al flujo sangu\u00edneo adecuado.  <\/p>\n<p>Aunque las ara\u00f1as vasculares son m\u00e1s frecuentes en las mujeres y tienden a aumentar con la edad, cualquiera puede desarrollarlas. Para evitar que vuelvan a aparecer, es esencial que un <a href=\"https:\/\/www.sfveincenter.com\/es\/especialistas-en-venas-san-francisco\/\"><strong>especialista cualificado en venas<\/strong><\/a>ya que las afecciones venosas subyacentes pueden contribuir a su formaci\u00f3n. <\/p>\n<h2>Comprender las ara\u00f1as vasculares y sus s\u00edntomas<\/h2>\n<p>Las ara\u00f1as vasculares pueden presentarse en varios patrones, como <strong>formaciones lineales, en estrella o en \u00e1rbol<\/strong>. Suelen aparecer en las <strong>piernas, incluida la cara interna de los muslos, los tobillos y las pantorrillas<\/strong>, pero tambi\u00e9n pueden desarrollarse en la cara u otras zonas del cuerpo. En algunos casos, las ara\u00f1as vasculares pueden indicar una afecci\u00f3n subyacente denominada <strong>insuficiencia venosa<\/strong>, que requiere evaluaci\u00f3n m\u00e9dica.  <\/p>\n<p>Es importante diferenciar las ara\u00f1as vasculares de <strong>las varices<\/strong>:<\/p>\n<ul>\n<li>Las ara\u00f1as vasculares son m\u00e1s peque\u00f1as (menos de 1 mm de di\u00e1metro), est\u00e1n m\u00e1s cerca de la superficie de la piel y suelen ser indoloras.<\/li>\n<li>Las varices son m\u00e1s grandes, retorcidas y pueden causar molestias o hinchaz\u00f3n.<\/li>\n<\/ul>\n<p>Las ara\u00f1as vasculares suelen tratarse por motivos est\u00e9ticos, mientras que las varices suelen tratarse por necesidad m\u00e9dica.<\/p>\n<h2>Causas y factores de riesgo<\/h2>\n<p>Varios factores contribuyen al desarrollo de las ara\u00f1as vasculares, entre ellos<\/p>\n<ul>\n<li><strong>La gen\u00e9tica:<\/strong> Los antecedentes familiares desempe\u00f1an un papel importante.<\/li>\n<li><strong>Edad:<\/strong> La elasticidad de las venas disminuye con el tiempo.<\/li>\n<li><strong>El sexo:<\/strong> Los cambios hormonales durante el embarazo, la menopausia o los tratamientos hormonales aumentan el riesgo.<\/li>\n<li><strong>El embarazo:<\/strong> El aumento del volumen sangu\u00edneo y la presi\u00f3n fuerzan las venas.<\/li>\n<li><strong>Estilo de vida:<\/strong> Estar mucho tiempo de pie o sentado puede debilitar las paredes venosas.<\/li>\n<li><strong>Obesidad:<\/strong> El sobrepeso ejerce presi\u00f3n sobre las venas.<\/li>\n<li><strong>Lesi\u00f3n o traumatismo:<\/strong> Puede da\u00f1ar las estructuras venosas.<\/li>\n<\/ul>\n<h2>C\u00f3mo minimizar el riesgo<\/h2>\n<p>Aunque algunas causas son incontrolables, tomar medidas proactivas puede ayudar a reducir la probabilidad de desarrollar ara\u00f1as vasculares:<\/p>\n<ul>\n<li>Usa <strong>medias de compresi\u00f3n<\/strong> para mejorar la circulaci\u00f3n.<\/li>\n<li>Mant\u00e9n un <strong>peso saludable<\/strong> para minimizar la presi\u00f3n venosa.<\/li>\n<li>Evita <strong>permanecer mucho tiempo de pie<\/strong> o sentado.<\/li>\n<li>Protege tu piel de la <strong>exposici\u00f3n a los rayos UV<\/strong> con un protector solar.<\/li>\n<\/ul>\n<h2>Diagn\u00f3stico de las ara\u00f1as vasculares<\/h2>\n<p>La mayor\u00eda de los pacientes reconocen las ara\u00f1as vasculares por su aspecto. Sin embargo, si aparecen s\u00edntomas como pesadez, sensibilidad o hinchaz\u00f3n en las piernas, puede recomendarse una <strong>ecograf\u00eda diagn\u00f3stica<\/strong>. Esta prueba identifica problemas venosos subyacentes, como varices o insuficiencia venosa, garantizando que el tratamiento aborde la causa ra\u00edz. Tratar las ara\u00f1as vasculares sin diagnosticar las afecciones subyacentes puede dar lugar a recidivas o complicaciones.   <\/p>\n<h2>Tratamiento escleroter\u00e1pico de las ara\u00f1as vasculares<\/h2>\n<p><img decoding=\"async\" class=\"wp-image-9640 alignright size-medium\" src=\"https:\/\/www.sfveincenter.com\/wp-content\/uploads\/2024\/12\/legs-with-removed-spider-veins-233x300.jpg\" alt=\"Mujer que sube las escaleras sin ara\u00f1as vasculares\" width=\"233\" height=\"300\"><a href=\"https:\/\/www.sfveincenter.com\/es\/tratamiento-de-venas-vasculares-escleroterapia\/\">La escleroterapia<\/a> es la <strong>norma de oro<\/strong> para la eliminaci\u00f3n de las ara\u00f1as vasculares. Este procedimiento m\u00ednimamente invasivo consiste en inyectar una soluci\u00f3n aprobada por la FDA, como <strong>el tetradecil sulfato s\u00f3dico<\/strong>, directamente en la vena. La soluci\u00f3n hace que la vena cicatrice y se cierre, redirigiendo el flujo sangu\u00edneo a venas m\u00e1s sanas. Con el tiempo, la vena tratada se aten\u00faa y desaparece.   <\/p>\n<h3 style=\"padding-left: 30px;\">\u00bfPor qu\u00e9 elegir la escleroterapia?<\/h3>\n<ul>\n<li>Seguro y eficaz.<\/li>\n<li>M\u00ednimamente invasivo, con poco o ning\u00fan tiempo de inactividad.<\/li>\n<li>Los resultados mejoran notablemente tras unas pocas sesiones.<\/li>\n<\/ul>\n<h3 style=\"padding-left: 30px;\">\u00bfTasa de \u00e9xito?<\/h3>\n<p style=\"padding-left: 30px;\">Aunque los resultados individuales pueden variar, aproximadamente <strong>el 80% de los pacientes experimentan una mejora significativa<\/strong> con la escleroterapia. Pueden ser necesarias varias sesiones para obtener resultados \u00f3ptimos, dependiendo de la extensi\u00f3n y localizaci\u00f3n de las ara\u00f1as vasculares. <\/p>\n<h3 style=\"padding-left: 30px;\">\u00bfes dolorosa la escleroterapia?<\/h3>\n<p style=\"padding-left: 30px;\">En general, la escleroterapia se tolera bien. Los pacientes pueden sentir una ligera sensaci\u00f3n de escozor durante la inyecci\u00f3n, pero las molestias son m\u00ednimas y breves. En raras ocasiones, puede aplicarse un agente anest\u00e9sico para mayor comodidad.  <\/p>\n<h3 style=\"padding-left: 30px;\">Alternativas a la escleroterapia<\/h3>\n<p style=\"padding-left: 30px;\">Para quienes buscan alternativas, el <strong>tratamiento con l\u00e1ser<\/strong> es otra opci\u00f3n eficaz para eliminar las ara\u00f1as vasculares. La terapia l\u00e1ser utiliza luz concentrada para calentar la vena, haciendo que cicatrice y se cierre. Esta opci\u00f3n es ideal para tratar las ara\u00f1as vasculares m\u00e1s peque\u00f1as, sobre todo en la <strong>cara y el pecho<\/strong>.  <\/p>\n<ul>\n<li><strong>Eficacia:<\/strong> Ambas son eficaces, pero la escleroterapia es mejor para las venas m\u00e1s grandes.<\/li>\n<li><strong>Dolor:<\/strong> El tratamiento con l\u00e1ser suele ser m\u00e1s doloroso que la escleroterapia.<\/li>\n<li><strong>Zona objetivo:<\/strong> El l\u00e1ser funciona mejor para las venas faciales m\u00e1s peque\u00f1as; la escleroterapia es m\u00e1s eficaz en las venas de las piernas.<\/li>\n<\/ul>\n<h2>\u00bfSe pueden eliminar las ara\u00f1as vasculares de forma permanente?<\/h2>\n<p>Las ara\u00f1as vasculares pueden reaparecer, aunque normalmente de forma menos prominente. La gen\u00e9tica, el estilo de vida y la salud venosa subyacente influyen en la reaparici\u00f3n.  La tendencia a obtener venas de ara\u00f1a es algo gen\u00e9tica como la tendencia a obtener pecas o manchas de edad. Muchos pacientes optan por <strong>tratamientos de mantenimiento<\/strong>, como sesiones peri\u00f3dicas de escleroterapia, para mantener las piernas con un aspecto terso y saludable.<\/p>\n<h2>Programar la eliminaci\u00f3n de ara\u00f1as vasculares<\/h2>\n<p>Dar el primer paso hacia el tratamiento de las venas varicosas es sencillo. Programa tu consulta hoy mismo <strong>llamando a nuestra consulta<\/strong> o utilizando nuestro <a href=\"https:\/\/www.sfveincenter.com\/es\/solicitud-de-cita\/\"><strong>formulario de solicitud de cita<\/strong><\/a>. Para obtener los mejores resultados, trae o compra <strong>medias de compresi\u00f3n<\/strong>, ya que desempe\u00f1an un papel vital en la recuperaci\u00f3n posterior al tratamiento.  <\/p>\n<p>[\/et_pb_text][\/et_pb_column][\/et_pb_row][\/et_pb_section]<\/p>\n","protected":false},"excerpt":{"rendered":"<p>Las venas de ara\u00f1a tambi\u00e9n se conocen como telangiectasias. Son a menudo la manifestaci\u00f3n m\u00e1s temprana de la enfermedad venosa. Est\u00e1n formadas por peque\u00f1as venas bajo la piel que se dilatan haci\u00e9ndolos visibles a trav\u00e9s de la superficie de la piel. Pueden ser azules, p\u00farpuras, o rojos y son con frecuencia extensos, formando varios patrones de linear, de estallido de estrella, o \u00e1rbol-como la distribuci\u00f3n.<\/p>\n","protected":false},"author":5,"featured_media":0,"parent":0,"menu_order":0,"comment_status":"closed","ping_status":"closed","template":"","meta":{"_et_pb_use_builder":"on","_et_pb_old_content":"","_et_gb_content_width":"","footnotes":"","_links_to":"","_links_to_target":""},"class_list":["post-3023","page","type-page","status-publish","hentry"],"yoast_head":"<!-- This site is optimized with the Yoast SEO Premium plugin v27.0 (Yoast SEO v27.0) - https:\/\/yoast.com\/product\/yoast-seo-premium-wordpress\/ -->\n<title>Eliminaci\u00f3n de la vena de la ara\u00f1a | Venas ara\u00f1as | Venas varicosas<\/title>\n<meta name=\"description\" content=\"Las venas de la ara\u00f1a pueden ser una forma temprana de enfermedad de la vena. Las inyecciones de escleroterapia son el m\u00e9todo m\u00e1s popular para la eliminaci\u00f3n de las venas ara\u00f1a.\" \/>\n<meta name=\"robots\" content=\"index, follow, max-snippet:-1, max-image-preview:large, max-video-preview:-1\" \/>\n<link rel=\"canonical\" href=\"https:\/\/www.sfveincenter.com\/es\/eliminacion-de-venas-vasculares-aranas\/\" \/>\n<meta property=\"og:locale\" content=\"es_ES\" \/>\n<meta property=\"og:type\" content=\"article\" \/>\n<meta property=\"og:title\" content=\"Ara\u00f1as vasculares\" \/>\n<meta property=\"og:description\" content=\"Las venas de la ara\u00f1a pueden ser una forma temprana de enfermedad de la vena. Las inyecciones de escleroterapia son el m\u00e9todo m\u00e1s popular para la eliminaci\u00f3n de las venas ara\u00f1a.\" \/>\n<meta property=\"og:url\" content=\"https:\/\/www.sfveincenter.com\/es\/eliminacion-de-venas-vasculares-aranas\/\" \/>\n<meta property=\"og:site_name\" content=\"San Francisco Vein Doctor | Varicose &amp; Spider Vein Treatment\" \/>\n<meta property=\"article:publisher\" content=\"https:\/\/www.facebook.com\/sfveincenter\" \/>\n<meta property=\"article:modified_time\" content=\"2025-01-01T01:00:24+00:00\" \/>\n<meta property=\"og:image\" content=\"https:\/\/www.sfveincenter.com\/wp-content\/uploads\/2024\/12\/spider-veins-up-close.jpg\" \/>\n\t<meta property=\"og:image:width\" content=\"1335\" \/>\n\t<meta property=\"og:image:height\" content=\"1335\" \/>\n\t<meta property=\"og:image:type\" content=\"image\/jpeg\" \/>\n<meta name=\"twitter:card\" content=\"summary_large_image\" \/>\n<meta name=\"twitter:site\" content=\"@sfveincenter\" \/>\n<meta name=\"twitter:label1\" content=\"Tiempo de lectura\" \/>\n\t<meta name=\"twitter:data1\" content=\"5 minutos\" \/>\n<script type=\"application\/ld+json\" class=\"yoast-schema-graph\">{\"@context\":\"https:\/\/schema.org\",\"@graph\":[{\"@type\":\"WebPage\",\"@id\":\"https:\/\/www.sfveincenter.com\/es\/eliminacion-de-venas-vasculares-aranas\/\",\"url\":\"https:\/\/www.sfveincenter.com\/es\/eliminacion-de-venas-vasculares-aranas\/\",\"name\":\"Eliminaci\u00f3n de la vena de la ara\u00f1a | Venas ara\u00f1as | Venas varicosas\",\"isPartOf\":{\"@id\":\"https:\/\/www.sfveincenter.com\/es\/#website\"},\"primaryImageOfPage\":{\"@id\":\"https:\/\/www.sfveincenter.com\/es\/eliminacion-de-venas-vasculares-aranas\/#primaryimage\"},\"image\":{\"@id\":\"https:\/\/www.sfveincenter.com\/es\/eliminacion-de-venas-vasculares-aranas\/#primaryimage\"},\"thumbnailUrl\":\"https:\/\/www.sfveincenter.com\/wp-content\/uploads\/2024\/12\/spider-veins-up-close-300x300.jpg\",\"datePublished\":\"2018-10-10T02:18:47+00:00\",\"dateModified\":\"2025-01-01T01:00:24+00:00\",\"description\":\"Las venas de la ara\u00f1a pueden ser una forma temprana de enfermedad de la vena. Las inyecciones de escleroterapia son el m\u00e9todo m\u00e1s popular para la eliminaci\u00f3n de las venas ara\u00f1a.\",\"breadcrumb\":{\"@id\":\"https:\/\/www.sfveincenter.com\/es\/eliminacion-de-venas-vasculares-aranas\/#breadcrumb\"},\"inLanguage\":\"es\",\"potentialAction\":[{\"@type\":\"ReadAction\",\"target\":[\"https:\/\/www.sfveincenter.com\/es\/eliminacion-de-venas-vasculares-aranas\/\"]}]},{\"@type\":\"ImageObject\",\"inLanguage\":\"es\",\"@id\":\"https:\/\/www.sfveincenter.com\/es\/eliminacion-de-venas-vasculares-aranas\/#primaryimage\",\"url\":\"https:\/\/www.sfveincenter.com\/wp-content\/uploads\/2024\/12\/spider-veins-up-close-300x300.jpg\",\"contentUrl\":\"https:\/\/www.sfveincenter.com\/wp-content\/uploads\/2024\/12\/spider-veins-up-close-300x300.jpg\"},{\"@type\":\"BreadcrumbList\",\"@id\":\"https:\/\/www.sfveincenter.com\/es\/eliminacion-de-venas-vasculares-aranas\/#breadcrumb\",\"itemListElement\":[{\"@type\":\"ListItem\",\"position\":1,\"name\":\"Home\",\"item\":\"https:\/\/www.sfveincenter.com\/es\/inicio-2\/\"},{\"@type\":\"ListItem\",\"position\":2,\"name\":\"Ara\u00f1as vasculares\"}]},{\"@type\":\"WebSite\",\"@id\":\"https:\/\/www.sfveincenter.com\/es\/#website\",\"url\":\"https:\/\/www.sfveincenter.com\/es\/\",\"name\":\"San Francisco Vein Doctor | Varicose &amp; Spider Vein Treatment\",\"description\":\"\",\"publisher\":{\"@id\":\"https:\/\/www.sfveincenter.com\/es\/#organization\"},\"potentialAction\":[{\"@type\":\"SearchAction\",\"target\":{\"@type\":\"EntryPoint\",\"urlTemplate\":\"https:\/\/www.sfveincenter.com\/es\/?s={search_term_string}\"},\"query-input\":{\"@type\":\"PropertyValueSpecification\",\"valueRequired\":true,\"valueName\":\"search_term_string\"}}],\"inLanguage\":\"es\"},{\"@type\":\"Organization\",\"@id\":\"https:\/\/www.sfveincenter.com\/es\/#organization\",\"name\":\"San Francisco Vein Center - Melinda L Aquino MD\",\"url\":\"https:\/\/www.sfveincenter.com\/es\/\",\"logo\":{\"@type\":\"ImageObject\",\"inLanguage\":\"es\",\"@id\":\"https:\/\/www.sfveincenter.com\/es\/#\/schema\/logo\/image\/\",\"url\":\"https:\/\/www.sfveincenter.com\/wp-content\/uploads\/2021\/02\/cropped-favicon-512x512-1-1.png\",\"contentUrl\":\"https:\/\/www.sfveincenter.com\/wp-content\/uploads\/2021\/02\/cropped-favicon-512x512-1-1.png\",\"width\":512,\"height\":512,\"caption\":\"San Francisco Vein Center - Melinda L Aquino MD\"},\"image\":{\"@id\":\"https:\/\/www.sfveincenter.com\/es\/#\/schema\/logo\/image\/\"},\"sameAs\":[\"https:\/\/www.facebook.com\/sfveincenter\",\"https:\/\/x.com\/sfveincenter\",\"https:\/\/www.youtube.com\/channel\/UCH75q26Kq5lThH_Xptt8imQ\",\"https:\/\/x.com\/SFVeinCenter\"]}]}<\/script>\n<!-- \/ Yoast SEO Premium plugin. -->","yoast_head_json":{"title":"Eliminaci\u00f3n de la vena de la ara\u00f1a | Venas ara\u00f1as | Venas varicosas","description":"Las venas de la ara\u00f1a pueden ser una forma temprana de enfermedad de la vena. Las inyecciones de escleroterapia son el m\u00e9todo m\u00e1s popular para la eliminaci\u00f3n de las venas ara\u00f1a.","robots":{"index":"index","follow":"follow","max-snippet":"max-snippet:-1","max-image-preview":"max-image-preview:large","max-video-preview":"max-video-preview:-1"},"canonical":"https:\/\/www.sfveincenter.com\/es\/eliminacion-de-venas-vasculares-aranas\/","og_locale":"es_ES","og_type":"article","og_title":"Ara\u00f1as vasculares","og_description":"Las venas de la ara\u00f1a pueden ser una forma temprana de enfermedad de la vena. Las inyecciones de escleroterapia son el m\u00e9todo m\u00e1s popular para la eliminaci\u00f3n de las venas ara\u00f1a.","og_url":"https:\/\/www.sfveincenter.com\/es\/eliminacion-de-venas-vasculares-aranas\/","og_site_name":"San Francisco Vein Doctor | Varicose &amp; Spider Vein Treatment","article_publisher":"https:\/\/www.facebook.com\/sfveincenter","article_modified_time":"2025-01-01T01:00:24+00:00","og_image":[{"width":1335,"height":1335,"url":"https:\/\/www.sfveincenter.com\/wp-content\/uploads\/2024\/12\/spider-veins-up-close.jpg","type":"image\/jpeg"}],"twitter_card":"summary_large_image","twitter_site":"@sfveincenter","twitter_misc":{"Tiempo de lectura":"5 minutos"},"schema":{"@context":"https:\/\/schema.org","@graph":[{"@type":"WebPage","@id":"https:\/\/www.sfveincenter.com\/es\/eliminacion-de-venas-vasculares-aranas\/","url":"https:\/\/www.sfveincenter.com\/es\/eliminacion-de-venas-vasculares-aranas\/","name":"Eliminaci\u00f3n de la vena de la ara\u00f1a | Venas ara\u00f1as | Venas varicosas","isPartOf":{"@id":"https:\/\/www.sfveincenter.com\/es\/#website"},"primaryImageOfPage":{"@id":"https:\/\/www.sfveincenter.com\/es\/eliminacion-de-venas-vasculares-aranas\/#primaryimage"},"image":{"@id":"https:\/\/www.sfveincenter.com\/es\/eliminacion-de-venas-vasculares-aranas\/#primaryimage"},"thumbnailUrl":"https:\/\/www.sfveincenter.com\/wp-content\/uploads\/2024\/12\/spider-veins-up-close-300x300.jpg","datePublished":"2018-10-10T02:18:47+00:00","dateModified":"2025-01-01T01:00:24+00:00","description":"Las venas de la ara\u00f1a pueden ser una forma temprana de enfermedad de la vena. Las inyecciones de escleroterapia son el m\u00e9todo m\u00e1s popular para la eliminaci\u00f3n de las venas ara\u00f1a.","breadcrumb":{"@id":"https:\/\/www.sfveincenter.com\/es\/eliminacion-de-venas-vasculares-aranas\/#breadcrumb"},"inLanguage":"es","potentialAction":[{"@type":"ReadAction","target":["https:\/\/www.sfveincenter.com\/es\/eliminacion-de-venas-vasculares-aranas\/"]}]},{"@type":"ImageObject","inLanguage":"es","@id":"https:\/\/www.sfveincenter.com\/es\/eliminacion-de-venas-vasculares-aranas\/#primaryimage","url":"https:\/\/www.sfveincenter.com\/wp-content\/uploads\/2024\/12\/spider-veins-up-close-300x300.jpg","contentUrl":"https:\/\/www.sfveincenter.com\/wp-content\/uploads\/2024\/12\/spider-veins-up-close-300x300.jpg"},{"@type":"BreadcrumbList","@id":"https:\/\/www.sfveincenter.com\/es\/eliminacion-de-venas-vasculares-aranas\/#breadcrumb","itemListElement":[{"@type":"ListItem","position":1,"name":"Home","item":"https:\/\/www.sfveincenter.com\/es\/inicio-2\/"},{"@type":"ListItem","position":2,"name":"Ara\u00f1as vasculares"}]},{"@type":"WebSite","@id":"https:\/\/www.sfveincenter.com\/es\/#website","url":"https:\/\/www.sfveincenter.com\/es\/","name":"San Francisco Vein Doctor | Varicose &amp; Spider Vein Treatment","description":"","publisher":{"@id":"https:\/\/www.sfveincenter.com\/es\/#organization"},"potentialAction":[{"@type":"SearchAction","target":{"@type":"EntryPoint","urlTemplate":"https:\/\/www.sfveincenter.com\/es\/?s={search_term_string}"},"query-input":{"@type":"PropertyValueSpecification","valueRequired":true,"valueName":"search_term_string"}}],"inLanguage":"es"},{"@type":"Organization","@id":"https:\/\/www.sfveincenter.com\/es\/#organization","name":"San Francisco Vein Center - Melinda L Aquino MD","url":"https:\/\/www.sfveincenter.com\/es\/","logo":{"@type":"ImageObject","inLanguage":"es","@id":"https:\/\/www.sfveincenter.com\/es\/#\/schema\/logo\/image\/","url":"https:\/\/www.sfveincenter.com\/wp-content\/uploads\/2021\/02\/cropped-favicon-512x512-1-1.png","contentUrl":"https:\/\/www.sfveincenter.com\/wp-content\/uploads\/2021\/02\/cropped-favicon-512x512-1-1.png","width":512,"height":512,"caption":"San Francisco Vein Center - Melinda L Aquino MD"},"image":{"@id":"https:\/\/www.sfveincenter.com\/es\/#\/schema\/logo\/image\/"},"sameAs":["https:\/\/www.facebook.com\/sfveincenter","https:\/\/x.com\/sfveincenter","https:\/\/www.youtube.com\/channel\/UCH75q26Kq5lThH_Xptt8imQ","https:\/\/x.com\/SFVeinCenter"]}]}},"_links":{"self":[{"href":"https:\/\/www.sfveincenter.com\/es\/wp-json\/wp\/v2\/pages\/3023","targetHints":{"allow":["GET"]}}],"collection":[{"href":"https:\/\/www.sfveincenter.com\/es\/wp-json\/wp\/v2\/pages"}],"about":[{"href":"https:\/\/www.sfveincenter.com\/es\/wp-json\/wp\/v2\/types\/page"}],"author":[{"embeddable":true,"href":"https:\/\/www.sfveincenter.com\/es\/wp-json\/wp\/v2\/users\/5"}],"replies":[{"embeddable":true,"href":"https:\/\/www.sfveincenter.com\/es\/wp-json\/wp\/v2\/comments?post=3023"}],"version-history":[{"count":0,"href":"https:\/\/www.sfveincenter.com\/es\/wp-json\/wp\/v2\/pages\/3023\/revisions"}],"wp:attachment":[{"href":"https:\/\/www.sfveincenter.com\/es\/wp-json\/wp\/v2\/media?parent=3023"}],"curies":[{"name":"wp","href":"https:\/\/api.w.org\/{rel}","templated":true}]}}