{"id":3021,"date":"2018-10-09T19:15:45","date_gmt":"2018-10-10T02:15:45","guid":{"rendered":"http:\/\/54.70.23.198\/blog\/"},"modified":"2025-06-03T13:15:38","modified_gmt":"2025-06-03T20:15:38","slug":"blog","status":"publish","type":"page","link":"https:\/\/www.sfveincenter.com\/es\/blog\/","title":{"rendered":"Art\u00edculos del blog"},"content":{"rendered":"<p>[et_pb_section fb_built=\u00bb1&#8243; _builder_version=\u00bb4.27.4&#8243; _module_preset=\u00bbdefault\u00bb global_colors_info=\u00bb{}\u00bb][et_pb_row _builder_version=\u00bb4.27.4&#8243; _module_preset=\u00bbdefault\u00bb global_colors_info=\u00bb{}\u00bb][et_pb_column type=\u00bb4_4&#8243; _builder_version=\u00bb4.27.4&#8243; _module_preset=\u00bbdefault\u00bb global_colors_info=\u00bb{}\u00bb][et_pb_text _builder_version=\u00bb4.27.4&#8243; text_font=\u00bb||||||||\u00bb hover_enabled=\u00bb0&#8243; global_colors_info=\u00bb{}\u00bb sticky_enabled=\u00bb0&#8243;]<\/p>\n<h1 style=\"text-align: center;\">San Francisco Vein Center Debates sobre la salud de las venas<\/h1>\n<p>[\/et_pb_text][et_pb_blog posts_number=\u00bb25&#8243; include_categories=\u00bb40&#8243; show_more=\u00bbon\u00bb show_categories=\u00bboff\u00bb module_id=\u00bbblog_page\u00bb _builder_version=\u00bb4.27.4&#8243; header_font=\u00bb|||on|||||\u00bb body_font=\u00bb|300|||||||\u00bb body_font_size=\u00bb18&#8243; text_orientation=\u00bbleft\u00bb global_colors_info=\u00bb{}\u00bb][\/et_pb_blog][\/et_pb_column][\/et_pb_row][\/et_pb_section]<\/p>\n","protected":false},"excerpt":{"rendered":"<p>San Francisco Vein Center Debates sobre la salud de las venas<\/p>\n","protected":false},"author":5,"featured_media":0,"parent":0,"menu_order":0,"comment_status":"closed","ping_status":"closed","template":"","meta":{"_et_pb_use_builder":"on","_et_pb_old_content":"","_et_gb_content_width":"","footnotes":"","_links_to":"","_links_to_target":""},"class_list":["post-3021","page","type-page","status-publish","hentry"],"yoast_head":"<!-- This site is optimized with the Yoast SEO Premium plugin v27.0 (Yoast SEO v27.0) - https:\/\/yoast.com\/product\/yoast-seo-premium-wordpress\/ -->\n<title>Art\u00edculos del blog sobre varices y ara\u00f1as vasculares<\/title>\n<meta name=\"description\" content=\"Art\u00edculos escritos por el San Francisco Vein Center sobre varices y ara\u00f1as vasculares y temas de cirug\u00eda vascular.\" \/>\n<meta name=\"robots\" content=\"index, follow, max-snippet:-1, max-image-preview:large, max-video-preview:-1\" \/>\n<link rel=\"canonical\" href=\"https:\/\/www.sfveincenter.com\/es\/blog\/\" \/>\n<meta property=\"og:locale\" content=\"es_ES\" \/>\n<meta property=\"og:type\" content=\"article\" \/>\n<meta property=\"og:title\" content=\"Art\u00edculos del blog\" \/>\n<meta property=\"og:description\" content=\"Art\u00edculos escritos por el San Francisco Vein Center sobre varices y ara\u00f1as vasculares y temas de cirug\u00eda vascular.\" \/>\n<meta property=\"og:url\" content=\"https:\/\/www.sfveincenter.com\/es\/blog\/\" \/>\n<meta property=\"og:site_name\" content=\"San Francisco Vein Doctor | Varicose &amp; Spider Vein Treatment\" \/>\n<meta property=\"article:publisher\" content=\"https:\/\/www.facebook.com\/sfveincenter\" \/>\n<meta property=\"article:modified_time\" content=\"2025-06-03T20:15:38+00:00\" \/>\n<meta name=\"twitter:card\" content=\"summary_large_image\" \/>\n<meta name=\"twitter:site\" content=\"@sfveincenter\" \/>\n<meta name=\"twitter:label1\" content=\"Tiempo de lectura\" \/>\n\t<meta name=\"twitter:data1\" content=\"10 minutos\" \/>\n<script type=\"application\/ld+json\" class=\"yoast-schema-graph\">{\"@context\":\"https:\/\/schema.org\",\"@graph\":[{\"@type\":\"WebPage\",\"@id\":\"https:\/\/www.sfveincenter.com\/es\/blog\/\",\"url\":\"https:\/\/www.sfveincenter.com\/es\/blog\/\",\"name\":\"Art\u00edculos del blog sobre varices y ara\u00f1as vasculares\",\"isPartOf\":{\"@id\":\"https:\/\/www.sfveincenter.com\/es\/#website\"},\"datePublished\":\"2018-10-10T02:15:45+00:00\",\"dateModified\":\"2025-06-03T20:15:38+00:00\",\"description\":\"Art\u00edculos escritos por el San Francisco Vein Center sobre varices y ara\u00f1as vasculares y temas de cirug\u00eda vascular.\",\"breadcrumb\":{\"@id\":\"https:\/\/www.sfveincenter.com\/es\/blog\/#breadcrumb\"},\"inLanguage\":\"es\",\"potentialAction\":[{\"@type\":\"ReadAction\",\"target\":[\"https:\/\/www.sfveincenter.com\/es\/blog\/\"]}]},{\"@type\":\"BreadcrumbList\",\"@id\":\"https:\/\/www.sfveincenter.com\/es\/blog\/#breadcrumb\",\"itemListElement\":[{\"@type\":\"ListItem\",\"position\":1,\"name\":\"Home\",\"item\":\"https:\/\/www.sfveincenter.com\/es\/inicio-2\/\"},{\"@type\":\"ListItem\",\"position\":2,\"name\":\"Art\u00edculos del blog\"}]},{\"@type\":\"WebSite\",\"@id\":\"https:\/\/www.sfveincenter.com\/es\/#website\",\"url\":\"https:\/\/www.sfveincenter.com\/es\/\",\"name\":\"San Francisco Vein Doctor | Varicose &amp; Spider Vein Treatment\",\"description\":\"\",\"publisher\":{\"@id\":\"https:\/\/www.sfveincenter.com\/es\/#organization\"},\"potentialAction\":[{\"@type\":\"SearchAction\",\"target\":{\"@type\":\"EntryPoint\",\"urlTemplate\":\"https:\/\/www.sfveincenter.com\/es\/?s={search_term_string}\"},\"query-input\":{\"@type\":\"PropertyValueSpecification\",\"valueRequired\":true,\"valueName\":\"search_term_string\"}}],\"inLanguage\":\"es\"},{\"@type\":\"Organization\",\"@id\":\"https:\/\/www.sfveincenter.com\/es\/#organization\",\"name\":\"San Francisco Vein Center - Melinda L Aquino MD\",\"url\":\"https:\/\/www.sfveincenter.com\/es\/\",\"logo\":{\"@type\":\"ImageObject\",\"inLanguage\":\"es\",\"@id\":\"https:\/\/www.sfveincenter.com\/es\/#\/schema\/logo\/image\/\",\"url\":\"https:\/\/www.sfveincenter.com\/wp-content\/uploads\/2021\/02\/cropped-favicon-512x512-1-1.png\",\"contentUrl\":\"https:\/\/www.sfveincenter.com\/wp-content\/uploads\/2021\/02\/cropped-favicon-512x512-1-1.png\",\"width\":512,\"height\":512,\"caption\":\"San Francisco Vein Center - Melinda L Aquino MD\"},\"image\":{\"@id\":\"https:\/\/www.sfveincenter.com\/es\/#\/schema\/logo\/image\/\"},\"sameAs\":[\"https:\/\/www.facebook.com\/sfveincenter\",\"https:\/\/x.com\/sfveincenter\",\"https:\/\/www.youtube.com\/channel\/UCH75q26Kq5lThH_Xptt8imQ\",\"https:\/\/x.com\/SFVeinCenter\"]}]}<\/script>\n<!-- \/ Yoast SEO Premium plugin. -->","yoast_head_json":{"title":"Art\u00edculos del blog sobre varices y ara\u00f1as vasculares","description":"Art\u00edculos escritos por el San Francisco Vein Center sobre varices y ara\u00f1as vasculares y temas de cirug\u00eda vascular.","robots":{"index":"index","follow":"follow","max-snippet":"max-snippet:-1","max-image-preview":"max-image-preview:large","max-video-preview":"max-video-preview:-1"},"canonical":"https:\/\/www.sfveincenter.com\/es\/blog\/","og_locale":"es_ES","og_type":"article","og_title":"Art\u00edculos del blog","og_description":"Art\u00edculos escritos por el San Francisco Vein Center sobre varices y ara\u00f1as vasculares y temas de cirug\u00eda vascular.","og_url":"https:\/\/www.sfveincenter.com\/es\/blog\/","og_site_name":"San Francisco Vein Doctor | Varicose &amp; Spider Vein Treatment","article_publisher":"https:\/\/www.facebook.com\/sfveincenter","article_modified_time":"2025-06-03T20:15:38+00:00","twitter_card":"summary_large_image","twitter_site":"@sfveincenter","twitter_misc":{"Tiempo de lectura":"10 minutos"},"schema":{"@context":"https:\/\/schema.org","@graph":[{"@type":"WebPage","@id":"https:\/\/www.sfveincenter.com\/es\/blog\/","url":"https:\/\/www.sfveincenter.com\/es\/blog\/","name":"Art\u00edculos del blog sobre varices y ara\u00f1as vasculares","isPartOf":{"@id":"https:\/\/www.sfveincenter.com\/es\/#website"},"datePublished":"2018-10-10T02:15:45+00:00","dateModified":"2025-06-03T20:15:38+00:00","description":"Art\u00edculos escritos por el San Francisco Vein Center sobre varices y ara\u00f1as vasculares y temas de cirug\u00eda vascular.","breadcrumb":{"@id":"https:\/\/www.sfveincenter.com\/es\/blog\/#breadcrumb"},"inLanguage":"es","potentialAction":[{"@type":"ReadAction","target":["https:\/\/www.sfveincenter.com\/es\/blog\/"]}]},{"@type":"BreadcrumbList","@id":"https:\/\/www.sfveincenter.com\/es\/blog\/#breadcrumb","itemListElement":[{"@type":"ListItem","position":1,"name":"Home","item":"https:\/\/www.sfveincenter.com\/es\/inicio-2\/"},{"@type":"ListItem","position":2,"name":"Art\u00edculos del blog"}]},{"@type":"WebSite","@id":"https:\/\/www.sfveincenter.com\/es\/#website","url":"https:\/\/www.sfveincenter.com\/es\/","name":"San Francisco Vein Doctor | Varicose &amp; Spider Vein Treatment","description":"","publisher":{"@id":"https:\/\/www.sfveincenter.com\/es\/#organization"},"potentialAction":[{"@type":"SearchAction","target":{"@type":"EntryPoint","urlTemplate":"https:\/\/www.sfveincenter.com\/es\/?s={search_term_string}"},"query-input":{"@type":"PropertyValueSpecification","valueRequired":true,"valueName":"search_term_string"}}],"inLanguage":"es"},{"@type":"Organization","@id":"https:\/\/www.sfveincenter.com\/es\/#organization","name":"San Francisco Vein Center - Melinda L Aquino MD","url":"https:\/\/www.sfveincenter.com\/es\/","logo":{"@type":"ImageObject","inLanguage":"es","@id":"https:\/\/www.sfveincenter.com\/es\/#\/schema\/logo\/image\/","url":"https:\/\/www.sfveincenter.com\/wp-content\/uploads\/2021\/02\/cropped-favicon-512x512-1-1.png","contentUrl":"https:\/\/www.sfveincenter.com\/wp-content\/uploads\/2021\/02\/cropped-favicon-512x512-1-1.png","width":512,"height":512,"caption":"San Francisco Vein Center - Melinda L Aquino MD"},"image":{"@id":"https:\/\/www.sfveincenter.com\/es\/#\/schema\/logo\/image\/"},"sameAs":["https:\/\/www.facebook.com\/sfveincenter","https:\/\/x.com\/sfveincenter","https:\/\/www.youtube.com\/channel\/UCH75q26Kq5lThH_Xptt8imQ","https:\/\/x.com\/SFVeinCenter"]}]}},"_links":{"self":[{"href":"https:\/\/www.sfveincenter.com\/es\/wp-json\/wp\/v2\/pages\/3021","targetHints":{"allow":["GET"]}}],"collection":[{"href":"https:\/\/www.sfveincenter.com\/es\/wp-json\/wp\/v2\/pages"}],"about":[{"href":"https:\/\/www.sfveincenter.com\/es\/wp-json\/wp\/v2\/types\/page"}],"author":[{"embeddable":true,"href":"https:\/\/www.sfveincenter.com\/es\/wp-json\/wp\/v2\/users\/5"}],"replies":[{"embeddable":true,"href":"https:\/\/www.sfveincenter.com\/es\/wp-json\/wp\/v2\/comments?post=3021"}],"version-history":[{"count":0,"href":"https:\/\/www.sfveincenter.com\/es\/wp-json\/wp\/v2\/pages\/3021\/revisions"}],"wp:attachment":[{"href":"https:\/\/www.sfveincenter.com\/es\/wp-json\/wp\/v2\/media?parent=3021"}],"curies":[{"name":"wp","href":"https:\/\/api.w.org\/{rel}","templated":true}]}}